{"id":179,"date":"2025-08-14T08:31:52","date_gmt":"2025-08-14T08:31:52","guid":{"rendered":"https:\/\/actiproct.com\/be\/?page_id=179"},"modified":"2025-11-24T10:28:40","modified_gmt":"2025-11-24T10:28:40","slug":"faq","status":"publish","type":"page","link":"https:\/\/actiproct.com\/be\/fr\/faq\/","title":{"rendered":"FAQ"},"content":{"rendered":"\n<div class=\"wp-block-karopharma-free-text pt-large pb-large bg-center bg-cover bg-no-repeat bg-box undefined is-style-transparent\" style=\"background-image:url(https:\/\/actiproct.com\/cdn-cgi\/image\/format=auto\/app\/uploads\/sites\/7\/2025\/08\/background-faq.jpg)\"><div class=\"free-text-wrapper container max-w-small text-center\">\n<h1 class=\"wp-block-heading is-style-heading-huge\" id=\"faq\">FAQ<\/h1>\n<\/div><\/div>\n\n\n\n<div class=\"wp-block-karopharma-accordions\"><div class=\"container\">\n<details class=\"wp-block-karopharma-accordion\"><summary><h2 class=\"accordion-title\">Que sont les h\u00e9morro\u00efdes ?<\/h2><\/summary><div class=\"accordion-content\">\n<p>Tout le monde a des coussinets h\u00e9morro\u00efdaires, des structures vasculaires situ\u00e9es dans le canal anal. Ces coussinets se gonflent pour assurer une bonne fermeture de l\u2019anus. Ils peuvent toutefois poser probl\u00e8me lorsqu\u2019ils se dilatent ou s\u2019enflamment. Cela se produit lorsque les vaisseaux sanguins du tissu h\u00e9morro\u00efdaire gonflent en raison de la pression excessive exerc\u00e9e sur le tissu affaibli, par exemple en raison d\u2019effort lors de la d\u00e9f\u00e9cation. Les facteurs contributifs sont l\u2019ob\u00e9sit\u00e9, l\u2019alimentation, un transit intestinal irr\u00e9gulier (constipation ou diarrh\u00e9e), la grossesse et les rapports anaux. Il existe deux types d\u2019h\u00e9morro\u00efdes : les h\u00e9morro\u00efdes internes qui se trouvent \u00e0 l\u2019int\u00e9rieur de l\u2019anus et les h\u00e9morro\u00efdes externes qui d\u00e9passent en dehors de l\u2019anus.<\/p>\n<\/div><\/details>\n\n\n\n<details class=\"wp-block-karopharma-accordion\"><summary><h2 class=\"accordion-title\">Quels sont les types d\u2019h\u00e9morro\u00efdes ?<\/h2><\/summary><div class=\"accordion-content\">\n<p>Il existe deux types d\u2019h\u00e9morro\u00efdes : les h\u00e9morro\u00efdes internes, situ\u00e9es \u00e0 l\u2019int\u00e9rieur de l\u2019anus, et les h\u00e9morro\u00efdes externes, qui font saillie \u00e0 l\u2019ext\u00e9rieur de l\u2019anus. Les h\u00e9morro\u00efdes internes gonfl\u00e9es ou enflamm\u00e9es sont g\u00e9n\u00e9ralement moins douloureuses, tandis que les h\u00e9morro\u00efdes externes causent des probl\u00e8mes plus manifestes. Tous deux doivent \u00eatre trait\u00e9s. Bien que les h\u00e9morro\u00efdes en elles-m\u00eames ne soient pas dangereuses ni mortelles, des h\u00e9morro\u00efdes infect\u00e9es peuvent causer de graves complications.<\/p>\n<\/div><\/details>\n\n\n\n<details class=\"wp-block-karopharma-accordion\"><summary><h2 class=\"accordion-title\">Quels sont les sympt\u00f4mes des h\u00e9morro\u00efdes ?<\/h2><\/summary><div class=\"accordion-content\">\n<p>Vous avez peut-\u00eatre d\u00e9velopp\u00e9 des h\u00e9morro\u00efdes si vous pr\u00e9sentez les sympt\u00f4mes suivants : sang dans les selles ou la cuvette des toilettes, sang sur le papier toilette, d\u00e9f\u00e9cation incompl\u00e8te et douloureuse, d\u00e9mangeaison et\/ou irritation dans ou \u00e0 proximit\u00e9 de l\u2019anus, grosseur douloureuse \u00e0 l\u2019int\u00e9rieur ou \u00e0 proximit\u00e9 de l\u2019anus ou douleur en position assise. Nous vous sugg\u00e9rons de consulter votre m\u00e9decin g\u00e9n\u00e9raliste si vous n\u2019\u00eates pas s\u00fbr(e) que vos sympt\u00f4mes sont dus \u00e0 des h\u00e9morro\u00efdes. Un saignement et une douleur au niveau du rectum peuvent \u00eatre les sympt\u00f4mes d\u2019une maladie plus grave. Beaucoup de personnes sont g\u00ean\u00e9es lorsqu\u2019elles rencontrent ce probl\u00e8me et ne consultent un m\u00e9decin que lorsque l\u2019affection est avanc\u00e9e.<\/p>\n<\/div><\/details>\n\n\n\n<details class=\"wp-block-karopharma-accordion\"><summary><h2 class=\"accordion-title\">Comment puis-je pr\u00e9venir les h\u00e9morro\u00efdes ?<\/h2><\/summary><div class=\"accordion-content\">\n<p>Le meilleur moyen de pr\u00e9venir les h\u00e9morro\u00efdes et leur r\u00e9apparition, est un mode de vie sain qui allie alimentation saine (riche en fibres) et activit\u00e9 physique, de bonnes habitudes aux toilettes et une bonne hygi\u00e8ne personnelle.<\/p>\n\n\n\n<p>Alimentation : augmentez votre apport en fibres. Mangez suffisamment de c\u00e9r\u00e9ales, fruits et l\u00e9gumes et buvez beaucoup (l\u2019alcool, \u00e0 \u00e9viter, ne compte pas) : la dose recommand\u00e9e est 1,5-2 litres par jour.<\/p>\n\n\n\n<p>Activit\u00e9 physique : faites de l\u2019activit\u00e9 physique tous les jours et visez un poids sain, car l\u2019ob\u00e9sit\u00e9 peut augmenter le risque d\u2019h\u00e9morro\u00efdes.<\/p>\n\n\n\n<p>Habitudes aux toilettes : \u00e9vitez les efforts excessifs lors de la d\u00e9f\u00e9cation et les laxatifs, car ils peuvent aggraver les h\u00e9morro\u00efdes. Restez le moins de temps possible aux toilettes, sans toutefois pr\u00e9cipiter vos besoins naturels. Allez r\u00e9guli\u00e8rement aux toilettes et ne vous retenez pas. Cela peut entra\u00eene de la constipation, ce qui vous obligerait \u00e0 exercer une plus grande pression.<\/p>\n\n\n\n<p>Hygi\u00e8ne personnelle : essuyez doucement et soigneusement la r\u00e9gion anale avec du papier toilette, de l\u2019avant vers l\u2019arri\u00e8re, apr\u00e8s chaque d\u00e9f\u00e9cation. Vous pouvez \u00e9galement utiliser des lingettes humides pour adulte ou pour b\u00e9b\u00e9.<\/p>\n<\/div><\/details>\n\n\n\n<details class=\"wp-block-karopharma-accordion\"><summary><h2 class=\"accordion-title\">Comment puis-je att\u00e9nuer les douleurs et les d\u00e9mangeaisons ?<\/h2><\/summary><div class=\"accordion-content\">\n<p>Le secret consiste \u00e0 associer hygi\u00e8ne et traitement topique.<\/p>\n\n\n\n<p>Hygi\u00e8ne : essuyez-vous en douceur apr\u00e8s chaque d\u00e9f\u00e9cation afin de ne pas endommager le tissu h\u00e9morro\u00efdaire. Nettoyez r\u00e9guli\u00e8rement la zone anale \u00e0 l\u2019eau (sans utiliser de savon ni d\u2019agents parfum\u00e9s). \u00c9vitez de gratter, car cela pourrait endommager la peau et aggraver la situation. Repoussez doucement la ou les h\u00e9morro\u00efdes molles \u00e0 l\u2019int\u00e9rieur.<\/p>\n\n\n\n<p>Traitement : utilisez ActiProct Gel ou Spray pour traiter (et pr\u00e9venir) la g\u00eane anale et les h\u00e9morro\u00efdes.<\/p>\n<\/div><\/details>\n\n\n\n<details class=\"wp-block-karopharma-accordion\"><summary><h2 class=\"accordion-title\">Qui peut souffrir d\u2019h\u00e9morro\u00efdes ?<\/h2><\/summary><div class=\"accordion-content\">\n<p>Les h\u00e9morro\u00efdes touchent environ 50 pour cent de la population et semblent toucher hommes et femmes de la m\u00eame mani\u00e8re. Vos risques de d\u00e9velopper des h\u00e9morro\u00efdes peuvent augmenter en cas de transit intestinal irr\u00e9gulier, constipation ou diarrh\u00e9e, pour des raisons g\u00e9n\u00e9tiques, en raison d\u2019un manque d\u2019exercice physique, d\u2019une alimentation pauvre en fibres, pendant la grossesse et l\u2019accouchement, en cas d\u2019ob\u00e9sit\u00e9, avec l\u2019\u00e2ge, en cas de position assise prolong\u00e9e et de rapports anaux.<\/p>\n<\/div><\/details>\n\n\n\n<details class=\"wp-block-karopharma-accordion\"><summary><h2 class=\"accordion-title\">Les h\u00e9morro\u00efdes sont-elles contagieuses ?<\/h2><\/summary><div class=\"accordion-content\">\n<p>Non, les h\u00e9morro\u00efdes ne sont pas contagieuses. En revanche, les facteurs g\u00e9n\u00e9tiques jouent un r\u00f4le. Si des membres de votre famille souffrent d\u2019h\u00e9morro\u00efdes, les risques d\u2019en d\u00e9velopper sont plus importants.<\/p>\n<\/div><\/details>\n\n\n\n<details class=\"wp-block-karopharma-accordion\"><summary><h2 class=\"accordion-title\">Que faire si je pense avoir des h\u00e9morro\u00efdes ?<\/h2><\/summary><div class=\"accordion-content\">\n<p>Les h\u00e9morro\u00efdes sont g\u00e9n\u00e9ralement tr\u00e8s g\u00eanantes, mais ne sont pas dangereuses et ne mettent pas la vie en danger. Les sympt\u00f4mes des h\u00e9morro\u00efdes peuvent dispara\u00eetre apr\u00e8s quelques jours, mais ils finissent par revenir, souvent sous une forme accentu\u00e9e. Utilisez ActiProct Gel ou ActiProct Spray pour soulager rapidement les h\u00e9morro\u00efdes et la g\u00eane anale. Consultez votre m\u00e9decin si vous avez de la fi\u00e8vre, ressentez une douleur aigu\u00eb soudaine autour de l\u2019anus ou observez un saignement excessif lors de la d\u00e9f\u00e9cation.<\/p>\n<\/div><\/details>\n\n\n\n<details class=\"wp-block-karopharma-accordion\"><summary><h2 class=\"accordion-title\">Quelle est la diff\u00e9rence entre les produits ActiProct ?<\/h2><\/summary><div class=\"accordion-content\">\n<p>La gamme de produits r\u00e9volutionnaires ActiProct soulage rapidement les h\u00e9morro\u00efdes, fissures et g\u00eanes anales telles que sensibilit\u00e9 et d\u00e9mangeaison. ActiProct Spray et ActiProct Gel contiennent un ingr\u00e9dient brevet\u00e9, le complexe 2QR, qui favorise la cicatrisation naturelle en cr\u00e9ant une barri\u00e8re physique contre les bact\u00e9ries nocives.<\/p>\n\n\n\n<p><a href=\"https:\/\/actiproct.com\/be\/fr\/produit\/actiproct-gel-can\/\">ActiProct Gel<\/a> peut \u00eatre appliqu\u00e9 sur les h\u00e9morro\u00efdes internes et externes et soulage les g\u00eanes anales.<\/p>\n\n\n\n<p><a href=\"https:\/\/actiproct.com\/be\/fr\/produit\/actiproct-spray\/\">ActiProct Spray<\/a> est une lotion en spray qui permet une application sans contact sur les h\u00e9morro\u00efdes externes.<\/p>\n<\/div><\/details>\n\n\n\n<details class=\"wp-block-karopharma-accordion\"><summary><h2 class=\"accordion-title\">Puis-je utiliser les produits ActiProct pendant la grossesse et l\u2019allaitement ?<\/h2><\/summary><div class=\"accordion-content\">\n<p>ActiProct est un traitement adapt\u00e9 pendant la grossesse ou l\u2019allaitement. Toutefois, il est important de consulter syst\u00e9matiquement votre m\u00e9decin, sage-femme ou pharmacien avant de prendre un m\u00e9dicament.<\/p>\n<\/div><\/details>\n\n\n\n<details class=\"wp-block-karopharma-accordion\"><summary><h2 class=\"accordion-title\">Comment puis-je nettoyer l\u2019applicateur d\u2019ActiProct Gel ?<\/h2><\/summary><div class=\"accordion-content\">\n<p>Le meilleur moyen de garantir que les applicateurs de ces produits restent propres et hygi\u00e9niques est de les laver \u00e0 l\u2019eau chaude apr\u00e8s chaque utilisation. Vous pouvez utiliser du savon pour nettoyer l\u2019applicateur ou le tube afin de garantir une propret\u00e9 optimale (mais rincez-le soigneusement, car un contact entre la zone affect\u00e9e et du savon ou un autre agent parfum\u00e9 pourrait causer une irritation). N\u2019utilisez pas d\u2019eau bouillante sur les applicateurs, car ils risqueraient de se d\u00e9former.<\/p>\n<\/div><\/details>\n\n\n\n<details class=\"wp-block-karopharma-accordion\"><summary><h2 class=\"accordion-title\">De quelle couleur est le gel ?<\/h2><\/summary><div class=\"accordion-content\">\n<p>La couleur du gel peut varier de transparente\/jaune claire \u00e0 brun en raison de l\u2019utilisation d\u2019ingr\u00e9dients naturels. Cela n\u2019affecte en rien l\u2019efficacit\u00e9 ni la s\u00e9curit\u00e9 d\u2019ActiProct Gel.<\/p>\n<\/div><\/details>\n<\/div><\/div>\n","protected":false},"excerpt":{"rendered":"","protected":false},"author":2,"featured_media":0,"parent":0,"menu_order":0,"comment_status":"closed","ping_status":"closed","template":"","meta":{"_acf_changed":false,"footnotes":""},"from-article-database":[],"class_list":["post-179","page","type-page","status-publish","hentry"],"acf":[],"yoast_head":"<!-- This site is optimized with the Yoast SEO plugin v26.6 - https:\/\/yoast.com\/wordpress\/plugins\/seo\/ -->\n<title>FAQ - Actiproct<\/title>\n<meta name=\"description\" content=\"Que sont les h\u00e9morro\u00efdes ? Quels sont les types d\u2019h\u00e9morro\u00efdes ? Quels sont les sympt\u00f4mes des h\u00e9morro\u00efdes ? Comment puis-je pr\u00e9venir les h\u00e9morro\u00efdes ?\" \/>\n<meta name=\"robots\" content=\"index, follow, max-snippet:-1, max-image-preview:large, max-video-preview:-1\" \/>\n<link rel=\"canonical\" href=\"https:\/\/actiproct.com\/be\/fr\/faq\/\" \/>\n<meta property=\"og:locale\" content=\"fr_FR\" \/>\n<meta property=\"og:type\" content=\"article\" \/>\n<meta property=\"og:title\" content=\"FAQ - Actiproct\" \/>\n<meta property=\"og:description\" content=\"Que sont les h\u00e9morro\u00efdes ? Quels sont les types d\u2019h\u00e9morro\u00efdes ? Quels sont les sympt\u00f4mes des h\u00e9morro\u00efdes ? Comment puis-je pr\u00e9venir les h\u00e9morro\u00efdes ?\" \/>\n<meta property=\"og:url\" content=\"https:\/\/actiproct.com\/be\/fr\/faq\/\" \/>\n<meta property=\"og:site_name\" content=\"Actiproct\" \/>\n<meta property=\"article:modified_time\" content=\"2025-11-24T10:28:40+00:00\" \/>\n<meta name=\"twitter:card\" content=\"summary_large_image\" \/>\n<meta name=\"twitter:label1\" content=\"Dur\u00e9e de lecture estim\u00e9e\" \/>\n\t<meta name=\"twitter:data1\" content=\"5 minutes\" \/>\n<script type=\"application\/ld+json\" class=\"yoast-schema-graph\">{\"@context\":\"https:\/\/schema.org\",\"@graph\":[{\"@type\":\"WebPage\",\"@id\":\"https:\/\/actiproct.com\/be\/fr\/faq\/\",\"url\":\"https:\/\/actiproct.com\/be\/fr\/faq\/\",\"name\":\"FAQ - Actiproct\",\"isPartOf\":{\"@id\":\"https:\/\/actiproct.com\/be\/fr\/#website\"},\"datePublished\":\"2025-08-14T08:31:52+00:00\",\"dateModified\":\"2025-11-24T10:28:40+00:00\",\"description\":\"Que sont les h\u00e9morro\u00efdes ? Quels sont les types d\u2019h\u00e9morro\u00efdes ? Quels sont les sympt\u00f4mes des h\u00e9morro\u00efdes ? Comment puis-je pr\u00e9venir les h\u00e9morro\u00efdes ?\",\"breadcrumb\":{\"@id\":\"https:\/\/actiproct.com\/be\/fr\/faq\/#breadcrumb\"},\"inLanguage\":\"fr-FR\",\"potentialAction\":[{\"@type\":\"ReadAction\",\"target\":[\"https:\/\/actiproct.com\/be\/fr\/faq\/\"]}]},{\"@type\":\"BreadcrumbList\",\"@id\":\"https:\/\/actiproct.com\/be\/fr\/faq\/#breadcrumb\",\"itemListElement\":[{\"@type\":\"ListItem\",\"position\":1,\"name\":\"Home\",\"item\":\"https:\/\/actiproct.com\/be\/fr\/\"},{\"@type\":\"ListItem\",\"position\":2,\"name\":\"FAQ\"}]},{\"@type\":\"WebSite\",\"@id\":\"https:\/\/actiproct.com\/be\/fr\/#website\",\"url\":\"https:\/\/actiproct.com\/be\/fr\/\",\"name\":\"Actiproct\",\"description\":\"\",\"publisher\":{\"@id\":\"https:\/\/actiproct.com\/be\/fr\/#organization\"},\"potentialAction\":[{\"@type\":\"SearchAction\",\"target\":{\"@type\":\"EntryPoint\",\"urlTemplate\":\"https:\/\/actiproct.com\/be\/fr\/?s={search_term_string}\"},\"query-input\":{\"@type\":\"PropertyValueSpecification\",\"valueRequired\":true,\"valueName\":\"search_term_string\"}}],\"inLanguage\":\"fr-FR\"},{\"@type\":\"Organization\",\"@id\":\"https:\/\/actiproct.com\/be\/fr\/#organization\",\"name\":\"Actiproct\",\"url\":\"https:\/\/actiproct.com\/be\/fr\/\",\"logo\":{\"@type\":\"ImageObject\",\"inLanguage\":\"fr-FR\",\"@id\":\"https:\/\/actiproct.com\/be\/fr\/#\/schema\/logo\/image\/\",\"url\":\"https:\/\/actiproct.com\/app\/uploads\/sites\/7\/2025\/08\/Actiproct-logo.png\",\"contentUrl\":\"https:\/\/actiproct.com\/app\/uploads\/sites\/7\/2025\/08\/Actiproct-logo.png\",\"width\":233,\"height\":101,\"caption\":\"Actiproct\"},\"image\":{\"@id\":\"https:\/\/actiproct.com\/be\/fr\/#\/schema\/logo\/image\/\"}}]}<\/script>\n<!-- \/ Yoast SEO plugin. -->","yoast_head_json":{"title":"FAQ - Actiproct","description":"Que sont les h\u00e9morro\u00efdes ? Quels sont les types d\u2019h\u00e9morro\u00efdes ? Quels sont les sympt\u00f4mes des h\u00e9morro\u00efdes ? Comment puis-je pr\u00e9venir les h\u00e9morro\u00efdes ?","robots":{"index":"index","follow":"follow","max-snippet":"max-snippet:-1","max-image-preview":"max-image-preview:large","max-video-preview":"max-video-preview:-1"},"canonical":"https:\/\/actiproct.com\/be\/fr\/faq\/","og_locale":"fr_FR","og_type":"article","og_title":"FAQ - Actiproct","og_description":"Que sont les h\u00e9morro\u00efdes ? Quels sont les types d\u2019h\u00e9morro\u00efdes ? Quels sont les sympt\u00f4mes des h\u00e9morro\u00efdes ? Comment puis-je pr\u00e9venir les h\u00e9morro\u00efdes ?","og_url":"https:\/\/actiproct.com\/be\/fr\/faq\/","og_site_name":"Actiproct","article_modified_time":"2025-11-24T10:28:40+00:00","twitter_card":"summary_large_image","twitter_misc":{"Dur\u00e9e de lecture estim\u00e9e":"5 minutes"},"schema":{"@context":"https:\/\/schema.org","@graph":[{"@type":"WebPage","@id":"https:\/\/actiproct.com\/be\/fr\/faq\/","url":"https:\/\/actiproct.com\/be\/fr\/faq\/","name":"FAQ - Actiproct","isPartOf":{"@id":"https:\/\/actiproct.com\/be\/fr\/#website"},"datePublished":"2025-08-14T08:31:52+00:00","dateModified":"2025-11-24T10:28:40+00:00","description":"Que sont les h\u00e9morro\u00efdes ? Quels sont les types d\u2019h\u00e9morro\u00efdes ? Quels sont les sympt\u00f4mes des h\u00e9morro\u00efdes ? Comment puis-je pr\u00e9venir les h\u00e9morro\u00efdes ?","breadcrumb":{"@id":"https:\/\/actiproct.com\/be\/fr\/faq\/#breadcrumb"},"inLanguage":"fr-FR","potentialAction":[{"@type":"ReadAction","target":["https:\/\/actiproct.com\/be\/fr\/faq\/"]}]},{"@type":"BreadcrumbList","@id":"https:\/\/actiproct.com\/be\/fr\/faq\/#breadcrumb","itemListElement":[{"@type":"ListItem","position":1,"name":"Home","item":"https:\/\/actiproct.com\/be\/fr\/"},{"@type":"ListItem","position":2,"name":"FAQ"}]},{"@type":"WebSite","@id":"https:\/\/actiproct.com\/be\/fr\/#website","url":"https:\/\/actiproct.com\/be\/fr\/","name":"Actiproct","description":"","publisher":{"@id":"https:\/\/actiproct.com\/be\/fr\/#organization"},"potentialAction":[{"@type":"SearchAction","target":{"@type":"EntryPoint","urlTemplate":"https:\/\/actiproct.com\/be\/fr\/?s={search_term_string}"},"query-input":{"@type":"PropertyValueSpecification","valueRequired":true,"valueName":"search_term_string"}}],"inLanguage":"fr-FR"},{"@type":"Organization","@id":"https:\/\/actiproct.com\/be\/fr\/#organization","name":"Actiproct","url":"https:\/\/actiproct.com\/be\/fr\/","logo":{"@type":"ImageObject","inLanguage":"fr-FR","@id":"https:\/\/actiproct.com\/be\/fr\/#\/schema\/logo\/image\/","url":"https:\/\/actiproct.com\/app\/uploads\/sites\/7\/2025\/08\/Actiproct-logo.png","contentUrl":"https:\/\/actiproct.com\/app\/uploads\/sites\/7\/2025\/08\/Actiproct-logo.png","width":233,"height":101,"caption":"Actiproct"},"image":{"@id":"https:\/\/actiproct.com\/be\/fr\/#\/schema\/logo\/image\/"}}]}},"_links":{"self":[{"href":"https:\/\/actiproct.com\/be\/fr\/wp-json\/wp\/v2\/pages\/179","targetHints":{"allow":["GET"]}}],"collection":[{"href":"https:\/\/actiproct.com\/be\/fr\/wp-json\/wp\/v2\/pages"}],"about":[{"href":"https:\/\/actiproct.com\/be\/fr\/wp-json\/wp\/v2\/types\/page"}],"author":[{"embeddable":true,"href":"https:\/\/actiproct.com\/be\/fr\/wp-json\/wp\/v2\/users\/2"}],"replies":[{"embeddable":true,"href":"https:\/\/actiproct.com\/be\/fr\/wp-json\/wp\/v2\/comments?post=179"}],"version-history":[{"count":4,"href":"https:\/\/actiproct.com\/be\/fr\/wp-json\/wp\/v2\/pages\/179\/revisions"}],"predecessor-version":[{"id":293,"href":"https:\/\/actiproct.com\/be\/fr\/wp-json\/wp\/v2\/pages\/179\/revisions\/293"}],"wp:attachment":[{"href":"https:\/\/actiproct.com\/be\/fr\/wp-json\/wp\/v2\/media?parent=179"}],"wp:term":[{"taxonomy":"from-article-database","embeddable":true,"href":"https:\/\/actiproct.com\/be\/fr\/wp-json\/wp\/v2\/from-article-database?post=179"}],"curies":[{"name":"wp","href":"https:\/\/api.w.org\/{rel}","templated":true}]}}