{"id":183,"date":"2025-08-14T08:34:10","date_gmt":"2025-08-14T08:34:10","guid":{"rendered":"https:\/\/actiproct.com\/be\/?page_id=183"},"modified":"2025-09-15T08:20:24","modified_gmt":"2025-09-15T08:20:24","slug":"a-propos-d-actiproct","status":"publish","type":"page","link":"https:\/\/actiproct.com\/be\/fr\/a-propos-d-actiproct\/","title":{"rendered":"\u00c0 propos d\u2019 Actiproct"},"content":{"rendered":"\n\n\n\n\n<div class=\"wp-block-karopharma-free-text pt-large pb-small bg-center bg-cover bg-no-repeat  is-style-secondary\" style=\"background-image:url()\"><div class=\"free-text-wrapper container max-w-medium text-center\">\n<figure class=\"wp-block-image aligncenter size-full\"><img loading=\"lazy\" decoding=\"async\" width=\"403\" height=\"77\" src=\"https:\/\/actiproct.com\/app\/uploads\/sites\/7\/2025\/08\/5-action-fr.png\" alt=\"5-action-fr\" class=\"wp-image-246\" srcset=\"https:\/\/actiproct.com\/app\/uploads\/sites\/7\/2025\/08\/5-action-fr.png 403w, https:\/\/actiproct.com\/app\/uploads\/sites\/7\/2025\/08\/5-action-fr-320x61.png 320w\" sizes=\"auto, (max-width: 403px) 100vw, 403px\" \/><\/figure>\n\n\n\n<p class=\"has-text-align-center\">Sans anesth\u00e9siques locaux ni corticost\u00e9ro\u00efdes. <\/p>\n<\/div><\/div>\n\n\n\n<div class=\"wp-block-karopharma-several-images-with-text several-images-with-text is-style-secondary\"><div class=\"container large col-1 content-align-center\" test-data=\"inner-content\">\n<section class=\"wp-block-karopharma-image-with-text image-with-text image-with-text__full-width\"><div class=\"image-with-text-container \"><div class=\"image-with-text-container-image-container\"><img decoding=\"async\" loading=\"lazy\" src=\"https:\/\/actiproct.com\/cdn-cgi\/image\/format=auto\/app\/uploads\/sites\/7\/2025\/08\/icon-lubricating-300x240-1.png\" alt=\"icon-lubricating-300x240\"\/><\/div><div class=\"image-with-text-container-content\" style=\"text-align:left\" data-test=\"content\"><div class=\"content\"><h2><mark style=\"background-color:rgba(0, 0, 0, 0)\" class=\"has-inline-color has-primary-color\">Soulagement des h\u00e9morro\u00efdes et<br>les inconforts anaux<\/mark><\/h2><p class=\"body\" data-test=\"body\">ActiProct<sup>\u00ae<\/sup> est compos\u00e9 d&rsquo;ingr\u00e9dients naturels et a un effet rafra\u00eechissant imm\u00e9diat qui apporte soulagement et confort.<\/p>\n<div class=\"wp-block-buttons is-layout-flex wp-block-buttons-is-layout-flex\"><\/div>\n<\/div><\/div><\/div><\/section>\n\n\n\n<section class=\"wp-block-karopharma-image-with-text image-with-text image-with-text__full-width\"><div class=\"image-with-text-container \"><div class=\"image-with-text-container-image-container\"><img decoding=\"async\" loading=\"lazy\" src=\"https:\/\/actiproct.com\/cdn-cgi\/image\/format=auto\/app\/uploads\/sites\/7\/2025\/08\/treating-300x240-1.png\" alt=\"treating-300x240\"\/><\/div><div class=\"image-with-text-container-content\" style=\"text-align:left\" data-test=\"content\"><div class=\"content\"><h2><mark style=\"background-color:rgba(0, 0, 0, 0)\" class=\"has-inline-color has-primary-color\">R\u00e9duit l&rsquo;inflammation<\/mark><\/h2><p class=\"body\" data-test=\"body\">Apaise les tissus cutan\u00e9s irrit\u00e9s et aide \u00e0 r\u00e9duire le gonflement.<\/p>\n<div class=\"wp-block-buttons is-layout-flex wp-block-buttons-is-layout-flex\"><\/div>\n<\/div><\/div><\/div><\/section>\n\n\n\n<section class=\"wp-block-karopharma-image-with-text image-with-text image-with-text__full-width\"><div class=\"image-with-text-container \"><div class=\"image-with-text-container-image-container\"><img decoding=\"async\" loading=\"lazy\" src=\"https:\/\/actiproct.com\/cdn-cgi\/image\/format=auto\/app\/uploads\/sites\/7\/2025\/08\/Pain-300x240-1.png\" alt=\"Pain-300x240\"\/><\/div><div class=\"image-with-text-container-content\" style=\"text-align:left\" data-test=\"content\"><div class=\"content\"><h2><mark style=\"background-color:rgba(0, 0, 0, 0)\" class=\"has-inline-color has-primary-color\">Diminue la douleur<\/mark><\/h2><p class=\"body\" data-test=\"body\">Le complexe 2QR, extrait de l&rsquo;aloe vera,<br>cr\u00e9e une barri\u00e8re protectrice physique et un effet lubrifiant pour faciliter le transit intestinal et ainsi r\u00e9duire la douleur et l&rsquo;inconfort lors des visites aux toilettes.<\/p>\n<div class=\"wp-block-buttons is-layout-flex wp-block-buttons-is-layout-flex\"><\/div>\n<\/div><\/div><\/div><\/section>\n\n\n\n<section class=\"wp-block-karopharma-image-with-text image-with-text image-with-text__full-width\"><div class=\"image-with-text-container \"><div class=\"image-with-text-container-image-container\"><img decoding=\"async\" loading=\"lazy\" src=\"https:\/\/actiproct.com\/cdn-cgi\/image\/format=auto\/app\/uploads\/sites\/7\/2025\/08\/sooting-300x240-1.png\" alt=\"sooting-300x240\"\/><\/div><div class=\"image-with-text-container-content\" style=\"text-align:left\" data-test=\"content\"><div class=\"content\"><h2><mark style=\"background-color:rgba(0, 0, 0, 0)\" class=\"has-inline-color has-primary-color\">Apaise les d\u00e9mangeaisons<\/mark><\/h2><p class=\"body\" data-test=\"body\">Actiproct r\u00e9duit les d\u00e9mangeaisons et les irritations et procure un effet rafra\u00eechissant rapide en 60 secondes.<\/p>\n<div class=\"wp-block-buttons is-layout-flex wp-block-buttons-is-layout-flex\"><\/div>\n<\/div><\/div><\/div><\/section>\n\n\n\n<section class=\"wp-block-karopharma-image-with-text image-with-text image-with-text__full-width\"><div class=\"image-with-text-container \"><div class=\"image-with-text-container-image-container\"><img decoding=\"async\" loading=\"lazy\" src=\"https:\/\/actiproct.com\/cdn-cgi\/image\/format=auto\/app\/uploads\/sites\/7\/2025\/08\/icon-protecting-300x240-1.png\" alt=\"icon-protecting-300x240\"\/><\/div><div class=\"image-with-text-container-content\" style=\"text-align:left\" data-test=\"content\"><div class=\"content\"><h2><mark style=\"background-color:rgba(0, 0, 0, 0)\" class=\"has-inline-color has-primary-color\">Prot\u00e8ge contre l&rsquo;irritation et le frottement<\/mark><\/h2><p class=\"body\" data-test=\"body\">Pour pr\u00e9venir les bact\u00e9ries contagieuses susceptibles d&rsquo;aggraver vos sympt\u00f4mes, Actiproct forme une barri\u00e8re physique qui non seulement prot\u00e8ge, mais favorise \u00e9galement la gu\u00e9rison naturelle des h\u00e9morro\u00efdes.<\/p>\n<div class=\"wp-block-buttons is-layout-flex wp-block-buttons-is-layout-flex\"><\/div>\n<\/div><\/div><\/div><\/section>\n<\/div><\/div>\n\n\n\n<div class=\"wp-block-karopharma-free-text pt-none pb-large bg-center bg-cover bg-no-repeat  is-style-secondary\" style=\"background-image:url()\"><div class=\"free-text-wrapper container max-w-small text-center\">\n<div class=\"wp-block-buttons is-content-justification-center is-layout-flex wp-container-core-buttons-is-layout-16018d1d wp-block-buttons-is-layout-flex\">\n<div class=\"wp-block-button\"><a class=\"wp-block-button__link wp-element-button\" href=\"https:\/\/actiproct.com\/be\/fr\/produits\/\">Plus d\u00b4informations<\/a><\/div>\n<\/div>\n<\/div><\/div>\n\n\n\n<div class=\"wp-block-karopharma-free-text pt-large pb-large bg-center bg-cover bg-no-repeat\" style=\"background-image:url()\"><div class=\"free-text-wrapper container max-w-small text-center\">\n<h2 class=\"wp-block-heading is-style-heading-h1 fontnormal\">Pourquoi choisir ActiProct ?<\/h2>\n\n\n\n<p>ActiProct est plus qu&rsquo;un simple traitement, c&rsquo;est une solution compl\u00e8te pour soulager les h\u00e9morro\u00efdes:<br><strong>Cliniquement prouv\u00e9<\/strong> \u2013 R\u00e9duit efficacement la douleur, l&rsquo;irritation et l&rsquo;inflammation.<br><strong>Action rapide<\/strong> \u2013 Procure un effet rafra\u00eechissant en 60 secondes.<br><strong>Sans danger pour une utilisation quotidienne<\/strong> \u2013 Sans cortisone, anesth\u00e9siques locaux ni parfums artificiels.<br><strong>Sans danger pendant la grossesse et l&rsquo;allaitement<\/strong> \u2013 Aucun effet secondaire connu en cas d&rsquo;utilisation prolong\u00e9e.<\/p>\n<\/div><\/div>\n","protected":false},"excerpt":{"rendered":"","protected":false},"author":2,"featured_media":0,"parent":0,"menu_order":0,"comment_status":"closed","ping_status":"closed","template":"","meta":{"_acf_changed":false,"footnotes":""},"from-article-database":[],"class_list":["post-183","page","type-page","status-publish","hentry"],"acf":[],"yoast_head":"<!-- This site is optimized with the Yoast SEO plugin v26.6 - https:\/\/yoast.com\/wordpress\/plugins\/seo\/ -->\n<title>\u00c0 propos d\u2019 Actiproct - Actiproct<\/title>\n<meta name=\"description\" content=\"ActiProct\u00ae r\u00e9duit efficacement les sympt\u00f4mes tels que d\u00e9mangeaisons, douleurs, irritations, inflammations et sensations de br\u00fblure. Sa formule \u00e0 base d&#039;ingr\u00e9dients naturels procure rapidement apaisement, fra\u00eecheur et soulagement.\" \/>\n<meta name=\"robots\" content=\"index, follow, max-snippet:-1, max-image-preview:large, max-video-preview:-1\" \/>\n<link rel=\"canonical\" href=\"https:\/\/actiproct.com\/be\/fr\/a-propos-d-actiproct\/\" \/>\n<meta property=\"og:locale\" content=\"fr_FR\" \/>\n<meta property=\"og:type\" content=\"article\" \/>\n<meta property=\"og:title\" content=\"\u00c0 propos d\u2019 Actiproct - Actiproct\" \/>\n<meta property=\"og:description\" content=\"ActiProct\u00ae r\u00e9duit efficacement les sympt\u00f4mes tels que d\u00e9mangeaisons, douleurs, irritations, inflammations et sensations de br\u00fblure. Sa formule \u00e0 base d&#039;ingr\u00e9dients naturels procure rapidement apaisement, fra\u00eecheur et soulagement.\" \/>\n<meta property=\"og:url\" content=\"https:\/\/actiproct.com\/be\/fr\/a-propos-d-actiproct\/\" \/>\n<meta property=\"og:site_name\" content=\"Actiproct\" \/>\n<meta property=\"article:modified_time\" content=\"2025-09-15T08:20:24+00:00\" \/>\n<meta property=\"og:image\" content=\"https:\/\/actiproct.com\/app\/uploads\/sites\/7\/2025\/08\/5-action-fr.png\" \/>\n<meta name=\"twitter:card\" content=\"summary_large_image\" \/>\n<meta name=\"twitter:label1\" content=\"Dur\u00e9e de lecture estim\u00e9e\" \/>\n\t<meta name=\"twitter:data1\" content=\"3 minutes\" \/>\n<script type=\"application\/ld+json\" class=\"yoast-schema-graph\">{\"@context\":\"https:\/\/schema.org\",\"@graph\":[{\"@type\":\"WebPage\",\"@id\":\"https:\/\/actiproct.com\/be\/fr\/a-propos-d-actiproct\/\",\"url\":\"https:\/\/actiproct.com\/be\/fr\/a-propos-d-actiproct\/\",\"name\":\"\u00c0 propos d\u2019 Actiproct - Actiproct\",\"isPartOf\":{\"@id\":\"https:\/\/actiproct.com\/be\/fr\/#website\"},\"primaryImageOfPage\":{\"@id\":\"https:\/\/actiproct.com\/be\/fr\/a-propos-d-actiproct\/#primaryimage\"},\"image\":{\"@id\":\"https:\/\/actiproct.com\/be\/fr\/a-propos-d-actiproct\/#primaryimage\"},\"thumbnailUrl\":\"https:\/\/actiproct.com\/app\/uploads\/sites\/7\/2025\/08\/5-action-fr.png\",\"datePublished\":\"2025-08-14T08:34:10+00:00\",\"dateModified\":\"2025-09-15T08:20:24+00:00\",\"description\":\"ActiProct\u00ae r\u00e9duit efficacement les sympt\u00f4mes tels que d\u00e9mangeaisons, douleurs, irritations, inflammations et sensations de br\u00fblure. Sa formule \u00e0 base d'ingr\u00e9dients naturels procure rapidement apaisement, fra\u00eecheur et soulagement.\",\"breadcrumb\":{\"@id\":\"https:\/\/actiproct.com\/be\/fr\/a-propos-d-actiproct\/#breadcrumb\"},\"inLanguage\":\"fr-FR\",\"potentialAction\":[{\"@type\":\"ReadAction\",\"target\":[\"https:\/\/actiproct.com\/be\/fr\/a-propos-d-actiproct\/\"]}]},{\"@type\":\"ImageObject\",\"inLanguage\":\"fr-FR\",\"@id\":\"https:\/\/actiproct.com\/be\/fr\/a-propos-d-actiproct\/#primaryimage\",\"url\":\"https:\/\/actiproct.com\/app\/uploads\/sites\/7\/2025\/08\/5-action-fr.png\",\"contentUrl\":\"https:\/\/actiproct.com\/app\/uploads\/sites\/7\/2025\/08\/5-action-fr.png\"},{\"@type\":\"BreadcrumbList\",\"@id\":\"https:\/\/actiproct.com\/be\/fr\/a-propos-d-actiproct\/#breadcrumb\",\"itemListElement\":[{\"@type\":\"ListItem\",\"position\":1,\"name\":\"Home\",\"item\":\"https:\/\/actiproct.com\/be\/fr\/\"},{\"@type\":\"ListItem\",\"position\":2,\"name\":\"\u00c0 propos d\u2019 Actiproct\"}]},{\"@type\":\"WebSite\",\"@id\":\"https:\/\/actiproct.com\/be\/fr\/#website\",\"url\":\"https:\/\/actiproct.com\/be\/fr\/\",\"name\":\"Actiproct\",\"description\":\"\",\"publisher\":{\"@id\":\"https:\/\/actiproct.com\/be\/fr\/#organization\"},\"potentialAction\":[{\"@type\":\"SearchAction\",\"target\":{\"@type\":\"EntryPoint\",\"urlTemplate\":\"https:\/\/actiproct.com\/be\/fr\/?s={search_term_string}\"},\"query-input\":{\"@type\":\"PropertyValueSpecification\",\"valueRequired\":true,\"valueName\":\"search_term_string\"}}],\"inLanguage\":\"fr-FR\"},{\"@type\":\"Organization\",\"@id\":\"https:\/\/actiproct.com\/be\/fr\/#organization\",\"name\":\"Actiproct\",\"url\":\"https:\/\/actiproct.com\/be\/fr\/\",\"logo\":{\"@type\":\"ImageObject\",\"inLanguage\":\"fr-FR\",\"@id\":\"https:\/\/actiproct.com\/be\/fr\/#\/schema\/logo\/image\/\",\"url\":\"https:\/\/actiproct.com\/app\/uploads\/sites\/7\/2025\/08\/Actiproct-logo.png\",\"contentUrl\":\"https:\/\/actiproct.com\/app\/uploads\/sites\/7\/2025\/08\/Actiproct-logo.png\",\"width\":233,\"height\":101,\"caption\":\"Actiproct\"},\"image\":{\"@id\":\"https:\/\/actiproct.com\/be\/fr\/#\/schema\/logo\/image\/\"}}]}<\/script>\n<!-- \/ Yoast SEO plugin. -->","yoast_head_json":{"title":"\u00c0 propos d\u2019 Actiproct - Actiproct","description":"ActiProct\u00ae r\u00e9duit efficacement les sympt\u00f4mes tels que d\u00e9mangeaisons, douleurs, irritations, inflammations et sensations de br\u00fblure. Sa formule \u00e0 base d'ingr\u00e9dients naturels procure rapidement apaisement, fra\u00eecheur et soulagement.","robots":{"index":"index","follow":"follow","max-snippet":"max-snippet:-1","max-image-preview":"max-image-preview:large","max-video-preview":"max-video-preview:-1"},"canonical":"https:\/\/actiproct.com\/be\/fr\/a-propos-d-actiproct\/","og_locale":"fr_FR","og_type":"article","og_title":"\u00c0 propos d\u2019 Actiproct - Actiproct","og_description":"ActiProct\u00ae r\u00e9duit efficacement les sympt\u00f4mes tels que d\u00e9mangeaisons, douleurs, irritations, inflammations et sensations de br\u00fblure. Sa formule \u00e0 base d'ingr\u00e9dients naturels procure rapidement apaisement, fra\u00eecheur et soulagement.","og_url":"https:\/\/actiproct.com\/be\/fr\/a-propos-d-actiproct\/","og_site_name":"Actiproct","article_modified_time":"2025-09-15T08:20:24+00:00","og_image":[{"url":"https:\/\/actiproct.com\/app\/uploads\/sites\/7\/2025\/08\/5-action-fr.png","type":"","width":"","height":""}],"twitter_card":"summary_large_image","twitter_misc":{"Dur\u00e9e de lecture estim\u00e9e":"3 minutes"},"schema":{"@context":"https:\/\/schema.org","@graph":[{"@type":"WebPage","@id":"https:\/\/actiproct.com\/be\/fr\/a-propos-d-actiproct\/","url":"https:\/\/actiproct.com\/be\/fr\/a-propos-d-actiproct\/","name":"\u00c0 propos d\u2019 Actiproct - Actiproct","isPartOf":{"@id":"https:\/\/actiproct.com\/be\/fr\/#website"},"primaryImageOfPage":{"@id":"https:\/\/actiproct.com\/be\/fr\/a-propos-d-actiproct\/#primaryimage"},"image":{"@id":"https:\/\/actiproct.com\/be\/fr\/a-propos-d-actiproct\/#primaryimage"},"thumbnailUrl":"https:\/\/actiproct.com\/app\/uploads\/sites\/7\/2025\/08\/5-action-fr.png","datePublished":"2025-08-14T08:34:10+00:00","dateModified":"2025-09-15T08:20:24+00:00","description":"ActiProct\u00ae r\u00e9duit efficacement les sympt\u00f4mes tels que d\u00e9mangeaisons, douleurs, irritations, inflammations et sensations de br\u00fblure. Sa formule \u00e0 base d'ingr\u00e9dients naturels procure rapidement apaisement, fra\u00eecheur et soulagement.","breadcrumb":{"@id":"https:\/\/actiproct.com\/be\/fr\/a-propos-d-actiproct\/#breadcrumb"},"inLanguage":"fr-FR","potentialAction":[{"@type":"ReadAction","target":["https:\/\/actiproct.com\/be\/fr\/a-propos-d-actiproct\/"]}]},{"@type":"ImageObject","inLanguage":"fr-FR","@id":"https:\/\/actiproct.com\/be\/fr\/a-propos-d-actiproct\/#primaryimage","url":"https:\/\/actiproct.com\/app\/uploads\/sites\/7\/2025\/08\/5-action-fr.png","contentUrl":"https:\/\/actiproct.com\/app\/uploads\/sites\/7\/2025\/08\/5-action-fr.png"},{"@type":"BreadcrumbList","@id":"https:\/\/actiproct.com\/be\/fr\/a-propos-d-actiproct\/#breadcrumb","itemListElement":[{"@type":"ListItem","position":1,"name":"Home","item":"https:\/\/actiproct.com\/be\/fr\/"},{"@type":"ListItem","position":2,"name":"\u00c0 propos d\u2019 Actiproct"}]},{"@type":"WebSite","@id":"https:\/\/actiproct.com\/be\/fr\/#website","url":"https:\/\/actiproct.com\/be\/fr\/","name":"Actiproct","description":"","publisher":{"@id":"https:\/\/actiproct.com\/be\/fr\/#organization"},"potentialAction":[{"@type":"SearchAction","target":{"@type":"EntryPoint","urlTemplate":"https:\/\/actiproct.com\/be\/fr\/?s={search_term_string}"},"query-input":{"@type":"PropertyValueSpecification","valueRequired":true,"valueName":"search_term_string"}}],"inLanguage":"fr-FR"},{"@type":"Organization","@id":"https:\/\/actiproct.com\/be\/fr\/#organization","name":"Actiproct","url":"https:\/\/actiproct.com\/be\/fr\/","logo":{"@type":"ImageObject","inLanguage":"fr-FR","@id":"https:\/\/actiproct.com\/be\/fr\/#\/schema\/logo\/image\/","url":"https:\/\/actiproct.com\/app\/uploads\/sites\/7\/2025\/08\/Actiproct-logo.png","contentUrl":"https:\/\/actiproct.com\/app\/uploads\/sites\/7\/2025\/08\/Actiproct-logo.png","width":233,"height":101,"caption":"Actiproct"},"image":{"@id":"https:\/\/actiproct.com\/be\/fr\/#\/schema\/logo\/image\/"}}]}},"_links":{"self":[{"href":"https:\/\/actiproct.com\/be\/fr\/wp-json\/wp\/v2\/pages\/183","targetHints":{"allow":["GET"]}}],"collection":[{"href":"https:\/\/actiproct.com\/be\/fr\/wp-json\/wp\/v2\/pages"}],"about":[{"href":"https:\/\/actiproct.com\/be\/fr\/wp-json\/wp\/v2\/types\/page"}],"author":[{"embeddable":true,"href":"https:\/\/actiproct.com\/be\/fr\/wp-json\/wp\/v2\/users\/2"}],"replies":[{"embeddable":true,"href":"https:\/\/actiproct.com\/be\/fr\/wp-json\/wp\/v2\/comments?post=183"}],"version-history":[{"count":6,"href":"https:\/\/actiproct.com\/be\/fr\/wp-json\/wp\/v2\/pages\/183\/revisions"}],"predecessor-version":[{"id":250,"href":"https:\/\/actiproct.com\/be\/fr\/wp-json\/wp\/v2\/pages\/183\/revisions\/250"}],"wp:attachment":[{"href":"https:\/\/actiproct.com\/be\/fr\/wp-json\/wp\/v2\/media?parent=183"}],"wp:term":[{"taxonomy":"from-article-database","embeddable":true,"href":"https:\/\/actiproct.com\/be\/fr\/wp-json\/wp\/v2\/from-article-database?post=183"}],"curies":[{"name":"wp","href":"https:\/\/api.w.org\/{rel}","templated":true}]}}