{"id":188,"date":"2025-08-14T06:19:36","date_gmt":"2025-08-14T06:19:36","guid":{"rendered":"https:\/\/actiproct.com\/be\/?post_type=product&#038;p=188"},"modified":"2025-08-28T09:55:57","modified_gmt":"2025-08-28T09:55:57","slug":"actiproct-spray","status":"publish","type":"product","link":"https:\/\/actiproct.com\/be\/fr\/produit\/actiproct-spray\/","title":{"rendered":"ActiProct Spray"},"content":{"rendered":"\n\n\n\n\n<div class=\"wp-block-karopharma-accordions is-style-primary\"><div class=\"container\">\n<details class=\"wp-block-karopharma-accordion\"><summary><h2 class=\"accordion-title\">Ingr\u00e9dients<\/h2><\/summary><div class=\"accordion-content\">\n<p>Aloe Barbadensis leaf extract*, Sodium benzoate, Potassium sorbate, Citric acid, Aqua, PEG-8, Hamamelis Virginiana Water, Alcohol, Phenoxyethanol, Ethylhexylglycerin, Methyl Diisopropyl Propionamide, Disodium Phosphate, Parfum, Sodium Phosphate. <br>* 2QR-complex: Purifi\u00e9 \u00e0 partir d&rsquo;extrait de feuille d&rsquo;Aloe Barbadensis<\/p>\n<\/div><\/details>\n<\/div><\/div>\n","protected":false},"excerpt":{"rendered":"<p>Soulagement rapide des inconforts anaux<br \/>\nexternes<\/p>\n","protected":false},"featured_media":125,"comment_status":"closed","ping_status":"closed","template":"","meta":{"_acf_changed":false,"footnotes":""},"product_brand":[],"product_cat":[],"product_tag":[],"class_list":{"0":"post-188","1":"product","2":"type-product","3":"status-publish","4":"has-post-thumbnail","7":"first","8":"instock","9":"shipping-taxable","10":"product-type-simple"},"acf":[],"yoast_head":"<!-- This site is optimized with the Yoast SEO plugin v26.6 - https:\/\/yoast.com\/wordpress\/plugins\/seo\/ -->\n<title>ActiProct Spray - Actiproct<\/title>\n<meta name=\"description\" content=\"Actiproct Spray offre un soulagement rapide des inconforts anaux externes partout et \u00e0 tout moment gr\u00e2ce \u00e0 son format pratique. Il apaise les d\u00e9mangeaisons et procure un effet rafra\u00eechissant rapide pendant 3 heures.\" \/>\n<meta name=\"robots\" content=\"index, follow, max-snippet:-1, max-image-preview:large, max-video-preview:-1\" \/>\n<link rel=\"canonical\" href=\"https:\/\/actiproct.com\/be\/fr\/produit\/actiproct-spray\/\" \/>\n<meta property=\"og:locale\" content=\"fr_FR\" \/>\n<meta property=\"og:type\" content=\"article\" \/>\n<meta property=\"og:title\" content=\"ActiProct Spray - Actiproct\" \/>\n<meta property=\"og:description\" content=\"Actiproct Spray offre un soulagement rapide des inconforts anaux externes partout et \u00e0 tout moment gr\u00e2ce \u00e0 son format pratique. Il apaise les d\u00e9mangeaisons et procure un effet rafra\u00eechissant rapide pendant 3 heures.\" \/>\n<meta property=\"og:url\" content=\"https:\/\/actiproct.com\/be\/fr\/produit\/actiproct-spray\/\" \/>\n<meta property=\"og:site_name\" content=\"Actiproct\" \/>\n<meta property=\"article:modified_time\" content=\"2025-08-28T09:55:57+00:00\" \/>\n<meta property=\"og:image\" content=\"https:\/\/actiproct.com\/app\/uploads\/sites\/7\/2025\/08\/actiproct-spray-fr-1.png\" \/>\n\t<meta property=\"og:image:width\" content=\"494\" \/>\n\t<meta property=\"og:image:height\" content=\"494\" \/>\n\t<meta property=\"og:image:type\" content=\"image\/png\" \/>\n<meta name=\"twitter:card\" content=\"summary_large_image\" \/>\n<meta name=\"twitter:label1\" content=\"Dur\u00e9e de lecture estim\u00e9e\" \/>\n\t<meta name=\"twitter:data1\" content=\"1 minute\" \/>\n<script type=\"application\/ld+json\" class=\"yoast-schema-graph\">{\"@context\":\"https:\/\/schema.org\",\"@graph\":[{\"@type\":\"WebPage\",\"@id\":\"https:\/\/actiproct.com\/be\/fr\/produit\/actiproct-spray\/\",\"url\":\"https:\/\/actiproct.com\/be\/fr\/produit\/actiproct-spray\/\",\"name\":\"ActiProct Spray - Actiproct\",\"isPartOf\":{\"@id\":\"https:\/\/actiproct.com\/be\/fr\/#website\"},\"primaryImageOfPage\":{\"@id\":\"https:\/\/actiproct.com\/be\/fr\/produit\/actiproct-spray\/#primaryimage\"},\"image\":{\"@id\":\"https:\/\/actiproct.com\/be\/fr\/produit\/actiproct-spray\/#primaryimage\"},\"thumbnailUrl\":\"https:\/\/actiproct.com\/app\/uploads\/sites\/7\/2025\/08\/actiproct-spray-fr-1.png\",\"datePublished\":\"2025-08-14T06:19:36+00:00\",\"dateModified\":\"2025-08-28T09:55:57+00:00\",\"description\":\"Actiproct Spray offre un soulagement rapide des inconforts anaux externes partout et \u00e0 tout moment gr\u00e2ce \u00e0 son format pratique. Il apaise les d\u00e9mangeaisons et procure un effet rafra\u00eechissant rapide pendant 3 heures.\",\"breadcrumb\":{\"@id\":\"https:\/\/actiproct.com\/be\/fr\/produit\/actiproct-spray\/#breadcrumb\"},\"inLanguage\":\"fr-FR\",\"potentialAction\":[{\"@type\":\"ReadAction\",\"target\":[\"https:\/\/actiproct.com\/be\/fr\/produit\/actiproct-spray\/\"]}]},{\"@type\":\"ImageObject\",\"inLanguage\":\"fr-FR\",\"@id\":\"https:\/\/actiproct.com\/be\/fr\/produit\/actiproct-spray\/#primaryimage\",\"url\":\"https:\/\/actiproct.com\/app\/uploads\/sites\/7\/2025\/08\/actiproct-spray-fr-1.png\",\"contentUrl\":\"https:\/\/actiproct.com\/app\/uploads\/sites\/7\/2025\/08\/actiproct-spray-fr-1.png\",\"width\":494,\"height\":494,\"caption\":\"Actiproct-Spray\"},{\"@type\":\"BreadcrumbList\",\"@id\":\"https:\/\/actiproct.com\/be\/fr\/produit\/actiproct-spray\/#breadcrumb\",\"itemListElement\":[{\"@type\":\"ListItem\",\"position\":1,\"name\":\"Home\",\"item\":\"https:\/\/actiproct.com\/be\/fr\/\"},{\"@type\":\"ListItem\",\"position\":2,\"name\":\"Produits\",\"item\":\"https:\/\/actiproct.com\/be\/fr\/produits\/\"},{\"@type\":\"ListItem\",\"position\":3,\"name\":\"ActiProct Spray\"}]},{\"@type\":\"WebSite\",\"@id\":\"https:\/\/actiproct.com\/be\/fr\/#website\",\"url\":\"https:\/\/actiproct.com\/be\/fr\/\",\"name\":\"Actiproct\",\"description\":\"\",\"publisher\":{\"@id\":\"https:\/\/actiproct.com\/be\/fr\/#organization\"},\"potentialAction\":[{\"@type\":\"SearchAction\",\"target\":{\"@type\":\"EntryPoint\",\"urlTemplate\":\"https:\/\/actiproct.com\/be\/fr\/?s={search_term_string}\"},\"query-input\":{\"@type\":\"PropertyValueSpecification\",\"valueRequired\":true,\"valueName\":\"search_term_string\"}}],\"inLanguage\":\"fr-FR\"},{\"@type\":\"Organization\",\"@id\":\"https:\/\/actiproct.com\/be\/fr\/#organization\",\"name\":\"Actiproct\",\"url\":\"https:\/\/actiproct.com\/be\/fr\/\",\"logo\":{\"@type\":\"ImageObject\",\"inLanguage\":\"fr-FR\",\"@id\":\"https:\/\/actiproct.com\/be\/fr\/#\/schema\/logo\/image\/\",\"url\":\"https:\/\/actiproct.com\/app\/uploads\/sites\/7\/2025\/08\/Actiproct-logo.png\",\"contentUrl\":\"https:\/\/actiproct.com\/app\/uploads\/sites\/7\/2025\/08\/Actiproct-logo.png\",\"width\":233,\"height\":101,\"caption\":\"Actiproct\"},\"image\":{\"@id\":\"https:\/\/actiproct.com\/be\/fr\/#\/schema\/logo\/image\/\"}}]}<\/script>\n<!-- \/ Yoast SEO plugin. -->","yoast_head_json":{"title":"ActiProct Spray - Actiproct","description":"Actiproct Spray offre un soulagement rapide des inconforts anaux externes partout et \u00e0 tout moment gr\u00e2ce \u00e0 son format pratique. Il apaise les d\u00e9mangeaisons et procure un effet rafra\u00eechissant rapide pendant 3 heures.","robots":{"index":"index","follow":"follow","max-snippet":"max-snippet:-1","max-image-preview":"max-image-preview:large","max-video-preview":"max-video-preview:-1"},"canonical":"https:\/\/actiproct.com\/be\/fr\/produit\/actiproct-spray\/","og_locale":"fr_FR","og_type":"article","og_title":"ActiProct Spray - Actiproct","og_description":"Actiproct Spray offre un soulagement rapide des inconforts anaux externes partout et \u00e0 tout moment gr\u00e2ce \u00e0 son format pratique. Il apaise les d\u00e9mangeaisons et procure un effet rafra\u00eechissant rapide pendant 3 heures.","og_url":"https:\/\/actiproct.com\/be\/fr\/produit\/actiproct-spray\/","og_site_name":"Actiproct","article_modified_time":"2025-08-28T09:55:57+00:00","og_image":[{"width":494,"height":494,"url":"https:\/\/actiproct.com\/app\/uploads\/sites\/7\/2025\/08\/actiproct-spray-fr-1.png","type":"image\/png"}],"twitter_card":"summary_large_image","twitter_misc":{"Dur\u00e9e de lecture estim\u00e9e":"1 minute"},"schema":{"@context":"https:\/\/schema.org","@graph":[{"@type":"WebPage","@id":"https:\/\/actiproct.com\/be\/fr\/produit\/actiproct-spray\/","url":"https:\/\/actiproct.com\/be\/fr\/produit\/actiproct-spray\/","name":"ActiProct Spray - Actiproct","isPartOf":{"@id":"https:\/\/actiproct.com\/be\/fr\/#website"},"primaryImageOfPage":{"@id":"https:\/\/actiproct.com\/be\/fr\/produit\/actiproct-spray\/#primaryimage"},"image":{"@id":"https:\/\/actiproct.com\/be\/fr\/produit\/actiproct-spray\/#primaryimage"},"thumbnailUrl":"https:\/\/actiproct.com\/app\/uploads\/sites\/7\/2025\/08\/actiproct-spray-fr-1.png","datePublished":"2025-08-14T06:19:36+00:00","dateModified":"2025-08-28T09:55:57+00:00","description":"Actiproct Spray offre un soulagement rapide des inconforts anaux externes partout et \u00e0 tout moment gr\u00e2ce \u00e0 son format pratique. Il apaise les d\u00e9mangeaisons et procure un effet rafra\u00eechissant rapide pendant 3 heures.","breadcrumb":{"@id":"https:\/\/actiproct.com\/be\/fr\/produit\/actiproct-spray\/#breadcrumb"},"inLanguage":"fr-FR","potentialAction":[{"@type":"ReadAction","target":["https:\/\/actiproct.com\/be\/fr\/produit\/actiproct-spray\/"]}]},{"@type":"ImageObject","inLanguage":"fr-FR","@id":"https:\/\/actiproct.com\/be\/fr\/produit\/actiproct-spray\/#primaryimage","url":"https:\/\/actiproct.com\/app\/uploads\/sites\/7\/2025\/08\/actiproct-spray-fr-1.png","contentUrl":"https:\/\/actiproct.com\/app\/uploads\/sites\/7\/2025\/08\/actiproct-spray-fr-1.png","width":494,"height":494,"caption":"Actiproct-Spray"},{"@type":"BreadcrumbList","@id":"https:\/\/actiproct.com\/be\/fr\/produit\/actiproct-spray\/#breadcrumb","itemListElement":[{"@type":"ListItem","position":1,"name":"Home","item":"https:\/\/actiproct.com\/be\/fr\/"},{"@type":"ListItem","position":2,"name":"Produits","item":"https:\/\/actiproct.com\/be\/fr\/produits\/"},{"@type":"ListItem","position":3,"name":"ActiProct Spray"}]},{"@type":"WebSite","@id":"https:\/\/actiproct.com\/be\/fr\/#website","url":"https:\/\/actiproct.com\/be\/fr\/","name":"Actiproct","description":"","publisher":{"@id":"https:\/\/actiproct.com\/be\/fr\/#organization"},"potentialAction":[{"@type":"SearchAction","target":{"@type":"EntryPoint","urlTemplate":"https:\/\/actiproct.com\/be\/fr\/?s={search_term_string}"},"query-input":{"@type":"PropertyValueSpecification","valueRequired":true,"valueName":"search_term_string"}}],"inLanguage":"fr-FR"},{"@type":"Organization","@id":"https:\/\/actiproct.com\/be\/fr\/#organization","name":"Actiproct","url":"https:\/\/actiproct.com\/be\/fr\/","logo":{"@type":"ImageObject","inLanguage":"fr-FR","@id":"https:\/\/actiproct.com\/be\/fr\/#\/schema\/logo\/image\/","url":"https:\/\/actiproct.com\/app\/uploads\/sites\/7\/2025\/08\/Actiproct-logo.png","contentUrl":"https:\/\/actiproct.com\/app\/uploads\/sites\/7\/2025\/08\/Actiproct-logo.png","width":233,"height":101,"caption":"Actiproct"},"image":{"@id":"https:\/\/actiproct.com\/be\/fr\/#\/schema\/logo\/image\/"}}]}},"_links":{"self":[{"href":"https:\/\/actiproct.com\/be\/fr\/wp-json\/wp\/v2\/product\/188","targetHints":{"allow":["GET"]}}],"collection":[{"href":"https:\/\/actiproct.com\/be\/fr\/wp-json\/wp\/v2\/product"}],"about":[{"href":"https:\/\/actiproct.com\/be\/fr\/wp-json\/wp\/v2\/types\/product"}],"replies":[{"embeddable":true,"href":"https:\/\/actiproct.com\/be\/fr\/wp-json\/wp\/v2\/comments?post=188"}],"version-history":[{"count":8,"href":"https:\/\/actiproct.com\/be\/fr\/wp-json\/wp\/v2\/product\/188\/revisions"}],"predecessor-version":[{"id":277,"href":"https:\/\/actiproct.com\/be\/fr\/wp-json\/wp\/v2\/product\/188\/revisions\/277"}],"wp:featuredmedia":[{"embeddable":true,"href":"https:\/\/actiproct.com\/be\/fr\/wp-json\/wp\/v2\/media\/125"}],"wp:attachment":[{"href":"https:\/\/actiproct.com\/be\/fr\/wp-json\/wp\/v2\/media?parent=188"}],"wp:term":[{"taxonomy":"product_brand","embeddable":true,"href":"https:\/\/actiproct.com\/be\/fr\/wp-json\/wp\/v2\/product_brand?post=188"},{"taxonomy":"product_cat","embeddable":true,"href":"https:\/\/actiproct.com\/be\/fr\/wp-json\/wp\/v2\/product_cat?post=188"},{"taxonomy":"product_tag","embeddable":true,"href":"https:\/\/actiproct.com\/be\/fr\/wp-json\/wp\/v2\/product_tag?post=188"}],"curies":[{"name":"wp","href":"https:\/\/api.w.org\/{rel}","templated":true}]}}