{"id":190,"date":"2025-08-13T17:02:54","date_gmt":"2025-08-13T17:02:54","guid":{"rendered":"https:\/\/actiproct.com\/be\/?post_type=product&#038;p=190"},"modified":"2025-08-28T09:55:58","modified_gmt":"2025-08-28T09:55:58","slug":"actiproct-gel-can","status":"publish","type":"product","link":"https:\/\/actiproct.com\/be\/fr\/produit\/actiproct-gel-can\/","title":{"rendered":"ActiProct Gel Can"},"content":{"rendered":"\n<div class=\"wp-block-karopharma-accordions is-style-primary\"><div class=\"container\">\n<details class=\"wp-block-karopharma-accordion\"><summary><h2 class=\"accordion-title\">Mode d&#8217;emploi<\/h2><\/summary><div class=\"accordion-content\">\n<p>Appliquez une bonne quantit\u00e9 de gel \u00e0 l\u2019int\u00e9rieur de la zone affect\u00e9e apr\u00e8s chaque passage des selles, au moins deux fois par jour, pendant une p\u00e9riode de deux semaines ou chaque fois que le soulagement est souhait\u00e9.<\/p>\n\n\n\n<p><strong>\u00c9tap 1 : <\/strong>Retirez le bouchon. Posez l\u2019a\u00e9rosol sur une table ou autre surface plate en le tenant fermement. N\u2019appuyez pas sur le bouton blanc.<\/p>\n\n\n\n<p><strong>\u00c9tap 2 : <\/strong>Tout en tenant l\u2019a\u00e9rosol fermement, appuyez sur la partie bleue (B) (vous entendrez un sifflement) jusqu\u2019\u00e0 ce que vous voyiez un anneau appara\u00eetre dans la partie blanche (A). G\u00e9n\u00e9ralement, cette action prend 2 secondes. Vous remarquerez que la partie blanche (A) est mont\u00e9e automatiquement. L\u2019applicateur est maintenant enti\u00e8rement charg\u00e9 et pr\u00eat \u00e0 \u00eatre utilis\u00e9.<\/p>\n\n\n\n<p><strong>\u00c9tap 3 : <\/strong>D\u00e9pliez l\u2019applicateur en le faisant sortir de son support.<\/p>\n\n\n\n<p><strong>\u00c9tap 4 : <\/strong>Ins\u00e9rez la partie bleue (B) dans l\u2019anus, en appuyant sur la partie blanche (A) afin de d\u00e9poser le gel ActiProct\u00ae dans la zone affect\u00e9e.<\/p>\n\n\n\n<p><strong>Apr\u00e8s traitement<\/strong> <strong>: <\/strong>Apr\u00e8s chaque utilisation, lavez s\u00e9par\u00e9ment les 2 parties de l\u2019applicateur \u00e0 l\u2019eau ti\u00e8de. Nettoyez la partie C en l\u2019essuyant.<br>Replacez l\u2019applicateur dans la partie C nettoy\u00e9e, puis refermez-la \u00e0 l\u2019aide du bouchon.<\/p>\n<\/div><\/details>\n\n\n\n<details class=\"wp-block-karopharma-accordion\"><summary><h2 class=\"accordion-title\">Ingr\u00e9dients<\/h2><\/summary><div class=\"accordion-content\">\n<p>Aqua, 2QR-Complex* (40%), PEG-8, Xanthan Gum, Betaine, Laureth-9 (1%), Phenoxyethanol, Ethylhexylglycerin, Sodium Hydroxide, Potassium phosphate.<br>* 2QR-complex : purifi\u00e9 \u00e0 partir d&rsquo;extrait de feuille d&rsquo;Aloe Barbadensis.<\/p>\n<\/div><\/details>\n<\/div><\/div>\n","protected":false},"excerpt":{"rendered":"<p>Soulagement instantan\u00e9 des h\u00e9morro\u00efdes, format hygi\u00e9nique<\/p>\n","protected":false},"featured_media":121,"comment_status":"closed","ping_status":"closed","template":"","meta":{"_acf_changed":false,"footnotes":""},"product_brand":[],"product_cat":[],"product_tag":[],"class_list":{"0":"post-190","1":"product","2":"type-product","3":"status-publish","4":"has-post-thumbnail","7":"first","8":"instock","9":"shipping-taxable","10":"product-type-simple"},"acf":[],"yoast_head":"<!-- This site is optimized with the Yoast SEO plugin v26.6 - https:\/\/yoast.com\/wordpress\/plugins\/seo\/ -->\n<title>ActiProct Gel Can - Actiproct<\/title>\n<meta name=\"description\" content=\"ActiProct Gel Can est cliniquement prouv\u00e9 pour soulager les inconforts li\u00e9s aux h\u00e9morro\u00efdes en apaisant les d\u00e9mangeaisons et la douleur et en r\u00e9duisant l&#039;inflammation. Il procure un effet rafra\u00eechissant rapide en 60 secondes.\" \/>\n<meta name=\"robots\" content=\"index, follow, max-snippet:-1, max-image-preview:large, max-video-preview:-1\" \/>\n<link rel=\"canonical\" href=\"https:\/\/actiproct.com\/be\/fr\/produit\/actiproct-gel-can\/\" \/>\n<meta property=\"og:locale\" content=\"fr_FR\" \/>\n<meta property=\"og:type\" content=\"article\" \/>\n<meta property=\"og:title\" content=\"ActiProct Gel Can - Actiproct\" \/>\n<meta property=\"og:description\" content=\"ActiProct Gel Can est cliniquement prouv\u00e9 pour soulager les inconforts li\u00e9s aux h\u00e9morro\u00efdes en apaisant les d\u00e9mangeaisons et la douleur et en r\u00e9duisant l&#039;inflammation. Il procure un effet rafra\u00eechissant rapide en 60 secondes.\" \/>\n<meta property=\"og:url\" content=\"https:\/\/actiproct.com\/be\/fr\/produit\/actiproct-gel-can\/\" \/>\n<meta property=\"og:site_name\" content=\"Actiproct\" \/>\n<meta property=\"article:modified_time\" content=\"2025-08-28T09:55:58+00:00\" \/>\n<meta property=\"og:image\" content=\"https:\/\/actiproct.com\/app\/uploads\/sites\/7\/2025\/08\/actiproct-gel-can-fr.png\" \/>\n\t<meta property=\"og:image:width\" content=\"494\" \/>\n\t<meta property=\"og:image:height\" content=\"494\" \/>\n\t<meta property=\"og:image:type\" content=\"image\/png\" \/>\n<meta name=\"twitter:card\" content=\"summary_large_image\" \/>\n<meta name=\"twitter:label1\" content=\"Dur\u00e9e de lecture estim\u00e9e\" \/>\n\t<meta name=\"twitter:data1\" content=\"2 minutes\" \/>\n<script type=\"application\/ld+json\" class=\"yoast-schema-graph\">{\"@context\":\"https:\/\/schema.org\",\"@graph\":[{\"@type\":\"WebPage\",\"@id\":\"https:\/\/actiproct.com\/be\/fr\/produit\/actiproct-gel-can\/\",\"url\":\"https:\/\/actiproct.com\/be\/fr\/produit\/actiproct-gel-can\/\",\"name\":\"ActiProct Gel Can - Actiproct\",\"isPartOf\":{\"@id\":\"https:\/\/actiproct.com\/be\/fr\/#website\"},\"primaryImageOfPage\":{\"@id\":\"https:\/\/actiproct.com\/be\/fr\/produit\/actiproct-gel-can\/#primaryimage\"},\"image\":{\"@id\":\"https:\/\/actiproct.com\/be\/fr\/produit\/actiproct-gel-can\/#primaryimage\"},\"thumbnailUrl\":\"https:\/\/actiproct.com\/app\/uploads\/sites\/7\/2025\/08\/actiproct-gel-can-fr.png\",\"datePublished\":\"2025-08-13T17:02:54+00:00\",\"dateModified\":\"2025-08-28T09:55:58+00:00\",\"description\":\"ActiProct Gel Can est cliniquement prouv\u00e9 pour soulager les inconforts li\u00e9s aux h\u00e9morro\u00efdes en apaisant les d\u00e9mangeaisons et la douleur et en r\u00e9duisant l'inflammation. Il procure un effet rafra\u00eechissant rapide en 60 secondes.\",\"breadcrumb\":{\"@id\":\"https:\/\/actiproct.com\/be\/fr\/produit\/actiproct-gel-can\/#breadcrumb\"},\"inLanguage\":\"fr-FR\",\"potentialAction\":[{\"@type\":\"ReadAction\",\"target\":[\"https:\/\/actiproct.com\/be\/fr\/produit\/actiproct-gel-can\/\"]}]},{\"@type\":\"ImageObject\",\"inLanguage\":\"fr-FR\",\"@id\":\"https:\/\/actiproct.com\/be\/fr\/produit\/actiproct-gel-can\/#primaryimage\",\"url\":\"https:\/\/actiproct.com\/app\/uploads\/sites\/7\/2025\/08\/actiproct-gel-can-fr.png\",\"contentUrl\":\"https:\/\/actiproct.com\/app\/uploads\/sites\/7\/2025\/08\/actiproct-gel-can-fr.png\",\"width\":494,\"height\":494,\"caption\":\"Actiproct-can-tube\"},{\"@type\":\"BreadcrumbList\",\"@id\":\"https:\/\/actiproct.com\/be\/fr\/produit\/actiproct-gel-can\/#breadcrumb\",\"itemListElement\":[{\"@type\":\"ListItem\",\"position\":1,\"name\":\"Home\",\"item\":\"https:\/\/actiproct.com\/be\/fr\/\"},{\"@type\":\"ListItem\",\"position\":2,\"name\":\"Produits\",\"item\":\"https:\/\/actiproct.com\/be\/fr\/produits\/\"},{\"@type\":\"ListItem\",\"position\":3,\"name\":\"ActiProct Gel Can\"}]},{\"@type\":\"WebSite\",\"@id\":\"https:\/\/actiproct.com\/be\/fr\/#website\",\"url\":\"https:\/\/actiproct.com\/be\/fr\/\",\"name\":\"Actiproct\",\"description\":\"\",\"publisher\":{\"@id\":\"https:\/\/actiproct.com\/be\/fr\/#organization\"},\"potentialAction\":[{\"@type\":\"SearchAction\",\"target\":{\"@type\":\"EntryPoint\",\"urlTemplate\":\"https:\/\/actiproct.com\/be\/fr\/?s={search_term_string}\"},\"query-input\":{\"@type\":\"PropertyValueSpecification\",\"valueRequired\":true,\"valueName\":\"search_term_string\"}}],\"inLanguage\":\"fr-FR\"},{\"@type\":\"Organization\",\"@id\":\"https:\/\/actiproct.com\/be\/fr\/#organization\",\"name\":\"Actiproct\",\"url\":\"https:\/\/actiproct.com\/be\/fr\/\",\"logo\":{\"@type\":\"ImageObject\",\"inLanguage\":\"fr-FR\",\"@id\":\"https:\/\/actiproct.com\/be\/fr\/#\/schema\/logo\/image\/\",\"url\":\"https:\/\/actiproct.com\/app\/uploads\/sites\/7\/2025\/08\/Actiproct-logo.png\",\"contentUrl\":\"https:\/\/actiproct.com\/app\/uploads\/sites\/7\/2025\/08\/Actiproct-logo.png\",\"width\":233,\"height\":101,\"caption\":\"Actiproct\"},\"image\":{\"@id\":\"https:\/\/actiproct.com\/be\/fr\/#\/schema\/logo\/image\/\"}}]}<\/script>\n<!-- \/ Yoast SEO plugin. -->","yoast_head_json":{"title":"ActiProct Gel Can - Actiproct","description":"ActiProct Gel Can est cliniquement prouv\u00e9 pour soulager les inconforts li\u00e9s aux h\u00e9morro\u00efdes en apaisant les d\u00e9mangeaisons et la douleur et en r\u00e9duisant l'inflammation. Il procure un effet rafra\u00eechissant rapide en 60 secondes.","robots":{"index":"index","follow":"follow","max-snippet":"max-snippet:-1","max-image-preview":"max-image-preview:large","max-video-preview":"max-video-preview:-1"},"canonical":"https:\/\/actiproct.com\/be\/fr\/produit\/actiproct-gel-can\/","og_locale":"fr_FR","og_type":"article","og_title":"ActiProct Gel Can - Actiproct","og_description":"ActiProct Gel Can est cliniquement prouv\u00e9 pour soulager les inconforts li\u00e9s aux h\u00e9morro\u00efdes en apaisant les d\u00e9mangeaisons et la douleur et en r\u00e9duisant l'inflammation. Il procure un effet rafra\u00eechissant rapide en 60 secondes.","og_url":"https:\/\/actiproct.com\/be\/fr\/produit\/actiproct-gel-can\/","og_site_name":"Actiproct","article_modified_time":"2025-08-28T09:55:58+00:00","og_image":[{"width":494,"height":494,"url":"https:\/\/actiproct.com\/app\/uploads\/sites\/7\/2025\/08\/actiproct-gel-can-fr.png","type":"image\/png"}],"twitter_card":"summary_large_image","twitter_misc":{"Dur\u00e9e de lecture estim\u00e9e":"2 minutes"},"schema":{"@context":"https:\/\/schema.org","@graph":[{"@type":"WebPage","@id":"https:\/\/actiproct.com\/be\/fr\/produit\/actiproct-gel-can\/","url":"https:\/\/actiproct.com\/be\/fr\/produit\/actiproct-gel-can\/","name":"ActiProct Gel Can - Actiproct","isPartOf":{"@id":"https:\/\/actiproct.com\/be\/fr\/#website"},"primaryImageOfPage":{"@id":"https:\/\/actiproct.com\/be\/fr\/produit\/actiproct-gel-can\/#primaryimage"},"image":{"@id":"https:\/\/actiproct.com\/be\/fr\/produit\/actiproct-gel-can\/#primaryimage"},"thumbnailUrl":"https:\/\/actiproct.com\/app\/uploads\/sites\/7\/2025\/08\/actiproct-gel-can-fr.png","datePublished":"2025-08-13T17:02:54+00:00","dateModified":"2025-08-28T09:55:58+00:00","description":"ActiProct Gel Can est cliniquement prouv\u00e9 pour soulager les inconforts li\u00e9s aux h\u00e9morro\u00efdes en apaisant les d\u00e9mangeaisons et la douleur et en r\u00e9duisant l'inflammation. Il procure un effet rafra\u00eechissant rapide en 60 secondes.","breadcrumb":{"@id":"https:\/\/actiproct.com\/be\/fr\/produit\/actiproct-gel-can\/#breadcrumb"},"inLanguage":"fr-FR","potentialAction":[{"@type":"ReadAction","target":["https:\/\/actiproct.com\/be\/fr\/produit\/actiproct-gel-can\/"]}]},{"@type":"ImageObject","inLanguage":"fr-FR","@id":"https:\/\/actiproct.com\/be\/fr\/produit\/actiproct-gel-can\/#primaryimage","url":"https:\/\/actiproct.com\/app\/uploads\/sites\/7\/2025\/08\/actiproct-gel-can-fr.png","contentUrl":"https:\/\/actiproct.com\/app\/uploads\/sites\/7\/2025\/08\/actiproct-gel-can-fr.png","width":494,"height":494,"caption":"Actiproct-can-tube"},{"@type":"BreadcrumbList","@id":"https:\/\/actiproct.com\/be\/fr\/produit\/actiproct-gel-can\/#breadcrumb","itemListElement":[{"@type":"ListItem","position":1,"name":"Home","item":"https:\/\/actiproct.com\/be\/fr\/"},{"@type":"ListItem","position":2,"name":"Produits","item":"https:\/\/actiproct.com\/be\/fr\/produits\/"},{"@type":"ListItem","position":3,"name":"ActiProct Gel Can"}]},{"@type":"WebSite","@id":"https:\/\/actiproct.com\/be\/fr\/#website","url":"https:\/\/actiproct.com\/be\/fr\/","name":"Actiproct","description":"","publisher":{"@id":"https:\/\/actiproct.com\/be\/fr\/#organization"},"potentialAction":[{"@type":"SearchAction","target":{"@type":"EntryPoint","urlTemplate":"https:\/\/actiproct.com\/be\/fr\/?s={search_term_string}"},"query-input":{"@type":"PropertyValueSpecification","valueRequired":true,"valueName":"search_term_string"}}],"inLanguage":"fr-FR"},{"@type":"Organization","@id":"https:\/\/actiproct.com\/be\/fr\/#organization","name":"Actiproct","url":"https:\/\/actiproct.com\/be\/fr\/","logo":{"@type":"ImageObject","inLanguage":"fr-FR","@id":"https:\/\/actiproct.com\/be\/fr\/#\/schema\/logo\/image\/","url":"https:\/\/actiproct.com\/app\/uploads\/sites\/7\/2025\/08\/Actiproct-logo.png","contentUrl":"https:\/\/actiproct.com\/app\/uploads\/sites\/7\/2025\/08\/Actiproct-logo.png","width":233,"height":101,"caption":"Actiproct"},"image":{"@id":"https:\/\/actiproct.com\/be\/fr\/#\/schema\/logo\/image\/"}}]}},"_links":{"self":[{"href":"https:\/\/actiproct.com\/be\/fr\/wp-json\/wp\/v2\/product\/190","targetHints":{"allow":["GET"]}}],"collection":[{"href":"https:\/\/actiproct.com\/be\/fr\/wp-json\/wp\/v2\/product"}],"about":[{"href":"https:\/\/actiproct.com\/be\/fr\/wp-json\/wp\/v2\/types\/product"}],"replies":[{"embeddable":true,"href":"https:\/\/actiproct.com\/be\/fr\/wp-json\/wp\/v2\/comments?post=190"}],"version-history":[{"count":9,"href":"https:\/\/actiproct.com\/be\/fr\/wp-json\/wp\/v2\/product\/190\/revisions"}],"predecessor-version":[{"id":269,"href":"https:\/\/actiproct.com\/be\/fr\/wp-json\/wp\/v2\/product\/190\/revisions\/269"}],"wp:featuredmedia":[{"embeddable":true,"href":"https:\/\/actiproct.com\/be\/fr\/wp-json\/wp\/v2\/media\/121"}],"wp:attachment":[{"href":"https:\/\/actiproct.com\/be\/fr\/wp-json\/wp\/v2\/media?parent=190"}],"wp:term":[{"taxonomy":"product_brand","embeddable":true,"href":"https:\/\/actiproct.com\/be\/fr\/wp-json\/wp\/v2\/product_brand?post=190"},{"taxonomy":"product_cat","embeddable":true,"href":"https:\/\/actiproct.com\/be\/fr\/wp-json\/wp\/v2\/product_cat?post=190"},{"taxonomy":"product_tag","embeddable":true,"href":"https:\/\/actiproct.com\/be\/fr\/wp-json\/wp\/v2\/product_tag?post=190"}],"curies":[{"name":"wp","href":"https:\/\/api.w.org\/{rel}","templated":true}]}}