{"id":198,"date":"2025-08-13T16:56:26","date_gmt":"2025-08-13T16:56:26","guid":{"rendered":"https:\/\/actiproct.com\/be\/?post_type=product&#038;p=198"},"modified":"2025-08-28T09:55:58","modified_gmt":"2025-08-28T09:55:58","slug":"actiproct-gel-tube","status":"publish","type":"product","link":"https:\/\/actiproct.com\/be\/fr\/produit\/actiproct-gel-tube\/","title":{"rendered":"ActiProct Gel Tube"},"content":{"rendered":"\n<div class=\"wp-block-karopharma-accordions is-style-primary\"><div class=\"container\">\n<details class=\"wp-block-karopharma-accordion\"><summary><h2 class=\"accordion-title\">Mode d&#8217;emploi<\/h2><\/summary><div class=\"accordion-content\">\n<p>Appliquez une bonne quantit\u00e9 de gel \u00e0 l\u2019int\u00e9rieur et \u00e0 l\u2019ext\u00e9rieur de la zone affect\u00e9e apr\u00e8s chaque passage des selles, au moins deux fois par jour, pendant une p\u00e9riode de deux semaines ou chaque fois que le soulagement est souhait\u00e9.<\/p>\n\n\n\n<p>Pour les inconforts anaux externes : Lavezvous les mains avant et apr\u00e8s utilisation du produit. Placez une petite quantit\u00e9 de gel ActiProct\u00ae sur le doigt afin de l\u2019appliquer autour de l\u2019anus. Refermez bien le tube apr\u00e8s utilisation afin d\u2019\u00e9viter que le gel ne s\u00e8che.<\/p>\n\n\n\n<p>Pour les inconforts anaux internes : Appliquez le produit \u00e0 l\u2019aide de l\u2019applicateur fourni dans l\u2019emballage du produit. Apr\u00e8s utilisation, nettoyez l\u2019applicateur \u00e0 l\u2019eau chaude et replacez le capuchon protecteur. Refermez bien le tube apr\u00e8s utilisation afin d\u2019\u00e9viter que le gel ne s\u00e8che.<\/p>\n<\/div><\/details>\n\n\n\n<details class=\"wp-block-karopharma-accordion\"><summary><h2 class=\"accordion-title\">Ingr\u00e9dients<\/h2><\/summary><div class=\"accordion-content\">\n<p>Aqua, 2QR-Complex* (40%), PEG-8, Xanthan Gum, Betaine, Laureth-9 (1%), Phenoxyethanol, Ethylhexylglycerin, Sodium Hydroxide, Potassium phosphate.<br>* 2QR-complex: Purifi\u00e9 \u00e0 partir d&rsquo;extrait de feuille d&rsquo;Aloe Barbadensis.<\/p>\n<\/div><\/details>\n<\/div><\/div>\n","protected":false},"excerpt":{"rendered":"<p>Soulagement instantan\u00e9 des h\u00e9morro\u00efdes<\/p>\n","protected":false},"featured_media":123,"comment_status":"open","ping_status":"closed","template":"","meta":{"_acf_changed":false,"footnotes":""},"product_brand":[],"product_cat":[25],"product_tag":[],"class_list":{"0":"post-198","1":"product","2":"type-product","3":"status-publish","4":"has-post-thumbnail","6":"product_cat-non-categorise","8":"first","9":"instock","10":"shipping-taxable","11":"product-type-simple"},"acf":[],"yoast_head":"<!-- This site is optimized with the Yoast SEO plugin v26.6 - https:\/\/yoast.com\/wordpress\/plugins\/seo\/ -->\n<title>ActiProct Gel Tube - Actiproct<\/title>\n<meta name=\"description\" content=\"Il est cliniquement prouv\u00e9 qu&#039;ActiProct Gel soulage les inconforts li\u00e9s aux h\u00e9morro\u00efdes en apaisant les d\u00e9mangeaisons et la douleur et en r\u00e9duisant l&#039;inflammation. Il procure un effet rafra\u00eechissant rapide en 60 secondes.\" \/>\n<meta name=\"robots\" content=\"index, follow, max-snippet:-1, max-image-preview:large, max-video-preview:-1\" \/>\n<link rel=\"canonical\" href=\"https:\/\/actiproct.com\/be\/fr\/produit\/actiproct-gel-tube\/\" \/>\n<meta property=\"og:locale\" content=\"fr_FR\" \/>\n<meta property=\"og:type\" content=\"article\" \/>\n<meta property=\"og:title\" content=\"ActiProct Gel Tube - Actiproct\" \/>\n<meta property=\"og:description\" content=\"Il est cliniquement prouv\u00e9 qu&#039;ActiProct Gel soulage les inconforts li\u00e9s aux h\u00e9morro\u00efdes en apaisant les d\u00e9mangeaisons et la douleur et en r\u00e9duisant l&#039;inflammation. Il procure un effet rafra\u00eechissant rapide en 60 secondes.\" \/>\n<meta property=\"og:url\" content=\"https:\/\/actiproct.com\/be\/fr\/produit\/actiproct-gel-tube\/\" \/>\n<meta property=\"og:site_name\" content=\"Actiproct\" \/>\n<meta property=\"article:modified_time\" content=\"2025-08-28T09:55:58+00:00\" \/>\n<meta property=\"og:image\" content=\"https:\/\/actiproct.com\/app\/uploads\/sites\/7\/2025\/08\/actiproct-gel-tube-fr-1.png\" \/>\n\t<meta property=\"og:image:width\" content=\"494\" \/>\n\t<meta property=\"og:image:height\" content=\"494\" \/>\n\t<meta property=\"og:image:type\" content=\"image\/png\" \/>\n<meta name=\"twitter:card\" content=\"summary_large_image\" \/>\n<meta name=\"twitter:label1\" content=\"Dur\u00e9e de lecture estim\u00e9e\" \/>\n\t<meta name=\"twitter:data1\" content=\"1 minute\" \/>\n<script type=\"application\/ld+json\" class=\"yoast-schema-graph\">{\"@context\":\"https:\/\/schema.org\",\"@graph\":[{\"@type\":\"WebPage\",\"@id\":\"https:\/\/actiproct.com\/be\/fr\/produit\/actiproct-gel-tube\/\",\"url\":\"https:\/\/actiproct.com\/be\/fr\/produit\/actiproct-gel-tube\/\",\"name\":\"ActiProct Gel Tube - Actiproct\",\"isPartOf\":{\"@id\":\"https:\/\/actiproct.com\/be\/fr\/#website\"},\"primaryImageOfPage\":{\"@id\":\"https:\/\/actiproct.com\/be\/fr\/produit\/actiproct-gel-tube\/#primaryimage\"},\"image\":{\"@id\":\"https:\/\/actiproct.com\/be\/fr\/produit\/actiproct-gel-tube\/#primaryimage\"},\"thumbnailUrl\":\"https:\/\/actiproct.com\/app\/uploads\/sites\/7\/2025\/08\/actiproct-gel-tube-fr-1.png\",\"datePublished\":\"2025-08-13T16:56:26+00:00\",\"dateModified\":\"2025-08-28T09:55:58+00:00\",\"description\":\"Il est cliniquement prouv\u00e9 qu'ActiProct Gel soulage les inconforts li\u00e9s aux h\u00e9morro\u00efdes en apaisant les d\u00e9mangeaisons et la douleur et en r\u00e9duisant l'inflammation. Il procure un effet rafra\u00eechissant rapide en 60 secondes.\",\"breadcrumb\":{\"@id\":\"https:\/\/actiproct.com\/be\/fr\/produit\/actiproct-gel-tube\/#breadcrumb\"},\"inLanguage\":\"fr-FR\",\"potentialAction\":[{\"@type\":\"ReadAction\",\"target\":[\"https:\/\/actiproct.com\/be\/fr\/produit\/actiproct-gel-tube\/\"]}]},{\"@type\":\"ImageObject\",\"inLanguage\":\"fr-FR\",\"@id\":\"https:\/\/actiproct.com\/be\/fr\/produit\/actiproct-gel-tube\/#primaryimage\",\"url\":\"https:\/\/actiproct.com\/app\/uploads\/sites\/7\/2025\/08\/actiproct-gel-tube-fr-1.png\",\"contentUrl\":\"https:\/\/actiproct.com\/app\/uploads\/sites\/7\/2025\/08\/actiproct-gel-tube-fr-1.png\",\"width\":494,\"height\":494,\"caption\":\"actiproct-gel-tube\"},{\"@type\":\"BreadcrumbList\",\"@id\":\"https:\/\/actiproct.com\/be\/fr\/produit\/actiproct-gel-tube\/#breadcrumb\",\"itemListElement\":[{\"@type\":\"ListItem\",\"position\":1,\"name\":\"Home\",\"item\":\"https:\/\/actiproct.com\/be\/fr\/\"},{\"@type\":\"ListItem\",\"position\":2,\"name\":\"Produits\",\"item\":\"https:\/\/actiproct.com\/be\/fr\/produits\/\"},{\"@type\":\"ListItem\",\"position\":3,\"name\":\"ActiProct Gel Tube\"}]},{\"@type\":\"WebSite\",\"@id\":\"https:\/\/actiproct.com\/be\/fr\/#website\",\"url\":\"https:\/\/actiproct.com\/be\/fr\/\",\"name\":\"Actiproct\",\"description\":\"\",\"publisher\":{\"@id\":\"https:\/\/actiproct.com\/be\/fr\/#organization\"},\"potentialAction\":[{\"@type\":\"SearchAction\",\"target\":{\"@type\":\"EntryPoint\",\"urlTemplate\":\"https:\/\/actiproct.com\/be\/fr\/?s={search_term_string}\"},\"query-input\":{\"@type\":\"PropertyValueSpecification\",\"valueRequired\":true,\"valueName\":\"search_term_string\"}}],\"inLanguage\":\"fr-FR\"},{\"@type\":\"Organization\",\"@id\":\"https:\/\/actiproct.com\/be\/fr\/#organization\",\"name\":\"Actiproct\",\"url\":\"https:\/\/actiproct.com\/be\/fr\/\",\"logo\":{\"@type\":\"ImageObject\",\"inLanguage\":\"fr-FR\",\"@id\":\"https:\/\/actiproct.com\/be\/fr\/#\/schema\/logo\/image\/\",\"url\":\"https:\/\/actiproct.com\/app\/uploads\/sites\/7\/2025\/08\/Actiproct-logo.png\",\"contentUrl\":\"https:\/\/actiproct.com\/app\/uploads\/sites\/7\/2025\/08\/Actiproct-logo.png\",\"width\":233,\"height\":101,\"caption\":\"Actiproct\"},\"image\":{\"@id\":\"https:\/\/actiproct.com\/be\/fr\/#\/schema\/logo\/image\/\"}}]}<\/script>\n<!-- \/ Yoast SEO plugin. -->","yoast_head_json":{"title":"ActiProct Gel Tube - Actiproct","description":"Il est cliniquement prouv\u00e9 qu'ActiProct Gel soulage les inconforts li\u00e9s aux h\u00e9morro\u00efdes en apaisant les d\u00e9mangeaisons et la douleur et en r\u00e9duisant l'inflammation. Il procure un effet rafra\u00eechissant rapide en 60 secondes.","robots":{"index":"index","follow":"follow","max-snippet":"max-snippet:-1","max-image-preview":"max-image-preview:large","max-video-preview":"max-video-preview:-1"},"canonical":"https:\/\/actiproct.com\/be\/fr\/produit\/actiproct-gel-tube\/","og_locale":"fr_FR","og_type":"article","og_title":"ActiProct Gel Tube - Actiproct","og_description":"Il est cliniquement prouv\u00e9 qu'ActiProct Gel soulage les inconforts li\u00e9s aux h\u00e9morro\u00efdes en apaisant les d\u00e9mangeaisons et la douleur et en r\u00e9duisant l'inflammation. Il procure un effet rafra\u00eechissant rapide en 60 secondes.","og_url":"https:\/\/actiproct.com\/be\/fr\/produit\/actiproct-gel-tube\/","og_site_name":"Actiproct","article_modified_time":"2025-08-28T09:55:58+00:00","og_image":[{"width":494,"height":494,"url":"https:\/\/actiproct.com\/app\/uploads\/sites\/7\/2025\/08\/actiproct-gel-tube-fr-1.png","type":"image\/png"}],"twitter_card":"summary_large_image","twitter_misc":{"Dur\u00e9e de lecture estim\u00e9e":"1 minute"},"schema":{"@context":"https:\/\/schema.org","@graph":[{"@type":"WebPage","@id":"https:\/\/actiproct.com\/be\/fr\/produit\/actiproct-gel-tube\/","url":"https:\/\/actiproct.com\/be\/fr\/produit\/actiproct-gel-tube\/","name":"ActiProct Gel Tube - Actiproct","isPartOf":{"@id":"https:\/\/actiproct.com\/be\/fr\/#website"},"primaryImageOfPage":{"@id":"https:\/\/actiproct.com\/be\/fr\/produit\/actiproct-gel-tube\/#primaryimage"},"image":{"@id":"https:\/\/actiproct.com\/be\/fr\/produit\/actiproct-gel-tube\/#primaryimage"},"thumbnailUrl":"https:\/\/actiproct.com\/app\/uploads\/sites\/7\/2025\/08\/actiproct-gel-tube-fr-1.png","datePublished":"2025-08-13T16:56:26+00:00","dateModified":"2025-08-28T09:55:58+00:00","description":"Il est cliniquement prouv\u00e9 qu'ActiProct Gel soulage les inconforts li\u00e9s aux h\u00e9morro\u00efdes en apaisant les d\u00e9mangeaisons et la douleur et en r\u00e9duisant l'inflammation. Il procure un effet rafra\u00eechissant rapide en 60 secondes.","breadcrumb":{"@id":"https:\/\/actiproct.com\/be\/fr\/produit\/actiproct-gel-tube\/#breadcrumb"},"inLanguage":"fr-FR","potentialAction":[{"@type":"ReadAction","target":["https:\/\/actiproct.com\/be\/fr\/produit\/actiproct-gel-tube\/"]}]},{"@type":"ImageObject","inLanguage":"fr-FR","@id":"https:\/\/actiproct.com\/be\/fr\/produit\/actiproct-gel-tube\/#primaryimage","url":"https:\/\/actiproct.com\/app\/uploads\/sites\/7\/2025\/08\/actiproct-gel-tube-fr-1.png","contentUrl":"https:\/\/actiproct.com\/app\/uploads\/sites\/7\/2025\/08\/actiproct-gel-tube-fr-1.png","width":494,"height":494,"caption":"actiproct-gel-tube"},{"@type":"BreadcrumbList","@id":"https:\/\/actiproct.com\/be\/fr\/produit\/actiproct-gel-tube\/#breadcrumb","itemListElement":[{"@type":"ListItem","position":1,"name":"Home","item":"https:\/\/actiproct.com\/be\/fr\/"},{"@type":"ListItem","position":2,"name":"Produits","item":"https:\/\/actiproct.com\/be\/fr\/produits\/"},{"@type":"ListItem","position":3,"name":"ActiProct Gel Tube"}]},{"@type":"WebSite","@id":"https:\/\/actiproct.com\/be\/fr\/#website","url":"https:\/\/actiproct.com\/be\/fr\/","name":"Actiproct","description":"","publisher":{"@id":"https:\/\/actiproct.com\/be\/fr\/#organization"},"potentialAction":[{"@type":"SearchAction","target":{"@type":"EntryPoint","urlTemplate":"https:\/\/actiproct.com\/be\/fr\/?s={search_term_string}"},"query-input":{"@type":"PropertyValueSpecification","valueRequired":true,"valueName":"search_term_string"}}],"inLanguage":"fr-FR"},{"@type":"Organization","@id":"https:\/\/actiproct.com\/be\/fr\/#organization","name":"Actiproct","url":"https:\/\/actiproct.com\/be\/fr\/","logo":{"@type":"ImageObject","inLanguage":"fr-FR","@id":"https:\/\/actiproct.com\/be\/fr\/#\/schema\/logo\/image\/","url":"https:\/\/actiproct.com\/app\/uploads\/sites\/7\/2025\/08\/Actiproct-logo.png","contentUrl":"https:\/\/actiproct.com\/app\/uploads\/sites\/7\/2025\/08\/Actiproct-logo.png","width":233,"height":101,"caption":"Actiproct"},"image":{"@id":"https:\/\/actiproct.com\/be\/fr\/#\/schema\/logo\/image\/"}}]}},"_links":{"self":[{"href":"https:\/\/actiproct.com\/be\/fr\/wp-json\/wp\/v2\/product\/198","targetHints":{"allow":["GET"]}}],"collection":[{"href":"https:\/\/actiproct.com\/be\/fr\/wp-json\/wp\/v2\/product"}],"about":[{"href":"https:\/\/actiproct.com\/be\/fr\/wp-json\/wp\/v2\/types\/product"}],"replies":[{"embeddable":true,"href":"https:\/\/actiproct.com\/be\/fr\/wp-json\/wp\/v2\/comments?post=198"}],"version-history":[{"count":10,"href":"https:\/\/actiproct.com\/be\/fr\/wp-json\/wp\/v2\/product\/198\/revisions"}],"predecessor-version":[{"id":282,"href":"https:\/\/actiproct.com\/be\/fr\/wp-json\/wp\/v2\/product\/198\/revisions\/282"}],"wp:featuredmedia":[{"embeddable":true,"href":"https:\/\/actiproct.com\/be\/fr\/wp-json\/wp\/v2\/media\/123"}],"wp:attachment":[{"href":"https:\/\/actiproct.com\/be\/fr\/wp-json\/wp\/v2\/media?parent=198"}],"wp:term":[{"taxonomy":"product_brand","embeddable":true,"href":"https:\/\/actiproct.com\/be\/fr\/wp-json\/wp\/v2\/product_brand?post=198"},{"taxonomy":"product_cat","embeddable":true,"href":"https:\/\/actiproct.com\/be\/fr\/wp-json\/wp\/v2\/product_cat?post=198"},{"taxonomy":"product_tag","embeddable":true,"href":"https:\/\/actiproct.com\/be\/fr\/wp-json\/wp\/v2\/product_tag?post=198"}],"curies":[{"name":"wp","href":"https:\/\/api.w.org\/{rel}","templated":true}]}}