{"id":147,"date":"2025-08-14T08:34:10","date_gmt":"2025-08-14T08:34:10","guid":{"rendered":"https:\/\/actiproct.com\/be\/?page_id=147"},"modified":"2025-08-28T09:55:57","modified_gmt":"2025-08-28T09:55:57","slug":"over-actiproct","status":"publish","type":"page","link":"https:\/\/actiproct.com\/be\/nl\/over-actiproct\/","title":{"rendered":"Over Actiproct"},"content":{"rendered":"\n\n\n\n\n<div class=\"wp-block-karopharma-free-text pt-large pb-small bg-center bg-cover bg-no-repeat  is-style-secondary\" style=\"background-image:url()\"><div class=\"free-text-wrapper container max-w-medium text-center\">\n<figure class=\"wp-block-image aligncenter size-full\"><img decoding=\"async\" src=\"https:\/\/actiproct.com\/app\/uploads\/sites\/4\/2025\/06\/5-voudige.png\" alt=\"5-voudige werking\" class=\"wp-image-197\"\/><\/figure>\n\n\n\n<p class=\"has-text-align-center\">Zonder lokale anesthetica en corticostero\u00efden.<\/p>\n<\/div><\/div>\n\n\n\n<div class=\"wp-block-karopharma-several-images-with-text several-images-with-text is-style-secondary\"><div class=\"container large col-1 content-align-center\" test-data=\"inner-content\">\n<section class=\"wp-block-karopharma-image-with-text image-with-text image-with-text__full-width\"><div class=\"image-with-text-container \"><div class=\"image-with-text-container-image-container\"><img decoding=\"async\" loading=\"lazy\" src=\"https:\/\/actiproct.com\/cdn-cgi\/image\/format=auto\/app\/uploads\/sites\/4\/2025\/06\/icon-lubricating-300x240-1.png\" alt=\"Smeren\"\/><\/div><div class=\"image-with-text-container-content\" style=\"text-align:left\" data-test=\"content\"><div class=\"content\"><h2><mark style=\"background-color:rgba(0, 0, 0, 0)\" class=\"has-inline-color has-primary-color\">Verlichting bij aambeien &amp; anale ongemakken<\/mark><\/h2><p class=\"body\" data-test=\"body\">ActiProct<sup>\u00ae<\/sup> is gebaseerd op natuurlijke ingredi\u00ebnten en heeft een onmiddellijk verkoelend effect dat verlichting en comfort biedt.<\/p>\n<div class=\"wp-block-buttons is-layout-flex wp-block-buttons-is-layout-flex\"><\/div>\n<\/div><\/div><\/div><\/section>\n\n\n\n<section class=\"wp-block-karopharma-image-with-text image-with-text image-with-text__full-width\"><div class=\"image-with-text-container \"><div class=\"image-with-text-container-image-container\"><img decoding=\"async\" loading=\"lazy\" src=\"https:\/\/actiproct.com\/cdn-cgi\/image\/format=auto\/app\/uploads\/sites\/4\/2025\/06\/treating-300x240-1.png\" alt=\"Hydrateren\"\/><\/div><div class=\"image-with-text-container-content\" style=\"text-align:left\" data-test=\"content\"><div class=\"content\"><h2><mark style=\"background-color:rgba(0, 0, 0, 0)\" class=\"has-inline-color has-primary-color\">Vermindert ontstekingen<\/mark><\/h2><p class=\"body\" data-test=\"body\">Kalmeert het ge\u00efrriteerde huidweefsel en helpt zwelling te verminderen.<\/p>\n<div class=\"wp-block-buttons is-layout-flex wp-block-buttons-is-layout-flex\"><\/div>\n<\/div><\/div><\/div><\/section>\n\n\n\n<section class=\"wp-block-karopharma-image-with-text image-with-text image-with-text__full-width\"><div class=\"image-with-text-container \"><div class=\"image-with-text-container-image-container\"><img decoding=\"async\" loading=\"lazy\" src=\"https:\/\/actiproct.com\/cdn-cgi\/image\/format=auto\/app\/uploads\/sites\/4\/2025\/06\/Pain-300x240-1.png\" alt=\"Verlicht pijn\"\/><\/div><div class=\"image-with-text-container-content\" style=\"text-align:left\" data-test=\"content\"><div class=\"content\"><h2><mark style=\"background-color:rgba(0, 0, 0, 0)\" class=\"has-inline-color has-primary-color\">Verlicht pijn<\/mark><\/h2><p class=\"body\" data-test=\"body\">Het 2QR-complex, gewonnen uit alo\u00eb vera,<br>cre\u00ebert een fysieke beschermende barri\u00e8re en een glijdend effect om de stoelgang te vergemakkelijken en zo pijn en ongemak tijdens toiletbezoek vermindert.<\/p>\n<div class=\"wp-block-buttons is-layout-flex wp-block-buttons-is-layout-flex\"><\/div>\n<\/div><\/div><\/div><\/section>\n\n\n\n<section class=\"wp-block-karopharma-image-with-text image-with-text image-with-text__full-width\"><div class=\"image-with-text-container \"><div class=\"image-with-text-container-image-container\"><img decoding=\"async\" loading=\"lazy\" src=\"https:\/\/actiproct.com\/cdn-cgi\/image\/format=auto\/app\/uploads\/sites\/4\/2025\/06\/sooting-300x240-1.png\" alt=\"Verzachten\"\/><\/div><div class=\"image-with-text-container-content\" style=\"text-align:left\" data-test=\"content\"><div class=\"content\"><h2><mark style=\"background-color:rgba(0, 0, 0, 0)\" class=\"has-inline-color has-primary-color\">Verzacht jeuk<\/mark><\/h2><p class=\"body\" data-test=\"body\">Actiproct vermindert jeuk en irritatie en geeft een snel verkoelend effect binnen 60 seconden.<\/p>\n<div class=\"wp-block-buttons is-layout-flex wp-block-buttons-is-layout-flex\"><\/div>\n<\/div><\/div><\/div><\/section>\n\n\n\n<section class=\"wp-block-karopharma-image-with-text image-with-text image-with-text__full-width\"><div class=\"image-with-text-container \"><div class=\"image-with-text-container-image-container\"><img decoding=\"async\" loading=\"lazy\" src=\"https:\/\/actiproct.com\/cdn-cgi\/image\/format=auto\/app\/uploads\/sites\/4\/2025\/06\/icon-protecting-300x240-1.png\" alt=\"Beschermen\"\/><\/div><div class=\"image-with-text-container-content\" style=\"text-align:left\" data-test=\"content\"><div class=\"content\"><h2><mark style=\"background-color:rgba(0, 0, 0, 0)\" class=\"has-inline-color has-primary-color\">Beschermt tegen irritatie &amp; wrijving<\/mark><\/h2><p class=\"body\" data-test=\"body\">Om besmettelijke bacteri\u00ebn te voorkomen die je symptomen kunnen verergeren, vormt Actiproct een fysieke barri\u00e8re die niet alleen beschermt, maar ook de natuurlijke genezing van aambeien bevordert.<\/p>\n<div class=\"wp-block-buttons is-layout-flex wp-block-buttons-is-layout-flex\"><\/div>\n<\/div><\/div><\/div><\/section>\n<\/div><\/div>\n\n\n\n<div class=\"wp-block-karopharma-free-text pt-none pb-large bg-center bg-cover bg-no-repeat  is-style-secondary\" style=\"background-image:url()\"><div class=\"free-text-wrapper container max-w-small text-center\">\n<div class=\"wp-block-buttons is-content-justification-center is-layout-flex wp-container-core-buttons-is-layout-16018d1d wp-block-buttons-is-layout-flex\">\n<div class=\"wp-block-button\"><a class=\"wp-block-button__link wp-element-button\" href=\"https:\/\/actiproct.com\/be\/nl\/producten\/\">Lees meer<\/a><\/div>\n<\/div>\n<\/div><\/div>\n\n\n\n<div class=\"wp-block-karopharma-free-text pt-large pb-large bg-center bg-cover bg-no-repeat\" style=\"background-image:url()\"><div class=\"free-text-wrapper container max-w-small text-center\">\n<h2 class=\"wp-block-heading is-style-heading-h1 fontnormal\">Waarom ActiProct kiezen?<\/h2>\n\n\n\n<p>ActiProct is meer dan alleen een behandeling \u2013 het is een complete oplossing voor aambeienverlichting:<br><strong>Klinisch bewezen<\/strong> \u2013 Vermindert effectief pijn, irritatie en ontstekingen.<br><strong>Snelwerkend<\/strong> \u2013 Geeft een verkoelend gevoel binnen 60 seconden.<br><strong>Veilig voor dagelijks gebruik<\/strong> \u2013 Vrij van cortison, lokale anesthetica en kunstmatige geurstoffen.<br><strong>Veilig tijdens zwangerschap en borstvoeding<\/strong> \u2013 Geen bekende bijwerkingen bij langdurig gebruik.<\/p>\n<\/div><\/div>\n","protected":false},"excerpt":{"rendered":"","protected":false},"author":2,"featured_media":0,"parent":0,"menu_order":0,"comment_status":"closed","ping_status":"closed","template":"","meta":{"_acf_changed":false,"footnotes":""},"from-article-database":[],"class_list":["post-147","page","type-page","status-publish","hentry"],"acf":[],"yoast_head":"<!-- This site is optimized with the Yoast SEO plugin v26.6 - https:\/\/yoast.com\/wordpress\/plugins\/seo\/ -->\n<title>Over Actiproct - Actiproct<\/title>\n<meta name=\"description\" content=\"Actiproct is uniek op de markt. De verzachtende, verkoelende en kalmerende eigenschappen zijn volledig natuurlijk en verlichten jeuk, het branderige gevoel en irritatie.\" \/>\n<meta name=\"robots\" content=\"index, follow, max-snippet:-1, max-image-preview:large, max-video-preview:-1\" \/>\n<link rel=\"canonical\" href=\"https:\/\/actiproct.com\/be\/nl\/over-actiproct\/\" \/>\n<meta property=\"og:locale\" content=\"nl_NL\" \/>\n<meta property=\"og:type\" content=\"article\" \/>\n<meta property=\"og:title\" content=\"Over Actiproct - Actiproct\" \/>\n<meta property=\"og:description\" content=\"Actiproct is uniek op de markt. De verzachtende, verkoelende en kalmerende eigenschappen zijn volledig natuurlijk en verlichten jeuk, het branderige gevoel en irritatie.\" \/>\n<meta property=\"og:url\" content=\"https:\/\/actiproct.com\/be\/nl\/over-actiproct\/\" \/>\n<meta property=\"og:site_name\" content=\"Actiproct\" \/>\n<meta property=\"article:modified_time\" content=\"2025-08-28T09:55:57+00:00\" \/>\n<meta property=\"og:image\" content=\"https:\/\/actiproct.com\/app\/uploads\/sites\/4\/2025\/06\/5-voudige.png\" \/>\n<meta name=\"twitter:card\" content=\"summary_large_image\" \/>\n<meta name=\"twitter:label1\" content=\"Geschatte leestijd\" \/>\n\t<meta name=\"twitter:data1\" content=\"2 minuten\" \/>\n<script type=\"application\/ld+json\" class=\"yoast-schema-graph\">{\"@context\":\"https:\/\/schema.org\",\"@graph\":[{\"@type\":\"WebPage\",\"@id\":\"https:\/\/actiproct.com\/be\/nl\/over-actiproct\/\",\"url\":\"https:\/\/actiproct.com\/be\/nl\/over-actiproct\/\",\"name\":\"Over Actiproct - Actiproct\",\"isPartOf\":{\"@id\":\"https:\/\/actiproct.com\/be\/nl\/#website\"},\"primaryImageOfPage\":{\"@id\":\"https:\/\/actiproct.com\/be\/nl\/over-actiproct\/#primaryimage\"},\"image\":{\"@id\":\"https:\/\/actiproct.com\/be\/nl\/over-actiproct\/#primaryimage\"},\"thumbnailUrl\":\"https:\/\/actiproct.com\/app\/uploads\/sites\/4\/2025\/06\/5-voudige.png\",\"datePublished\":\"2025-08-14T08:34:10+00:00\",\"dateModified\":\"2025-08-28T09:55:57+00:00\",\"description\":\"Actiproct is uniek op de markt. De verzachtende, verkoelende en kalmerende eigenschappen zijn volledig natuurlijk en verlichten jeuk, het branderige gevoel en irritatie.\",\"breadcrumb\":{\"@id\":\"https:\/\/actiproct.com\/be\/nl\/over-actiproct\/#breadcrumb\"},\"inLanguage\":\"nl-NL\",\"potentialAction\":[{\"@type\":\"ReadAction\",\"target\":[\"https:\/\/actiproct.com\/be\/nl\/over-actiproct\/\"]}]},{\"@type\":\"ImageObject\",\"inLanguage\":\"nl-NL\",\"@id\":\"https:\/\/actiproct.com\/be\/nl\/over-actiproct\/#primaryimage\",\"url\":\"https:\/\/actiproct.com\/app\/uploads\/sites\/4\/2025\/06\/5-voudige.png\",\"contentUrl\":\"https:\/\/actiproct.com\/app\/uploads\/sites\/4\/2025\/06\/5-voudige.png\"},{\"@type\":\"BreadcrumbList\",\"@id\":\"https:\/\/actiproct.com\/be\/nl\/over-actiproct\/#breadcrumb\",\"itemListElement\":[{\"@type\":\"ListItem\",\"position\":1,\"name\":\"Home\",\"item\":\"https:\/\/actiproct.com\/be\/nl\/\"},{\"@type\":\"ListItem\",\"position\":2,\"name\":\"Over Actiproct\"}]},{\"@type\":\"WebSite\",\"@id\":\"https:\/\/actiproct.com\/be\/nl\/#website\",\"url\":\"https:\/\/actiproct.com\/be\/nl\/\",\"name\":\"Actiproct\",\"description\":\"\",\"publisher\":{\"@id\":\"https:\/\/actiproct.com\/be\/nl\/#organization\"},\"potentialAction\":[{\"@type\":\"SearchAction\",\"target\":{\"@type\":\"EntryPoint\",\"urlTemplate\":\"https:\/\/actiproct.com\/be\/nl\/?s={search_term_string}\"},\"query-input\":{\"@type\":\"PropertyValueSpecification\",\"valueRequired\":true,\"valueName\":\"search_term_string\"}}],\"inLanguage\":\"nl-NL\"},{\"@type\":\"Organization\",\"@id\":\"https:\/\/actiproct.com\/be\/nl\/#organization\",\"name\":\"Actiproct\",\"url\":\"https:\/\/actiproct.com\/be\/nl\/\",\"logo\":{\"@type\":\"ImageObject\",\"inLanguage\":\"nl-NL\",\"@id\":\"https:\/\/actiproct.com\/be\/nl\/#\/schema\/logo\/image\/\",\"url\":\"https:\/\/actiproct.com\/app\/uploads\/sites\/7\/2025\/08\/Actiproct-logo.png\",\"contentUrl\":\"https:\/\/actiproct.com\/app\/uploads\/sites\/7\/2025\/08\/Actiproct-logo.png\",\"width\":233,\"height\":101,\"caption\":\"Actiproct\"},\"image\":{\"@id\":\"https:\/\/actiproct.com\/be\/nl\/#\/schema\/logo\/image\/\"}}]}<\/script>\n<!-- \/ Yoast SEO plugin. -->","yoast_head_json":{"title":"Over Actiproct - Actiproct","description":"Actiproct is uniek op de markt. De verzachtende, verkoelende en kalmerende eigenschappen zijn volledig natuurlijk en verlichten jeuk, het branderige gevoel en irritatie.","robots":{"index":"index","follow":"follow","max-snippet":"max-snippet:-1","max-image-preview":"max-image-preview:large","max-video-preview":"max-video-preview:-1"},"canonical":"https:\/\/actiproct.com\/be\/nl\/over-actiproct\/","og_locale":"nl_NL","og_type":"article","og_title":"Over Actiproct - Actiproct","og_description":"Actiproct is uniek op de markt. De verzachtende, verkoelende en kalmerende eigenschappen zijn volledig natuurlijk en verlichten jeuk, het branderige gevoel en irritatie.","og_url":"https:\/\/actiproct.com\/be\/nl\/over-actiproct\/","og_site_name":"Actiproct","article_modified_time":"2025-08-28T09:55:57+00:00","og_image":[{"url":"https:\/\/actiproct.com\/app\/uploads\/sites\/4\/2025\/06\/5-voudige.png","type":"","width":"","height":""}],"twitter_card":"summary_large_image","twitter_misc":{"Geschatte leestijd":"2 minuten"},"schema":{"@context":"https:\/\/schema.org","@graph":[{"@type":"WebPage","@id":"https:\/\/actiproct.com\/be\/nl\/over-actiproct\/","url":"https:\/\/actiproct.com\/be\/nl\/over-actiproct\/","name":"Over Actiproct - Actiproct","isPartOf":{"@id":"https:\/\/actiproct.com\/be\/nl\/#website"},"primaryImageOfPage":{"@id":"https:\/\/actiproct.com\/be\/nl\/over-actiproct\/#primaryimage"},"image":{"@id":"https:\/\/actiproct.com\/be\/nl\/over-actiproct\/#primaryimage"},"thumbnailUrl":"https:\/\/actiproct.com\/app\/uploads\/sites\/4\/2025\/06\/5-voudige.png","datePublished":"2025-08-14T08:34:10+00:00","dateModified":"2025-08-28T09:55:57+00:00","description":"Actiproct is uniek op de markt. De verzachtende, verkoelende en kalmerende eigenschappen zijn volledig natuurlijk en verlichten jeuk, het branderige gevoel en irritatie.","breadcrumb":{"@id":"https:\/\/actiproct.com\/be\/nl\/over-actiproct\/#breadcrumb"},"inLanguage":"nl-NL","potentialAction":[{"@type":"ReadAction","target":["https:\/\/actiproct.com\/be\/nl\/over-actiproct\/"]}]},{"@type":"ImageObject","inLanguage":"nl-NL","@id":"https:\/\/actiproct.com\/be\/nl\/over-actiproct\/#primaryimage","url":"https:\/\/actiproct.com\/app\/uploads\/sites\/4\/2025\/06\/5-voudige.png","contentUrl":"https:\/\/actiproct.com\/app\/uploads\/sites\/4\/2025\/06\/5-voudige.png"},{"@type":"BreadcrumbList","@id":"https:\/\/actiproct.com\/be\/nl\/over-actiproct\/#breadcrumb","itemListElement":[{"@type":"ListItem","position":1,"name":"Home","item":"https:\/\/actiproct.com\/be\/nl\/"},{"@type":"ListItem","position":2,"name":"Over Actiproct"}]},{"@type":"WebSite","@id":"https:\/\/actiproct.com\/be\/nl\/#website","url":"https:\/\/actiproct.com\/be\/nl\/","name":"Actiproct","description":"","publisher":{"@id":"https:\/\/actiproct.com\/be\/nl\/#organization"},"potentialAction":[{"@type":"SearchAction","target":{"@type":"EntryPoint","urlTemplate":"https:\/\/actiproct.com\/be\/nl\/?s={search_term_string}"},"query-input":{"@type":"PropertyValueSpecification","valueRequired":true,"valueName":"search_term_string"}}],"inLanguage":"nl-NL"},{"@type":"Organization","@id":"https:\/\/actiproct.com\/be\/nl\/#organization","name":"Actiproct","url":"https:\/\/actiproct.com\/be\/nl\/","logo":{"@type":"ImageObject","inLanguage":"nl-NL","@id":"https:\/\/actiproct.com\/be\/nl\/#\/schema\/logo\/image\/","url":"https:\/\/actiproct.com\/app\/uploads\/sites\/7\/2025\/08\/Actiproct-logo.png","contentUrl":"https:\/\/actiproct.com\/app\/uploads\/sites\/7\/2025\/08\/Actiproct-logo.png","width":233,"height":101,"caption":"Actiproct"},"image":{"@id":"https:\/\/actiproct.com\/be\/nl\/#\/schema\/logo\/image\/"}}]}},"_links":{"self":[{"href":"https:\/\/actiproct.com\/be\/nl\/wp-json\/wp\/v2\/pages\/147","targetHints":{"allow":["GET"]}}],"collection":[{"href":"https:\/\/actiproct.com\/be\/nl\/wp-json\/wp\/v2\/pages"}],"about":[{"href":"https:\/\/actiproct.com\/be\/nl\/wp-json\/wp\/v2\/types\/page"}],"author":[{"embeddable":true,"href":"https:\/\/actiproct.com\/be\/nl\/wp-json\/wp\/v2\/users\/2"}],"replies":[{"embeddable":true,"href":"https:\/\/actiproct.com\/be\/nl\/wp-json\/wp\/v2\/comments?post=147"}],"version-history":[{"count":3,"href":"https:\/\/actiproct.com\/be\/nl\/wp-json\/wp\/v2\/pages\/147\/revisions"}],"predecessor-version":[{"id":227,"href":"https:\/\/actiproct.com\/be\/nl\/wp-json\/wp\/v2\/pages\/147\/revisions\/227"}],"wp:attachment":[{"href":"https:\/\/actiproct.com\/be\/nl\/wp-json\/wp\/v2\/media?parent=147"}],"wp:term":[{"taxonomy":"from-article-database","embeddable":true,"href":"https:\/\/actiproct.com\/be\/nl\/wp-json\/wp\/v2\/from-article-database?post=147"}],"curies":[{"name":"wp","href":"https:\/\/api.w.org\/{rel}","templated":true}]}}