{"id":117,"date":"2025-05-20T14:45:00","date_gmt":"2025-05-20T12:45:00","guid":{"rendered":"https:\/\/actiproct.com\/de\/?page_id=117"},"modified":"2025-08-20T07:59:34","modified_gmt":"2025-08-20T05:59:34","slug":"impressum","status":"publish","type":"page","link":"https:\/\/actiproct.com\/de\/impressum\/","title":{"rendered":"Impressum"},"content":{"rendered":"\n<div class=\"wp-block-karopharma-free-text pt-large pb-large bg-center bg-cover bg-no-repeat\" style=\"background-image:url()\"><div class=\"free-text-wrapper container max-w-medium text-left\">\n<h1 class=\"wp-block-heading\">Impressum<\/h1>\n\n\n\n<p class=\"is-style-paragraph-preamble\"><strong>Karo Healthcare GmbH<br><\/strong>Flingerstrasse 9-11<br>40213 D\u00fcsseldorf<br>Tel.: +49 (0)211 \/ 300 456-0<br>Fax: +49 (0)211 \/ 300 456-29<br>Email: infode@karopharma.com<\/p>\n\n\n\n<p class=\"is-style-paragraph-preamble\">Handelsregister: Registergericht M\u00fcnchen HRB 250663<br>Umsatzsteuer-ID: DE327155359<\/p>\n\n\n\n<p class=\"is-style-paragraph-preamble\">Gesch\u00e4ftsf\u00fchrer: Christoffer Lorenzen, Damian H\u00fctter, Peter Model<\/p>\n<\/div><\/div>\n","protected":false},"excerpt":{"rendered":"","protected":false},"author":2,"featured_media":0,"parent":0,"menu_order":0,"comment_status":"closed","ping_status":"closed","template":"","meta":{"_acf_changed":false,"footnotes":""},"from-article-database":[],"class_list":["post-117","page","type-page","status-publish","hentry"],"acf":[],"yoast_head":"<!-- This site is optimized with the Yoast SEO plugin v26.6 - https:\/\/yoast.com\/wordpress\/plugins\/seo\/ -->\n<title>Impressum - ActiProct<\/title>\n<meta name=\"description\" content=\"Karo Healthcare GmbH Flingerstrasse 9-11 40213 D\u00fcsseldorf Tel.: +49 (0)211 \/ 300 456-0 Fax: +49 (0)211 \/ 300 456-29 Email: infode@karopharma.com\" \/>\n<meta name=\"robots\" content=\"index, follow, max-snippet:-1, max-image-preview:large, max-video-preview:-1\" \/>\n<link rel=\"canonical\" href=\"https:\/\/actiproct.com\/de\/impressum\/\" \/>\n<meta property=\"og:locale\" content=\"de_DE\" \/>\n<meta property=\"og:type\" content=\"article\" \/>\n<meta property=\"og:title\" content=\"Impressum - ActiProct\" \/>\n<meta property=\"og:description\" content=\"Karo Healthcare GmbH Flingerstrasse 9-11 40213 D\u00fcsseldorf Tel.: +49 (0)211 \/ 300 456-0 Fax: +49 (0)211 \/ 300 456-29 Email: infode@karopharma.com\" \/>\n<meta property=\"og:url\" content=\"https:\/\/actiproct.com\/de\/impressum\/\" \/>\n<meta property=\"og:site_name\" content=\"ActiProct\" \/>\n<meta property=\"article:modified_time\" content=\"2025-08-20T05:59:34+00:00\" \/>\n<meta name=\"twitter:card\" content=\"summary_large_image\" \/>\n<meta name=\"twitter:label1\" content=\"Gesch\u00e4tzte Lesezeit\" \/>\n\t<meta name=\"twitter:data1\" content=\"1\u00a0Minute\" \/>\n<script type=\"application\/ld+json\" class=\"yoast-schema-graph\">{\"@context\":\"https:\/\/schema.org\",\"@graph\":[{\"@type\":\"WebPage\",\"@id\":\"https:\/\/actiproct.com\/de\/impressum\/\",\"url\":\"https:\/\/actiproct.com\/de\/impressum\/\",\"name\":\"Impressum - ActiProct\",\"isPartOf\":{\"@id\":\"https:\/\/actiproct.com\/de\/#website\"},\"datePublished\":\"2025-05-20T12:45:00+00:00\",\"dateModified\":\"2025-08-20T05:59:34+00:00\",\"description\":\"Karo Healthcare GmbH Flingerstrasse 9-11 40213 D\u00fcsseldorf Tel.: +49 (0)211 \/ 300 456-0 Fax: +49 (0)211 \/ 300 456-29 Email: infode@karopharma.com\",\"breadcrumb\":{\"@id\":\"https:\/\/actiproct.com\/de\/impressum\/#breadcrumb\"},\"inLanguage\":\"de\",\"potentialAction\":[{\"@type\":\"ReadAction\",\"target\":[\"https:\/\/actiproct.com\/de\/impressum\/\"]}]},{\"@type\":\"BreadcrumbList\",\"@id\":\"https:\/\/actiproct.com\/de\/impressum\/#breadcrumb\",\"itemListElement\":[{\"@type\":\"ListItem\",\"position\":1,\"name\":\"Home\",\"item\":\"https:\/\/actiproct.com\/de\/\"},{\"@type\":\"ListItem\",\"position\":2,\"name\":\"Impressum\"}]},{\"@type\":\"WebSite\",\"@id\":\"https:\/\/actiproct.com\/de\/#website\",\"url\":\"https:\/\/actiproct.com\/de\/\",\"name\":\"ActiProct\",\"description\":\"\",\"publisher\":{\"@id\":\"https:\/\/actiproct.com\/de\/#organization\"},\"potentialAction\":[{\"@type\":\"SearchAction\",\"target\":{\"@type\":\"EntryPoint\",\"urlTemplate\":\"https:\/\/actiproct.com\/de\/?s={search_term_string}\"},\"query-input\":{\"@type\":\"PropertyValueSpecification\",\"valueRequired\":true,\"valueName\":\"search_term_string\"}}],\"inLanguage\":\"de\"},{\"@type\":\"Organization\",\"@id\":\"https:\/\/actiproct.com\/de\/#organization\",\"name\":\"ActiProct\",\"url\":\"https:\/\/actiproct.com\/de\/\",\"logo\":{\"@type\":\"ImageObject\",\"inLanguage\":\"de\",\"@id\":\"https:\/\/actiproct.com\/de\/#\/schema\/logo\/image\/\",\"url\":\"https:\/\/actiproct.com\/app\/uploads\/sites\/3\/2025\/05\/Actiproct-logo.png\",\"contentUrl\":\"https:\/\/actiproct.com\/app\/uploads\/sites\/3\/2025\/05\/Actiproct-logo.png\",\"width\":233,\"height\":101,\"caption\":\"ActiProct\"},\"image\":{\"@id\":\"https:\/\/actiproct.com\/de\/#\/schema\/logo\/image\/\"}}]}<\/script>\n<!-- \/ Yoast SEO plugin. -->","yoast_head_json":{"title":"Impressum - ActiProct","description":"Karo Healthcare GmbH Flingerstrasse 9-11 40213 D\u00fcsseldorf Tel.: +49 (0)211 \/ 300 456-0 Fax: +49 (0)211 \/ 300 456-29 Email: infode@karopharma.com","robots":{"index":"index","follow":"follow","max-snippet":"max-snippet:-1","max-image-preview":"max-image-preview:large","max-video-preview":"max-video-preview:-1"},"canonical":"https:\/\/actiproct.com\/de\/impressum\/","og_locale":"de_DE","og_type":"article","og_title":"Impressum - ActiProct","og_description":"Karo Healthcare GmbH Flingerstrasse 9-11 40213 D\u00fcsseldorf Tel.: +49 (0)211 \/ 300 456-0 Fax: +49 (0)211 \/ 300 456-29 Email: infode@karopharma.com","og_url":"https:\/\/actiproct.com\/de\/impressum\/","og_site_name":"ActiProct","article_modified_time":"2025-08-20T05:59:34+00:00","twitter_card":"summary_large_image","twitter_misc":{"Gesch\u00e4tzte Lesezeit":"1\u00a0Minute"},"schema":{"@context":"https:\/\/schema.org","@graph":[{"@type":"WebPage","@id":"https:\/\/actiproct.com\/de\/impressum\/","url":"https:\/\/actiproct.com\/de\/impressum\/","name":"Impressum - ActiProct","isPartOf":{"@id":"https:\/\/actiproct.com\/de\/#website"},"datePublished":"2025-05-20T12:45:00+00:00","dateModified":"2025-08-20T05:59:34+00:00","description":"Karo Healthcare GmbH Flingerstrasse 9-11 40213 D\u00fcsseldorf Tel.: +49 (0)211 \/ 300 456-0 Fax: +49 (0)211 \/ 300 456-29 Email: infode@karopharma.com","breadcrumb":{"@id":"https:\/\/actiproct.com\/de\/impressum\/#breadcrumb"},"inLanguage":"de","potentialAction":[{"@type":"ReadAction","target":["https:\/\/actiproct.com\/de\/impressum\/"]}]},{"@type":"BreadcrumbList","@id":"https:\/\/actiproct.com\/de\/impressum\/#breadcrumb","itemListElement":[{"@type":"ListItem","position":1,"name":"Home","item":"https:\/\/actiproct.com\/de\/"},{"@type":"ListItem","position":2,"name":"Impressum"}]},{"@type":"WebSite","@id":"https:\/\/actiproct.com\/de\/#website","url":"https:\/\/actiproct.com\/de\/","name":"ActiProct","description":"","publisher":{"@id":"https:\/\/actiproct.com\/de\/#organization"},"potentialAction":[{"@type":"SearchAction","target":{"@type":"EntryPoint","urlTemplate":"https:\/\/actiproct.com\/de\/?s={search_term_string}"},"query-input":{"@type":"PropertyValueSpecification","valueRequired":true,"valueName":"search_term_string"}}],"inLanguage":"de"},{"@type":"Organization","@id":"https:\/\/actiproct.com\/de\/#organization","name":"ActiProct","url":"https:\/\/actiproct.com\/de\/","logo":{"@type":"ImageObject","inLanguage":"de","@id":"https:\/\/actiproct.com\/de\/#\/schema\/logo\/image\/","url":"https:\/\/actiproct.com\/app\/uploads\/sites\/3\/2025\/05\/Actiproct-logo.png","contentUrl":"https:\/\/actiproct.com\/app\/uploads\/sites\/3\/2025\/05\/Actiproct-logo.png","width":233,"height":101,"caption":"ActiProct"},"image":{"@id":"https:\/\/actiproct.com\/de\/#\/schema\/logo\/image\/"}}]}},"_links":{"self":[{"href":"https:\/\/actiproct.com\/de\/wp-json\/wp\/v2\/pages\/117","targetHints":{"allow":["GET"]}}],"collection":[{"href":"https:\/\/actiproct.com\/de\/wp-json\/wp\/v2\/pages"}],"about":[{"href":"https:\/\/actiproct.com\/de\/wp-json\/wp\/v2\/types\/page"}],"author":[{"embeddable":true,"href":"https:\/\/actiproct.com\/de\/wp-json\/wp\/v2\/users\/2"}],"replies":[{"embeddable":true,"href":"https:\/\/actiproct.com\/de\/wp-json\/wp\/v2\/comments?post=117"}],"version-history":[{"count":1,"href":"https:\/\/actiproct.com\/de\/wp-json\/wp\/v2\/pages\/117\/revisions"}],"predecessor-version":[{"id":118,"href":"https:\/\/actiproct.com\/de\/wp-json\/wp\/v2\/pages\/117\/revisions\/118"}],"wp:attachment":[{"href":"https:\/\/actiproct.com\/de\/wp-json\/wp\/v2\/media?parent=117"}],"wp:term":[{"taxonomy":"from-article-database","embeddable":true,"href":"https:\/\/actiproct.com\/de\/wp-json\/wp\/v2\/from-article-database?post=117"}],"curies":[{"name":"wp","href":"https:\/\/api.w.org\/{rel}","templated":true}]}}