{"id":48,"date":"2025-05-19T09:47:01","date_gmt":"2025-05-19T07:47:01","guid":{"rendered":"https:\/\/actiproct.com\/de\/?page_id=48"},"modified":"2025-07-02T07:27:25","modified_gmt":"2025-07-02T05:27:25","slug":"uber-actiproct","status":"publish","type":"page","link":"https:\/\/actiproct.com\/de\/uber-actiproct\/","title":{"rendered":"\u00dcber ActiProct"},"content":{"rendered":"\n\n\n\n\n<div class=\"wp-block-karopharma-free-text pt-large pb-small bg-center bg-cover bg-no-repeat  is-style-secondary\" style=\"background-image:url()\"><div class=\"free-text-wrapper container max-w-medium text-center\">\n<figure class=\"wp-block-image aligncenter size-full\"><img loading=\"lazy\" decoding=\"async\" width=\"373\" height=\"77\" src=\"https:\/\/actiproct.com\/app\/uploads\/sites\/3\/2025\/05\/5-fache.png\" alt=\"5-fache-Wirkung\" class=\"wp-image-277\" srcset=\"https:\/\/actiproct.com\/app\/uploads\/sites\/3\/2025\/05\/5-fache.png 373w, https:\/\/actiproct.com\/app\/uploads\/sites\/3\/2025\/05\/5-fache-320x66.png 320w\" sizes=\"auto, (max-width: 373px) 100vw, 373px\" \/><\/figure>\n\n\n\n<p class=\"has-text-align-center\">Ohne Lokalan\u00e4sthetika und Kortikosteroide.<\/p>\n<\/div><\/div>\n\n\n\n<div class=\"wp-block-karopharma-several-images-with-text several-images-with-text is-style-secondary\"><div class=\"container large col-1 content-align-center\" test-data=\"inner-content\">\n<section class=\"wp-block-karopharma-image-with-text image-with-text image-with-text__full-width\"><div class=\"image-with-text-container \"><div class=\"image-with-text-container-image-container\"><img decoding=\"async\" loading=\"lazy\" src=\"https:\/\/actiproct.com\/cdn-cgi\/image\/format=auto\/app\/uploads\/sites\/2\/2025\/04\/cooling-300x240-1.png\" alt=\"Soothing\"\/><\/div><div class=\"image-with-text-container-content\" style=\"text-align:left\" data-test=\"content\"><div class=\"content\"><h2><mark style=\"background-color:rgba(0, 0, 0, 0)\" class=\"has-inline-color has-primary-color\">Beruhigend<\/mark><\/h2><p class=\"body\" data-test=\"body\">Die enthaltene Aloe vera beruhigt den betroffenen Bereich und reduziert Juckreiz sowie Reizungen. Ihr k\u00fchlender Effekt tr\u00e4gt zus\u00e4tzlich zur Erleichterung bei.<\/p>\n<div class=\"wp-block-buttons is-layout-flex wp-block-buttons-is-layout-flex\"><\/div>\n<\/div><\/div><\/div><\/section>\n\n\n\n<section class=\"wp-block-karopharma-image-with-text image-with-text image-with-text__full-width\"><div class=\"image-with-text-container \"><div class=\"image-with-text-container-image-container\"><img decoding=\"async\" loading=\"lazy\" src=\"https:\/\/actiproct.com\/cdn-cgi\/image\/format=auto\/app\/uploads\/sites\/2\/2025\/04\/treating-300x240-2.png\" alt=\"treating\"\/><\/div><div class=\"image-with-text-container-content\" style=\"text-align:left\" data-test=\"content\"><div class=\"content\"><h2><mark style=\"background-color:rgba(0, 0, 0, 0)\" class=\"has-inline-color has-primary-color\">Pflegend<\/mark><\/h2><p class=\"body\" data-test=\"body\">Die feuchtigkeitsspendenden Eigenschaften lindern Reizungen und sch\u00fctzen den betroffenen Bereich.<\/p>\n<div class=\"wp-block-buttons is-layout-flex wp-block-buttons-is-layout-flex\"><\/div>\n<\/div><\/div><\/div><\/section>\n\n\n\n<section class=\"wp-block-karopharma-image-with-text image-with-text image-with-text__full-width\"><div class=\"image-with-text-container \"><div class=\"image-with-text-container-image-container\"><img decoding=\"async\" loading=\"lazy\" src=\"https:\/\/actiproct.com\/cdn-cgi\/image\/format=auto\/app\/uploads\/sites\/2\/2025\/04\/icon-lubricating-300x240-1.png\" alt=\"lubricating\"\/><\/div><div class=\"image-with-text-container-content\" style=\"text-align:left\" data-test=\"content\"><div class=\"content\"><h2><mark style=\"background-color:rgba(0, 0, 0, 0)\" class=\"has-inline-color has-primary-color\">Mit Gleitwirkung<\/mark><\/h2><p class=\"body\" data-test=\"body\">Das Produkt bietet eine langanhaltende Gleitwirkung zur Unterst\u00fctzung eines schmerzfreieren Toilettengangs \u2013 ohne Flecken auf der Unterw\u00e4sche zu hinterlassen.<\/p>\n<div class=\"wp-block-buttons is-layout-flex wp-block-buttons-is-layout-flex\"><\/div>\n<\/div><\/div><\/div><\/section>\n\n\n\n<section class=\"wp-block-karopharma-image-with-text image-with-text image-with-text__full-width\"><div class=\"image-with-text-container \"><div class=\"image-with-text-container-image-container\"><img decoding=\"async\" loading=\"lazy\" src=\"https:\/\/actiproct.com\/cdn-cgi\/image\/format=auto\/app\/uploads\/sites\/2\/2025\/04\/icon-protecting-300x240-1.png\" alt=\"protecting\"\/><\/div><div class=\"image-with-text-container-content\" style=\"text-align:left\" data-test=\"content\"><div class=\"content\"><h2><mark style=\"background-color:rgba(0, 0, 0, 0)\" class=\"has-inline-color has-primary-color\">Sch\u00fctzend<\/mark><\/h2><p class=\"body\" data-test=\"body\">ActiProct bildet eine physische Barriere zum Schutz vor infekti\u00f6sen Bakterien, die die Symptome verschlimmern k\u00f6nnen, und f\u00f6rdert so gleichzeitig die nat\u00fcrliche Heilung von H\u00e4morrhoiden.<\/p>\n<div class=\"wp-block-buttons is-layout-flex wp-block-buttons-is-layout-flex\"><\/div>\n<\/div><\/div><\/div><\/section>\n\n\n\n<section class=\"wp-block-karopharma-image-with-text image-with-text image-with-text__full-width\"><div class=\"image-with-text-container \"><div class=\"image-with-text-container-image-container\"><img decoding=\"async\" loading=\"lazy\" src=\"https:\/\/actiproct.com\/cdn-cgi\/image\/format=auto\/app\/uploads\/sites\/3\/2025\/05\/Pain-300x240-1.png\" alt=\"K\u00fchlung\"\/><\/div><div class=\"image-with-text-container-content\" style=\"text-align:left\" data-test=\"content\"><div class=\"content\"><h2><mark style=\"background-color:rgba(0, 0, 0, 0)\" class=\"has-inline-color has-primary-color\">K\u00fchlend<\/mark><\/h2><p class=\"body\" data-test=\"body\">Der sofortige K\u00fchleffekt sorgt f\u00fcr Linderung und hilft bei Juckreiz, Brennen, Schmerzen und allgemeinem Unwohlsein.<\/p>\n<div class=\"wp-block-buttons is-layout-flex wp-block-buttons-is-layout-flex\"><\/div>\n<\/div><\/div><\/div><\/section>\n<\/div><\/div>\n\n\n\n<div class=\"wp-block-karopharma-free-text pt-none pb-large bg-center bg-cover bg-no-repeat  is-style-secondary\" style=\"background-image:url()\"><div class=\"free-text-wrapper container max-w-small text-center\">\n<div class=\"wp-block-buttons is-content-justification-center is-layout-flex wp-container-core-buttons-is-layout-16018d1d wp-block-buttons-is-layout-flex\">\n<div class=\"wp-block-button\"><a class=\"wp-block-button__link wp-element-button\" href=\"https:\/\/actiproct.com\/de\/produkte\/\">Zu den Produkten<\/a><\/div>\n<\/div>\n<\/div><\/div>\n\n\n\n<div class=\"wp-block-karopharma-free-text pt-large pb-large bg-center bg-cover bg-no-repeat\" style=\"background-image:url()\"><div class=\"free-text-wrapper container max-w-small text-left\">\n<h2 class=\"wp-block-heading is-style-heading-h1 fontnormal\">Was ist das Besondere an der ActiProct<sup>\u00ae<\/sup> Formel?<\/h2>\n\n\n\n<ul class=\"wp-block-list is-style-icon\">\n<li>Sorgt f\u00fcr sofortige Linderung bei Analbeschwerden.<\/li>\n\n\n\n<li>Die einzige Formel mit 5-fach-Wirkung.<\/li>\n\n\n\n<li>Kann auch w\u00e4hrend der Schwangerschaft angewendet werden.<\/li>\n\n\n\n<li>Mit nat\u00fcrlichen Inhaltsstoffen.<\/li>\n\n\n\n<li>Bildet durch den 2QR-Komplex aus Aloe vera eine physische Barriere auf der Haut, die vor sch\u00e4dlichen Bakterien sch\u00fctzt.<\/li>\n<\/ul>\n\n\n\n<h2 class=\"wp-block-heading is-style-heading-h1 fontnormal\">Wie sollte ActiProct<sup>\u00ae<\/sup> angewendet werden?<\/h2>\n\n\n\n<ul class=\"wp-block-list is-style-icon\">\n<li>2 x t\u00e4glich morgens und abends, vorzugsweise nach dem Toilettengang<\/li>\n\n\n\n<li>Es kann vor dem Toilettengang aufgetragen werden, um Beschwerden zu reduzieren<\/li>\n\n\n\n<li>Kann bei Bedarf mehrmals am Tag angewendet werden, um eine st\u00e4rkere Linderung zu erzielen<\/li>\n\n\n\n<li>T\u00e4glich anwenden, bis die Beschwerden verschwunden sind<\/li>\n<\/ul>\n<\/div><\/div>\n\n\n\n<div class=\"wp-block-karopharma-free-text pt-large pb-large bg-center bg-cover bg-no-repeat  is-style-primary\" style=\"background-image:url()\"><div class=\"free-text-wrapper container max-w-small text-center\">\n<h2 class=\"wp-block-heading is-style-heading-h1 fontnormal\">Wie schnell setzt die Wirkung ein und wie lange h\u00e4lt sie an?<\/h2>\n\n\n\n<p>ActiProct sorgt f\u00fcr direkte Erleichterung. Das Gel hat einen sofortigen K\u00fchleffekt, der Juckreiz, Schmerzen und Beschwerden lindert. Die k\u00fchlende Wirkung h\u00e4lt bis zu 1,5 Stunden an und hinterl\u00e4sst ein beruhigendes, wohltuendes Gef\u00fchl im betroffenen Bereich. Die Formel enth\u00e4lt Xanthan, ein nat\u00fcrliches Verdickungsmittel, durch das das Produkt l\u00e4nger haften bleibt und seine Wirkung entfalten kann. Es muss dadurch weniger h\u00e4ufig aufgetragen werden und hinterl\u00e4sst keine Flecken auf der Unterw\u00e4sche.<\/p>\n\n\n\n<p>Das Produkt kann bedenkenlos langfristig an bis zu 30 aufeinanderfolgenden Tagen angewendet werden. Damit ist es ideal f\u00fcr Personen, die h\u00e4ufig unter Analbeschwerden oder H\u00e4morrhoiden leiden, da ein h\u00e4ufigeres Auftragen kein Risiko birgt. Es bestehen keine Kontraindikationen w\u00e4hrend der Schwangerschaft oder Stillzeit.<\/p>\n\n\n\n<h2 class=\"wp-block-heading is-style-heading-h2 fontnormal\">ActiProct<sup>\u00ae<\/sup> basiert auf einer nat\u00fcrlichen Formel<\/h2>\n<\/div><\/div>\n","protected":false},"excerpt":{"rendered":"","protected":false},"author":2,"featured_media":18,"parent":0,"menu_order":0,"comment_status":"closed","ping_status":"closed","template":"","meta":{"_acf_changed":false,"footnotes":""},"from-article-database":[],"class_list":["post-48","page","type-page","status-publish","has-post-thumbnail","hentry"],"acf":[],"yoast_head":"<!-- This site is optimized with the Yoast SEO plugin v26.6 - https:\/\/yoast.com\/wordpress\/plugins\/seo\/ -->\n<title>\u00dcber ActiProct - ActiProct<\/title>\n<meta name=\"description\" content=\"Actiproct lindert den Juckreiz, f\u00f6rdert die Heilung und verschafft sofortige Linderung\" \/>\n<meta name=\"robots\" content=\"index, follow, max-snippet:-1, max-image-preview:large, max-video-preview:-1\" \/>\n<link rel=\"canonical\" href=\"https:\/\/actiproct.com\/de\/uber-actiproct\/\" \/>\n<meta property=\"og:locale\" content=\"de_DE\" \/>\n<meta property=\"og:type\" content=\"article\" \/>\n<meta property=\"og:title\" content=\"\u00dcber ActiProct - ActiProct\" \/>\n<meta property=\"og:description\" content=\"Actiproct lindert den Juckreiz, f\u00f6rdert die Heilung und verschafft sofortige Linderung\" \/>\n<meta property=\"og:url\" content=\"https:\/\/actiproct.com\/de\/uber-actiproct\/\" \/>\n<meta property=\"og:site_name\" content=\"ActiProct\" \/>\n<meta property=\"article:modified_time\" content=\"2025-07-02T05:27:25+00:00\" \/>\n<meta property=\"og:image\" content=\"https:\/\/actiproct.com\/app\/uploads\/sites\/3\/2025\/05\/cropped-Actiproct-favicon.png\" \/>\n\t<meta property=\"og:image:width\" content=\"512\" \/>\n\t<meta property=\"og:image:height\" content=\"512\" \/>\n\t<meta property=\"og:image:type\" content=\"image\/png\" \/>\n<meta name=\"twitter:card\" content=\"summary_large_image\" \/>\n<meta name=\"twitter:label1\" content=\"Gesch\u00e4tzte Lesezeit\" \/>\n\t<meta name=\"twitter:data1\" content=\"4\u00a0Minuten\" \/>\n<script type=\"application\/ld+json\" class=\"yoast-schema-graph\">{\"@context\":\"https:\/\/schema.org\",\"@graph\":[{\"@type\":\"WebPage\",\"@id\":\"https:\/\/actiproct.com\/de\/uber-actiproct\/\",\"url\":\"https:\/\/actiproct.com\/de\/uber-actiproct\/\",\"name\":\"\u00dcber ActiProct - ActiProct\",\"isPartOf\":{\"@id\":\"https:\/\/actiproct.com\/de\/#website\"},\"primaryImageOfPage\":{\"@id\":\"https:\/\/actiproct.com\/de\/uber-actiproct\/#primaryimage\"},\"image\":{\"@id\":\"https:\/\/actiproct.com\/de\/uber-actiproct\/#primaryimage\"},\"thumbnailUrl\":\"https:\/\/actiproct.com\/app\/uploads\/sites\/3\/2025\/05\/cropped-Actiproct-favicon.png\",\"datePublished\":\"2025-05-19T07:47:01+00:00\",\"dateModified\":\"2025-07-02T05:27:25+00:00\",\"description\":\"Actiproct lindert den Juckreiz, f\u00f6rdert die Heilung und verschafft sofortige Linderung\",\"breadcrumb\":{\"@id\":\"https:\/\/actiproct.com\/de\/uber-actiproct\/#breadcrumb\"},\"inLanguage\":\"de\",\"potentialAction\":[{\"@type\":\"ReadAction\",\"target\":[\"https:\/\/actiproct.com\/de\/uber-actiproct\/\"]}]},{\"@type\":\"ImageObject\",\"inLanguage\":\"de\",\"@id\":\"https:\/\/actiproct.com\/de\/uber-actiproct\/#primaryimage\",\"url\":\"https:\/\/actiproct.com\/app\/uploads\/sites\/3\/2025\/05\/cropped-Actiproct-favicon.png\",\"contentUrl\":\"https:\/\/actiproct.com\/app\/uploads\/sites\/3\/2025\/05\/cropped-Actiproct-favicon.png\",\"width\":512,\"height\":512,\"caption\":\"Actiproct-favicon\"},{\"@type\":\"BreadcrumbList\",\"@id\":\"https:\/\/actiproct.com\/de\/uber-actiproct\/#breadcrumb\",\"itemListElement\":[{\"@type\":\"ListItem\",\"position\":1,\"name\":\"Home\",\"item\":\"https:\/\/actiproct.com\/de\/\"},{\"@type\":\"ListItem\",\"position\":2,\"name\":\"\u00dcber ActiProct\"}]},{\"@type\":\"WebSite\",\"@id\":\"https:\/\/actiproct.com\/de\/#website\",\"url\":\"https:\/\/actiproct.com\/de\/\",\"name\":\"ActiProct\",\"description\":\"\",\"publisher\":{\"@id\":\"https:\/\/actiproct.com\/de\/#organization\"},\"potentialAction\":[{\"@type\":\"SearchAction\",\"target\":{\"@type\":\"EntryPoint\",\"urlTemplate\":\"https:\/\/actiproct.com\/de\/?s={search_term_string}\"},\"query-input\":{\"@type\":\"PropertyValueSpecification\",\"valueRequired\":true,\"valueName\":\"search_term_string\"}}],\"inLanguage\":\"de\"},{\"@type\":\"Organization\",\"@id\":\"https:\/\/actiproct.com\/de\/#organization\",\"name\":\"ActiProct\",\"url\":\"https:\/\/actiproct.com\/de\/\",\"logo\":{\"@type\":\"ImageObject\",\"inLanguage\":\"de\",\"@id\":\"https:\/\/actiproct.com\/de\/#\/schema\/logo\/image\/\",\"url\":\"https:\/\/actiproct.com\/app\/uploads\/sites\/3\/2025\/05\/Actiproct-logo.png\",\"contentUrl\":\"https:\/\/actiproct.com\/app\/uploads\/sites\/3\/2025\/05\/Actiproct-logo.png\",\"width\":233,\"height\":101,\"caption\":\"ActiProct\"},\"image\":{\"@id\":\"https:\/\/actiproct.com\/de\/#\/schema\/logo\/image\/\"}}]}<\/script>\n<!-- \/ Yoast SEO plugin. -->","yoast_head_json":{"title":"\u00dcber ActiProct - ActiProct","description":"Actiproct lindert den Juckreiz, f\u00f6rdert die Heilung und verschafft sofortige Linderung","robots":{"index":"index","follow":"follow","max-snippet":"max-snippet:-1","max-image-preview":"max-image-preview:large","max-video-preview":"max-video-preview:-1"},"canonical":"https:\/\/actiproct.com\/de\/uber-actiproct\/","og_locale":"de_DE","og_type":"article","og_title":"\u00dcber ActiProct - ActiProct","og_description":"Actiproct lindert den Juckreiz, f\u00f6rdert die Heilung und verschafft sofortige Linderung","og_url":"https:\/\/actiproct.com\/de\/uber-actiproct\/","og_site_name":"ActiProct","article_modified_time":"2025-07-02T05:27:25+00:00","og_image":[{"width":512,"height":512,"url":"https:\/\/actiproct.com\/app\/uploads\/sites\/3\/2025\/05\/cropped-Actiproct-favicon.png","type":"image\/png"}],"twitter_card":"summary_large_image","twitter_misc":{"Gesch\u00e4tzte Lesezeit":"4\u00a0Minuten"},"schema":{"@context":"https:\/\/schema.org","@graph":[{"@type":"WebPage","@id":"https:\/\/actiproct.com\/de\/uber-actiproct\/","url":"https:\/\/actiproct.com\/de\/uber-actiproct\/","name":"\u00dcber ActiProct - ActiProct","isPartOf":{"@id":"https:\/\/actiproct.com\/de\/#website"},"primaryImageOfPage":{"@id":"https:\/\/actiproct.com\/de\/uber-actiproct\/#primaryimage"},"image":{"@id":"https:\/\/actiproct.com\/de\/uber-actiproct\/#primaryimage"},"thumbnailUrl":"https:\/\/actiproct.com\/app\/uploads\/sites\/3\/2025\/05\/cropped-Actiproct-favicon.png","datePublished":"2025-05-19T07:47:01+00:00","dateModified":"2025-07-02T05:27:25+00:00","description":"Actiproct lindert den Juckreiz, f\u00f6rdert die Heilung und verschafft sofortige Linderung","breadcrumb":{"@id":"https:\/\/actiproct.com\/de\/uber-actiproct\/#breadcrumb"},"inLanguage":"de","potentialAction":[{"@type":"ReadAction","target":["https:\/\/actiproct.com\/de\/uber-actiproct\/"]}]},{"@type":"ImageObject","inLanguage":"de","@id":"https:\/\/actiproct.com\/de\/uber-actiproct\/#primaryimage","url":"https:\/\/actiproct.com\/app\/uploads\/sites\/3\/2025\/05\/cropped-Actiproct-favicon.png","contentUrl":"https:\/\/actiproct.com\/app\/uploads\/sites\/3\/2025\/05\/cropped-Actiproct-favicon.png","width":512,"height":512,"caption":"Actiproct-favicon"},{"@type":"BreadcrumbList","@id":"https:\/\/actiproct.com\/de\/uber-actiproct\/#breadcrumb","itemListElement":[{"@type":"ListItem","position":1,"name":"Home","item":"https:\/\/actiproct.com\/de\/"},{"@type":"ListItem","position":2,"name":"\u00dcber ActiProct"}]},{"@type":"WebSite","@id":"https:\/\/actiproct.com\/de\/#website","url":"https:\/\/actiproct.com\/de\/","name":"ActiProct","description":"","publisher":{"@id":"https:\/\/actiproct.com\/de\/#organization"},"potentialAction":[{"@type":"SearchAction","target":{"@type":"EntryPoint","urlTemplate":"https:\/\/actiproct.com\/de\/?s={search_term_string}"},"query-input":{"@type":"PropertyValueSpecification","valueRequired":true,"valueName":"search_term_string"}}],"inLanguage":"de"},{"@type":"Organization","@id":"https:\/\/actiproct.com\/de\/#organization","name":"ActiProct","url":"https:\/\/actiproct.com\/de\/","logo":{"@type":"ImageObject","inLanguage":"de","@id":"https:\/\/actiproct.com\/de\/#\/schema\/logo\/image\/","url":"https:\/\/actiproct.com\/app\/uploads\/sites\/3\/2025\/05\/Actiproct-logo.png","contentUrl":"https:\/\/actiproct.com\/app\/uploads\/sites\/3\/2025\/05\/Actiproct-logo.png","width":233,"height":101,"caption":"ActiProct"},"image":{"@id":"https:\/\/actiproct.com\/de\/#\/schema\/logo\/image\/"}}]}},"_links":{"self":[{"href":"https:\/\/actiproct.com\/de\/wp-json\/wp\/v2\/pages\/48","targetHints":{"allow":["GET"]}}],"collection":[{"href":"https:\/\/actiproct.com\/de\/wp-json\/wp\/v2\/pages"}],"about":[{"href":"https:\/\/actiproct.com\/de\/wp-json\/wp\/v2\/types\/page"}],"author":[{"embeddable":true,"href":"https:\/\/actiproct.com\/de\/wp-json\/wp\/v2\/users\/2"}],"replies":[{"embeddable":true,"href":"https:\/\/actiproct.com\/de\/wp-json\/wp\/v2\/comments?post=48"}],"version-history":[{"count":10,"href":"https:\/\/actiproct.com\/de\/wp-json\/wp\/v2\/pages\/48\/revisions"}],"predecessor-version":[{"id":288,"href":"https:\/\/actiproct.com\/de\/wp-json\/wp\/v2\/pages\/48\/revisions\/288"}],"wp:featuredmedia":[{"embeddable":true,"href":"https:\/\/actiproct.com\/de\/wp-json\/wp\/v2\/media\/18"}],"wp:attachment":[{"href":"https:\/\/actiproct.com\/de\/wp-json\/wp\/v2\/media?parent=48"}],"wp:term":[{"taxonomy":"from-article-database","embeddable":true,"href":"https:\/\/actiproct.com\/de\/wp-json\/wp\/v2\/from-article-database?post=48"}],"curies":[{"name":"wp","href":"https:\/\/api.w.org\/{rel}","templated":true}]}}