{"id":62,"date":"2025-05-19T10:43:08","date_gmt":"2025-05-19T08:43:08","guid":{"rendered":"https:\/\/actiproct.com\/de\/?page_id=62"},"modified":"2025-06-16T11:39:34","modified_gmt":"2025-06-16T09:39:34","slug":"faq","status":"publish","type":"page","link":"https:\/\/actiproct.com\/de\/faq\/","title":{"rendered":"FAQ"},"content":{"rendered":"\n<div class=\"wp-block-karopharma-free-text pt-large pb-large bg-center bg-cover bg-no-repeat bg-box is-style-transparent\" style=\"background-image:url(https:\/\/actiproct.com\/cdn-cgi\/image\/format=auto\/app\/uploads\/sites\/3\/2025\/05\/background-faq.jpg)\"><div class=\"free-text-wrapper container max-w-small text-center\">\n<h1 class=\"wp-block-heading is-style-heading-huge has-primary-color has-text-color has-link-color wp-elements-15b22ea40ed51fe08d3cc8264a836384\"><mark style=\"background-color:rgba(0, 0, 0, 0)\">FAQ<\/mark><\/h1>\n\n\n\n<p>H\u00e4ufig gestellte Fragen zu H\u00e4morrhoiden und Actiproct<\/p>\n<\/div><\/div>\n\n\n\n<div class=\"wp-block-karopharma-accordions\"><div class=\"container\">\n<details class=\"wp-block-karopharma-accordion\"><summary><h2 class=\"accordion-title\">Was sind H\u00e4morrhoiden?<\/h2><\/summary><div class=\"accordion-content\">\n<p>H\u00e4morrhoidalpolster sind Gef\u00e4\u00dfstrukturen im Analkanal, die bei jedem Menschen vorkommen. Sie schwellen an, um den After abzudichten, k\u00f6nnen jedoch Probleme verursachen, wenn sie sich vergr\u00f6\u00dfern oder entz\u00fcnden. Dies geschieht, wenn die Blutgef\u00e4\u00dfe im H\u00e4morrhoidalgewebe durch \u00fcberm\u00e4\u00dfigen Druck auf geschw\u00e4chtes Gewebe anschwellen, z.\u00a0B. durch Pressen beim Stuhlgang. Zu den Risikofaktoren f\u00fcr die Entstehung von H\u00e4morrhoiden geh\u00f6ren \u00dcbergewicht, falsche Ern\u00e4hrung, unregelm\u00e4\u00dfiger Stuhlgang (Verstopfung oder Durchfall), Schwangerschaft und Analverkehr. Es gibt zwei Arten von H\u00e4morrhoiden: innere H\u00e4morrhoiden, die sich innerhalb des Afters befinden, und \u00e4u\u00dfere H\u00e4morrhoiden, die aus dem After hervortreten.<\/p>\n<\/div><\/details>\n\n\n\n<details class=\"wp-block-karopharma-accordion\"><summary><h2 class=\"accordion-title\">Welche Arten von H\u00e4morrhoiden gibt es?<\/h2><\/summary><div class=\"accordion-content\">\n<p>Es gibt zwei Arten von H\u00e4morrhoiden: innere H\u00e4morrhoiden, die sich innerhalb des Afters befinden, und \u00e4u\u00dfere H\u00e4morrhoiden, die aus dem After hervortreten. Geschwollene oder entz\u00fcndete innere H\u00e4morrhoiden verursachen in der Regel weniger Beschwerden, w\u00e4hrend \u00e4u\u00dfere H\u00e4morrhoiden die meisten Probleme f\u00fcr die Betroffenen mit sich bringen. Beide Arten m\u00fcssen jedoch behandelt werden: Obwohl H\u00e4morrhoiden an sich nicht gef\u00e4hrlich oder lebensbedrohlich sind, k\u00f6nnen infizierte H\u00e4morrhoiden ernsthafte Komplikationen verursachen.<\/p>\n<\/div><\/details>\n\n\n\n<details class=\"wp-block-karopharma-accordion\"><summary><h2 class=\"accordion-title\">Was sind die Symptome von H\u00e4morrhoiden?<\/h2><\/summary><div class=\"accordion-content\">\n<p>Sie haben m\u00f6glicherweise H\u00e4morrhoiden, wenn bei Ihnen die folgenden Symptome vorliegen: Blut im Stuhl oder im Toilettenbecken, Blutspuren auf dem Toilettenpapier, unvollst\u00e4ndiger und schmerzhafter Stuhlgang, Juckreiz und\/oder Reizung im oder am After, ein schmerzhafter Knoten im oder am After oder Schmerzen beim Sitzen. Es ist empfehlenswert, Ihren Hausarzt zu konsultieren, wenn Sie sich nicht sicher sind, ob Ihre Symptome durch H\u00e4morrhoiden verursacht werden. Blutungen und Schmerzen am Rektum k\u00f6nnen Symptome einer ernsteren Erkrankung sein. Vielen Menschen sind solche Probleme peinlich und sie suchen h\u00e4ufig erst dann einen Arzt auf, wenn die Krankheit bereits weiter fortgeschritten ist.<\/p>\n<\/div><\/details>\n\n\n\n<details class=\"wp-block-karopharma-accordion\"><summary><h2 class=\"accordion-title\">Wie kann ich H\u00e4morrhoiden vorbeugen?<\/h2><\/summary><div class=\"accordion-content\">\n<p>Der beste Weg, H\u00e4morrhoiden vorzubeugen und ein Wiederauftreten zu verhindern, ist eine gesunde Lebensweise mit ausgewogener (ballaststoffreicher) Ern\u00e4hrung und k\u00f6rperlicher Bewegung, regelm\u00e4\u00dfigem Toilettengang und guter Hygiene.<\/p>\n\n\n\n<ul class=\"wp-block-list is-style-icon\">\n<li><strong>Ern\u00e4hrung<\/strong>: Erh\u00f6hen Sie Ihre Ballaststoffzufuhr. Essen Sie ausreichend Getreide, Obst und Gem\u00fcse und trinken Sie viel Fl\u00fcssigkeit (keinen Alkohol) \u2013 empfohlen werden 1,5 bis 2\u00a0Liter pro Tag.<\/li>\n\n\n\n<li><strong>Bewegung<\/strong>: Bewegen Sie sich t\u00e4glich und achten Sie auf ein gesundes Gewicht, da \u00dcbergewicht das Risiko von H\u00e4morrhoiden erh\u00f6hen kann.<\/li>\n\n\n\n<li><strong>Toilettengewohnheiten<\/strong>: Vermeiden Sie das Pressen beim Stuhlgang sowie Abf\u00fchrmittel, da dies zu einer Verschlimmerung von H\u00e4morrhoiden f\u00fchren kann. Vermeiden Sie langes Sitzen auf der Toilette, aber setzen Sie andererseits Ihren nat\u00fcrlichen Stuhldrang nicht unter Zeitdruck. Gehen Sie regelm\u00e4\u00dfig auf die Toilette und halten Sie den Stuhlgang nicht zur\u00fcck. Dies k\u00f6nnte zu Verstopfung f\u00fchren, wodurch Sie wiederum st\u00e4rker pressen m\u00fcssen.<\/li>\n\n\n\n<li><strong>Hygiene<\/strong>: Verwenden Sie handels\u00fcbliches Toilettenpapier und wischen Sie den Analbereich nach jedem Stuhlgang sanft, aber gr\u00fcndlich ab \u2013 von vorne nach hinten. Zus\u00e4tzlich k\u00f6nnen Sie Toiletten-Feuchtt\u00fccher f\u00fcr Erwachsene oder Babyfeuchtt\u00fccher verwenden.<\/li>\n<\/ul>\n<\/div><\/details>\n\n\n\n<details class=\"wp-block-karopharma-accordion\"><summary><h2 class=\"accordion-title\">Wie kann ich Schmerzen und Juckreiz reduzieren?<\/h2><\/summary><div class=\"accordion-content\">\n<p>Eine Kombination aus guter Hygiene und lokaler Behandlung ist entscheidend.<\/p>\n\n\n\n<ul class=\"wp-block-list is-style-icon\">\n<li><strong>Hygiene<\/strong>: Wischen Sie sich nach jedem Stuhlgang sanft ab, um das H\u00e4morrhoidalgewebe nicht zu besch\u00e4digen. Reinigen Sie den Analbereich regelm\u00e4\u00dfig mit einem sanften Wasserstrahl (verwenden Sie keine Seife oder parf\u00fcmierte Duschgele). Vermeiden Sie Kratzen, denn dies k\u00f6nnte die Haut verletzen und den Zustand verschlimmern. Schieben Sie schlaffe H\u00e4morrhoiden vorsichtig nach innen zur\u00fcck.<\/li>\n\n\n\n<li><strong>Behandlung<\/strong>: Verwenden Sie ActiProct Gel oder Spray zur Behandlung (und Vorbeugung) von Analbeschwerden und H\u00e4morrhoiden.<\/li>\n<\/ul>\n<\/div><\/details>\n\n\n\n<details class=\"wp-block-karopharma-accordion\"><summary><h2 class=\"accordion-title\">Wer bekommt H\u00e4morrhoiden?<\/h2><\/summary><div class=\"accordion-content\">\n<p>Rund 50 Prozent der Bev\u00f6lkerung leiden an H\u00e4morrhoiden, wobei M\u00e4nner und Frauen gleich h\u00e4ufig betroffen sind. Durch unregelm\u00e4\u00dfigen Stuhlgang, Verstopfung oder Durchfall, genetische Faktoren, Bewegungsmangel, ballaststoffarme Ern\u00e4hrung, Schwangerschaft und Geburt, \u00dcbergewicht, Alter, langes Sitzen und Analverkehr kann das Risiko steigen.<\/p>\n<\/div><\/details>\n\n\n\n<details class=\"wp-block-karopharma-accordion\"><summary><h2 class=\"accordion-title\">Sind H\u00e4morrhoiden ansteckend?<\/h2><\/summary><div class=\"accordion-content\">\n<p>Nein, H\u00e4morrhoiden sind nicht ansteckend. Genetische Faktoren jedoch haben Einfluss die Wahrscheinlichkeit, an H\u00e4morrhoiden zu erkranken. Wenn jemand in Ihrer Familie an H\u00e4morrhoiden leidet, ist es wahrscheinlicher, dass auch Sie an H\u00e4morrhoiden erkranken k\u00f6nnen.<\/p>\n<\/div><\/details>\n\n\n\n<details class=\"wp-block-karopharma-accordion\"><summary><h2 class=\"accordion-title\">Was sollte ich tun, wenn ich glaube, dass ich H\u00e4morrhoiden habe?<\/h2><\/summary><div class=\"accordion-content\">\n<p>H\u00e4morrhoiden sind in der Regel unangenehm, aber nicht gef\u00e4hrlich oder lebensbedrohlich. H\u00e4morrhoidensymptome k\u00f6nnen nach einigen Tagen verschwinden, kehren dann aber, oft in schlimmerer Form, zur\u00fcck. Verwenden Sie ActiProct Gel oder ActiProct Spray zur schnellen Linderung bei H\u00e4morrhoiden und Analbeschwerden. Wenden Sie sich an Ihren Arzt, wenn Sie Fieber, pl\u00f6tzliche stechende Schmerzen im Afterbereich oder \u00fcberm\u00e4\u00dfige Blutungen beim Stuhlgang haben.<\/p>\n<\/div><\/details>\n\n\n\n<details class=\"wp-block-karopharma-accordion\"><summary><h2 class=\"accordion-title\">Was ist der Unterschied zwischen den verschiedenen ActiProct<sup>\u00ae<\/sup>-Produkten?<\/h2><\/summary><div class=\"accordion-content\">\n<p>Die revolution\u00e4re ActiProct-Produktlinie bietet direkte Linderung bei H\u00e4morrhoiden, Fissuren und Analbeschwerden wie Empfindlichkeit und Juckreiz. ActiProct Spray und ActiProct Gel enthalten den patentierten 2QR-Komplex, der auf der Haut eine physische Barriere gegen sch\u00e4dliche Bakterien bildet und so die nat\u00fcrliche Heilung f\u00f6rdert.<\/p>\n\n\n\n<p><strong><a href=\"https:\/\/actiproct.com\/de\/produkt\/actiproct-gel\/\">Actiproct Gel<\/a><\/strong> kann bei inneren und \u00e4u\u00dferen H\u00e4morrhoiden angewendet werden und lindert Analbeschwerden.<\/p>\n\n\n\n<p><strong><a href=\"https:\/\/actiproct.com\/de\/produkt\/actiproct-spray\/\">Actiproct Spray<\/a><\/strong> ist eine Lotion in Sprayform zur ber\u00fchrungsfreien Anwendung bei \u00e4u\u00dferen H\u00e4morrhoiden.<\/p>\n<\/div><\/details>\n\n\n\n<details class=\"wp-block-karopharma-accordion\"><summary><h2 class=\"accordion-title\">Kann ich ActiProct<sup>\u00ae<\/sup>-Produkte w\u00e4hrend der Schwangerschaft und Stillzeit anwenden?<\/h2><\/summary><div class=\"accordion-content\">\n<p>ActiProct ist f\u00fcr die Anwendung w\u00e4hrend der Schwangerschaft und Stillzeit geeignet. Dennoch sollten Sie stets Ihren Arzt, Ihre Hebamme oder Ihren Apotheker konsultieren, bevor Sie in dieser Zeit medizinische Produkte anwenden.<\/p>\n<\/div><\/details>\n\n\n\n<details class=\"wp-block-karopharma-accordion\"><summary><h2 class=\"accordion-title\">Wie reinige ich den ActiProct<sup>\u00ae<\/sup> Gel-Applikator?<\/h2><\/summary><div class=\"accordion-content\">\n<p>Damit die Applikatoren dieser Produkte sauber und hygienisch bleiben, waschen Sie sie am besten nach jedem Gebrauch mit warmem Wasser aus. Zur besonders gr\u00fcndlichen Reinigung des Applikators oder R\u00f6hrchens k\u00f6nnen Sie auch ein wenig Seife verwenden (sp\u00fclen Sie in diesem Fall aber gr\u00fcndlich nach, da es bei Kontakt des betroffenen Bereichs mit Seife oder anderen parf\u00fcmierten Duschgelen zu weiteren Reizungen kommen kann). Verwenden Sie kein kochendes Wasser zur Reinigung der Applikatoren, da diese sich verformen k\u00f6nnen.<\/p>\n<\/div><\/details>\n\n\n\n<details class=\"wp-block-karopharma-accordion\"><summary><h2 class=\"accordion-title\">Welche Farbe sollte das Gel haben?<\/h2><\/summary><div class=\"accordion-content\">\n<p>Aufgrund der Verwendung nat\u00fcrlicher Inhaltsstoffe kann die Farbe des Gels von transparent\/hellgelb bis br\u00e4unlich variieren. Dies hat keinen Einfluss auf die Wirksamkeit oder Sicherheit des ActiProct Gels.<\/p>\n<\/div><\/details>\n<\/div><\/div>\n","protected":false},"excerpt":{"rendered":"","protected":false},"author":2,"featured_media":0,"parent":0,"menu_order":0,"comment_status":"closed","ping_status":"closed","template":"","meta":{"_acf_changed":false,"footnotes":""},"from-article-database":[],"class_list":["post-62","page","type-page","status-publish","hentry"],"acf":[],"yoast_head":"<!-- This site is optimized with the Yoast SEO plugin v26.6 - https:\/\/yoast.com\/wordpress\/plugins\/seo\/ -->\n<title>FAQ - ActiProct<\/title>\n<meta name=\"description\" content=\"H\u00e4ufig gestellte Fragen zu H\u00e4morrhoiden und Actiproct\" \/>\n<meta name=\"robots\" content=\"index, follow, max-snippet:-1, max-image-preview:large, max-video-preview:-1\" \/>\n<link rel=\"canonical\" href=\"https:\/\/actiproct.com\/de\/faq\/\" \/>\n<meta property=\"og:locale\" content=\"de_DE\" \/>\n<meta property=\"og:type\" content=\"article\" \/>\n<meta property=\"og:title\" content=\"FAQ - ActiProct\" \/>\n<meta property=\"og:description\" content=\"H\u00e4ufig gestellte Fragen zu H\u00e4morrhoiden und Actiproct\" \/>\n<meta property=\"og:url\" content=\"https:\/\/actiproct.com\/de\/faq\/\" \/>\n<meta property=\"og:site_name\" content=\"ActiProct\" \/>\n<meta property=\"article:modified_time\" content=\"2025-06-16T09:39:34+00:00\" \/>\n<meta name=\"twitter:card\" content=\"summary_large_image\" \/>\n<meta name=\"twitter:label1\" content=\"Gesch\u00e4tzte Lesezeit\" \/>\n\t<meta name=\"twitter:data1\" content=\"6\u00a0Minuten\" \/>\n<script type=\"application\/ld+json\" class=\"yoast-schema-graph\">{\"@context\":\"https:\/\/schema.org\",\"@graph\":[{\"@type\":\"WebPage\",\"@id\":\"https:\/\/actiproct.com\/de\/faq\/\",\"url\":\"https:\/\/actiproct.com\/de\/faq\/\",\"name\":\"FAQ - ActiProct\",\"isPartOf\":{\"@id\":\"https:\/\/actiproct.com\/de\/#website\"},\"datePublished\":\"2025-05-19T08:43:08+00:00\",\"dateModified\":\"2025-06-16T09:39:34+00:00\",\"description\":\"H\u00e4ufig gestellte Fragen zu H\u00e4morrhoiden und Actiproct\",\"breadcrumb\":{\"@id\":\"https:\/\/actiproct.com\/de\/faq\/#breadcrumb\"},\"inLanguage\":\"de\",\"potentialAction\":[{\"@type\":\"ReadAction\",\"target\":[\"https:\/\/actiproct.com\/de\/faq\/\"]}]},{\"@type\":\"BreadcrumbList\",\"@id\":\"https:\/\/actiproct.com\/de\/faq\/#breadcrumb\",\"itemListElement\":[{\"@type\":\"ListItem\",\"position\":1,\"name\":\"Home\",\"item\":\"https:\/\/actiproct.com\/de\/\"},{\"@type\":\"ListItem\",\"position\":2,\"name\":\"FAQ\"}]},{\"@type\":\"WebSite\",\"@id\":\"https:\/\/actiproct.com\/de\/#website\",\"url\":\"https:\/\/actiproct.com\/de\/\",\"name\":\"ActiProct\",\"description\":\"\",\"publisher\":{\"@id\":\"https:\/\/actiproct.com\/de\/#organization\"},\"potentialAction\":[{\"@type\":\"SearchAction\",\"target\":{\"@type\":\"EntryPoint\",\"urlTemplate\":\"https:\/\/actiproct.com\/de\/?s={search_term_string}\"},\"query-input\":{\"@type\":\"PropertyValueSpecification\",\"valueRequired\":true,\"valueName\":\"search_term_string\"}}],\"inLanguage\":\"de\"},{\"@type\":\"Organization\",\"@id\":\"https:\/\/actiproct.com\/de\/#organization\",\"name\":\"ActiProct\",\"url\":\"https:\/\/actiproct.com\/de\/\",\"logo\":{\"@type\":\"ImageObject\",\"inLanguage\":\"de\",\"@id\":\"https:\/\/actiproct.com\/de\/#\/schema\/logo\/image\/\",\"url\":\"https:\/\/actiproct.com\/app\/uploads\/sites\/3\/2025\/05\/Actiproct-logo.png\",\"contentUrl\":\"https:\/\/actiproct.com\/app\/uploads\/sites\/3\/2025\/05\/Actiproct-logo.png\",\"width\":233,\"height\":101,\"caption\":\"ActiProct\"},\"image\":{\"@id\":\"https:\/\/actiproct.com\/de\/#\/schema\/logo\/image\/\"}}]}<\/script>\n<!-- \/ Yoast SEO plugin. -->","yoast_head_json":{"title":"FAQ - ActiProct","description":"H\u00e4ufig gestellte Fragen zu H\u00e4morrhoiden und Actiproct","robots":{"index":"index","follow":"follow","max-snippet":"max-snippet:-1","max-image-preview":"max-image-preview:large","max-video-preview":"max-video-preview:-1"},"canonical":"https:\/\/actiproct.com\/de\/faq\/","og_locale":"de_DE","og_type":"article","og_title":"FAQ - ActiProct","og_description":"H\u00e4ufig gestellte Fragen zu H\u00e4morrhoiden und Actiproct","og_url":"https:\/\/actiproct.com\/de\/faq\/","og_site_name":"ActiProct","article_modified_time":"2025-06-16T09:39:34+00:00","twitter_card":"summary_large_image","twitter_misc":{"Gesch\u00e4tzte Lesezeit":"6\u00a0Minuten"},"schema":{"@context":"https:\/\/schema.org","@graph":[{"@type":"WebPage","@id":"https:\/\/actiproct.com\/de\/faq\/","url":"https:\/\/actiproct.com\/de\/faq\/","name":"FAQ - ActiProct","isPartOf":{"@id":"https:\/\/actiproct.com\/de\/#website"},"datePublished":"2025-05-19T08:43:08+00:00","dateModified":"2025-06-16T09:39:34+00:00","description":"H\u00e4ufig gestellte Fragen zu H\u00e4morrhoiden und Actiproct","breadcrumb":{"@id":"https:\/\/actiproct.com\/de\/faq\/#breadcrumb"},"inLanguage":"de","potentialAction":[{"@type":"ReadAction","target":["https:\/\/actiproct.com\/de\/faq\/"]}]},{"@type":"BreadcrumbList","@id":"https:\/\/actiproct.com\/de\/faq\/#breadcrumb","itemListElement":[{"@type":"ListItem","position":1,"name":"Home","item":"https:\/\/actiproct.com\/de\/"},{"@type":"ListItem","position":2,"name":"FAQ"}]},{"@type":"WebSite","@id":"https:\/\/actiproct.com\/de\/#website","url":"https:\/\/actiproct.com\/de\/","name":"ActiProct","description":"","publisher":{"@id":"https:\/\/actiproct.com\/de\/#organization"},"potentialAction":[{"@type":"SearchAction","target":{"@type":"EntryPoint","urlTemplate":"https:\/\/actiproct.com\/de\/?s={search_term_string}"},"query-input":{"@type":"PropertyValueSpecification","valueRequired":true,"valueName":"search_term_string"}}],"inLanguage":"de"},{"@type":"Organization","@id":"https:\/\/actiproct.com\/de\/#organization","name":"ActiProct","url":"https:\/\/actiproct.com\/de\/","logo":{"@type":"ImageObject","inLanguage":"de","@id":"https:\/\/actiproct.com\/de\/#\/schema\/logo\/image\/","url":"https:\/\/actiproct.com\/app\/uploads\/sites\/3\/2025\/05\/Actiproct-logo.png","contentUrl":"https:\/\/actiproct.com\/app\/uploads\/sites\/3\/2025\/05\/Actiproct-logo.png","width":233,"height":101,"caption":"ActiProct"},"image":{"@id":"https:\/\/actiproct.com\/de\/#\/schema\/logo\/image\/"}}]}},"_links":{"self":[{"href":"https:\/\/actiproct.com\/de\/wp-json\/wp\/v2\/pages\/62","targetHints":{"allow":["GET"]}}],"collection":[{"href":"https:\/\/actiproct.com\/de\/wp-json\/wp\/v2\/pages"}],"about":[{"href":"https:\/\/actiproct.com\/de\/wp-json\/wp\/v2\/types\/page"}],"author":[{"embeddable":true,"href":"https:\/\/actiproct.com\/de\/wp-json\/wp\/v2\/users\/2"}],"replies":[{"embeddable":true,"href":"https:\/\/actiproct.com\/de\/wp-json\/wp\/v2\/comments?post=62"}],"version-history":[{"count":5,"href":"https:\/\/actiproct.com\/de\/wp-json\/wp\/v2\/pages\/62\/revisions"}],"predecessor-version":[{"id":198,"href":"https:\/\/actiproct.com\/de\/wp-json\/wp\/v2\/pages\/62\/revisions\/198"}],"wp:attachment":[{"href":"https:\/\/actiproct.com\/de\/wp-json\/wp\/v2\/media?parent=62"}],"wp:term":[{"taxonomy":"from-article-database","embeddable":true,"href":"https:\/\/actiproct.com\/de\/wp-json\/wp\/v2\/from-article-database?post=62"}],"curies":[{"name":"wp","href":"https:\/\/api.w.org\/{rel}","templated":true}]}}