{"id":71,"date":"2025-05-19T10:56:27","date_gmt":"2025-05-19T08:56:27","guid":{"rendered":"https:\/\/actiproct.com\/de\/?post_type=product&#038;p=71"},"modified":"2026-02-13T10:11:55","modified_gmt":"2026-02-13T09:11:55","slug":"actiproct-gel-can","status":"publish","type":"product","link":"https:\/\/actiproct.com\/de\/produkt\/actiproct-gel-can\/","title":{"rendered":"ActiProct Gel Can"},"content":{"rendered":"\n<div class=\"wp-block-karopharma-accordions is-style-primary\"><div class=\"container\">\n<details class=\"wp-block-karopharma-accordion\"><summary><h2 class=\"accordion-title\">Inhaltsstoffe<\/h2><\/summary><div class=\"accordion-content\">\n<p>Aqua, 2QR-Complex** (40%), PEG-8, Xanthan Gum, Betaine, Laureth-9 (1%), Phenoxyethanol, Ethylhexylglycerin, Sodium Hydroxide, Potassium phosphate. **Gereinigt aus Aloe Barbadensis Blattextrakt<\/p>\n<\/div><\/details>\n<\/div><\/div>\n\n\n\n<div style=\"height:100px\" aria-hidden=\"true\" class=\"wp-block-spacer is-style-responsive-small\"><\/div>\n\n\n\n\n\n\n\n<div style=\"height:100px\" aria-hidden=\"true\" class=\"wp-block-spacer is-style-responsive-small\"><\/div>\n\n\n\n<div class=\"wp-block-karopharma-free-text pt-large pb-small bg-center bg-cover bg-no-repeat\" style=\"background-image:url()\"><div class=\"free-text-wrapper container max-w-medium text-center\">\n<figure class=\"wp-block-image aligncenter size-full\"><img loading=\"lazy\" decoding=\"async\" width=\"373\" height=\"77\" src=\"https:\/\/actiproct.com\/app\/uploads\/sites\/3\/2025\/05\/5-fache.png\" alt=\"5-fache-Wirkung\" class=\"wp-image-277\" srcset=\"https:\/\/actiproct.com\/app\/uploads\/sites\/3\/2025\/05\/5-fache.png 373w, https:\/\/actiproct.com\/app\/uploads\/sites\/3\/2025\/05\/5-fache-320x66.png 320w\" sizes=\"auto, (max-width: 373px) 100vw, 373px\" \/><\/figure>\n\n\n\n<p>Ohne Lokalan\u00e4sthetika und Kortikosteroide.<\/p>\n<\/div><\/div>\n\n\n\n<div class=\"wp-block-karopharma-several-images-with-text several-images-with-text\"><div class=\"container large col-1 content-align-center\" test-data=\"inner-content\">\n<section class=\"wp-block-karopharma-image-with-text image-with-text image-with-text__full-width\"><div class=\"image-with-text-container \"><div class=\"image-with-text-container-image-container\"><img decoding=\"async\" loading=\"lazy\" src=\"https:\/\/actiproct.com\/cdn-cgi\/image\/format=auto\/app\/uploads\/sites\/3\/2025\/05\/cooling-300x240-1.png\" alt=\"cooling-300x240\"\/><\/div><div class=\"image-with-text-container-content\" style=\"text-align:left\" data-test=\"content\"><div class=\"content\"><h2><mark style=\"background-color:rgba(0, 0, 0, 0)\" class=\"has-inline-color has-primary-color\">Beruhigend<\/mark><\/h2><p class=\"body\" data-test=\"body\">Die enthaltene Aloe vera beruhigt den betroffenen Bereich und reduziert Juckreiz sowie Reizungen. Ihr k\u00fchlender Effekt tr\u00e4gt zus\u00e4tzlich zur Erleichterung bei.<\/p>\n<div class=\"wp-block-buttons is-layout-flex wp-block-buttons-is-layout-flex\"><\/div>\n<\/div><\/div><\/div><\/section>\n\n\n\n<section class=\"wp-block-karopharma-image-with-text image-with-text image-with-text__full-width\"><div class=\"image-with-text-container \"><div class=\"image-with-text-container-image-container\"><img decoding=\"async\" loading=\"lazy\" src=\"https:\/\/actiproct.com\/cdn-cgi\/image\/format=auto\/app\/uploads\/sites\/3\/2025\/05\/treating-300x240-1.png\" alt=\"Behandlung von\"\/><\/div><div class=\"image-with-text-container-content\" style=\"text-align:left\" data-test=\"content\"><div class=\"content\"><h2><mark style=\"background-color:rgba(0, 0, 0, 0)\" class=\"has-inline-color has-primary-color\">Pflegend<\/mark><\/h2><p class=\"body\" data-test=\"body\">Die feuchtigkeitsspendenden Eigenschaften lindern Reizungen und sch\u00fctzen den betroffenen Bereich.<\/p>\n<div class=\"wp-block-buttons is-layout-flex wp-block-buttons-is-layout-flex\"><\/div>\n<\/div><\/div><\/div><\/section>\n\n\n\n<section class=\"wp-block-karopharma-image-with-text image-with-text image-with-text__full-width\"><div class=\"image-with-text-container \"><div class=\"image-with-text-container-image-container\"><img decoding=\"async\" loading=\"lazy\" src=\"https:\/\/actiproct.com\/cdn-cgi\/image\/format=auto\/app\/uploads\/sites\/3\/2025\/05\/icon-lubricating-300x240-1.png\" alt=\"Schmieren\"\/><\/div><div class=\"image-with-text-container-content\" style=\"text-align:left\" data-test=\"content\"><div class=\"content\"><h2><mark style=\"background-color:rgba(0, 0, 0, 0)\" class=\"has-inline-color has-primary-color\">Mit Gleitwirkung<\/mark><\/h2><p class=\"body\" data-test=\"body\">Das Produkt bietet eine langanhaltende Gleitwirkung zur Unterst\u00fctzung eines schmerzfreieren Toilettengangs \u2013 ohne Flecken auf der Unterw\u00e4sche zu hinterlassen.<\/p>\n<div class=\"wp-block-buttons is-layout-flex wp-block-buttons-is-layout-flex\"><\/div>\n<\/div><\/div><\/div><\/section>\n\n\n\n<section class=\"wp-block-karopharma-image-with-text image-with-text image-with-text__full-width\"><div class=\"image-with-text-container \"><div class=\"image-with-text-container-image-container\"><img decoding=\"async\" loading=\"lazy\" src=\"https:\/\/actiproct.com\/cdn-cgi\/image\/format=auto\/app\/uploads\/sites\/3\/2025\/05\/icon-protecting-300x240-1.png\" alt=\"Schutz von\"\/><\/div><div class=\"image-with-text-container-content\" style=\"text-align:left\" data-test=\"content\"><div class=\"content\"><h2><mark style=\"background-color:rgba(0, 0, 0, 0)\" class=\"has-inline-color has-primary-color\">Sch\u00fctzend<\/mark><\/h2><p class=\"body\" data-test=\"body\">ActiProct bildet eine physische Barriere zum Schutz vor infekti\u00f6sen Bakterien, die die Symptome verschlimmern k\u00f6nnen, und f\u00f6rdert so gleichzeitig die nat\u00fcrliche Heilung von H\u00e4morrhoiden.<\/p>\n<div class=\"wp-block-buttons is-layout-flex wp-block-buttons-is-layout-flex\"><\/div>\n<\/div><\/div><\/div><\/section>\n\n\n\n<section class=\"wp-block-karopharma-image-with-text image-with-text image-with-text__full-width\"><div class=\"image-with-text-container \"><div class=\"image-with-text-container-image-container\"><img decoding=\"async\" loading=\"lazy\" src=\"https:\/\/actiproct.com\/cdn-cgi\/image\/format=auto\/app\/uploads\/sites\/3\/2025\/05\/Pain-300x240-1.png\" alt=\"K\u00fchlung\"\/><\/div><div class=\"image-with-text-container-content\" style=\"text-align:left\" data-test=\"content\"><div class=\"content\"><h2><mark style=\"background-color:rgba(0, 0, 0, 0)\" class=\"has-inline-color has-primary-color\">K\u00fchlend<\/mark><\/h2><p class=\"body\" data-test=\"body\">Der sofortige K\u00fchleffekt sorgt f\u00fcr Linderung und hilft bei Juckreiz, Brennen, Schmerzen und allgemeinem Unwohlsein.<\/p>\n<div class=\"wp-block-buttons is-layout-flex wp-block-buttons-is-layout-flex\"><\/div>\n<\/div><\/div><\/div><\/section>\n<\/div><\/div>\n\n\n\n<div class=\"wp-block-karopharma-free-text pt-large pb-none bg-center bg-cover bg-no-repeat\" style=\"background-image:url()\"><div class=\"free-text-wrapper container max-w-medium text-center\">\n<h2 class=\"wp-block-heading\">Das k\u00f6nnte dir auch gefallen:<\/h2>\n<\/div><\/div>\n","protected":false},"excerpt":{"rendered":"<p>Sofortige Linderung bei inneren H\u00e4morrhoiden sowie bei anderen Beschwerden<\/p>\n","protected":false},"featured_media":311,"comment_status":"closed","ping_status":"closed","template":"","meta":{"_acf_changed":false,"footnotes":""},"product_brand":[],"product_cat":[15],"product_tag":[],"class_list":{"0":"post-71","1":"product","2":"type-product","3":"status-publish","4":"has-post-thumbnail","6":"product_cat-uncategorized","8":"first","9":"instock","10":"shipping-taxable","11":"product-type-simple"},"acf":[],"yoast_head":"<!-- This site is optimized with the Yoast SEO plugin v26.6 - https:\/\/yoast.com\/wordpress\/plugins\/seo\/ -->\n<title>ActiProct Gel Can - ActiProct<\/title>\n<meta name=\"description\" content=\"Die Formel basiert auf dem beruhigenden, k\u00fchlenden Actiproct Gel, das sofortige Linderung bei inneren H\u00e4morrhoiden sowie bei anderen Beschwerden wie Reizungen, Juckreiz, Brennen und Schmerzen bietet.\" \/>\n<meta name=\"robots\" content=\"index, follow, max-snippet:-1, max-image-preview:large, max-video-preview:-1\" \/>\n<link rel=\"canonical\" href=\"https:\/\/actiproct.com\/de\/produkt\/actiproct-gel-can\/\" \/>\n<meta property=\"og:locale\" content=\"de_DE\" \/>\n<meta property=\"og:type\" content=\"article\" \/>\n<meta property=\"og:title\" content=\"ActiProct Gel Can - ActiProct\" \/>\n<meta property=\"og:description\" content=\"Die Formel basiert auf dem beruhigenden, k\u00fchlenden Actiproct Gel, das sofortige Linderung bei inneren H\u00e4morrhoiden sowie bei anderen Beschwerden wie Reizungen, Juckreiz, Brennen und Schmerzen bietet.\" \/>\n<meta property=\"og:url\" content=\"https:\/\/actiproct.com\/de\/produkt\/actiproct-gel-can\/\" \/>\n<meta property=\"og:site_name\" content=\"ActiProct\" \/>\n<meta property=\"article:modified_time\" content=\"2026-02-13T09:11:55+00:00\" \/>\n<meta property=\"og:image\" content=\"https:\/\/actiproct.com\/app\/uploads\/sites\/3\/2025\/05\/Actiproct-Gel-Can.png\" \/>\n\t<meta property=\"og:image:width\" content=\"494\" \/>\n\t<meta property=\"og:image:height\" content=\"494\" \/>\n\t<meta property=\"og:image:type\" content=\"image\/png\" \/>\n<meta name=\"twitter:card\" content=\"summary_large_image\" \/>\n<meta name=\"twitter:label1\" content=\"Gesch\u00e4tzte Lesezeit\" \/>\n\t<meta name=\"twitter:data1\" content=\"1\u00a0Minute\" \/>\n<script type=\"application\/ld+json\" class=\"yoast-schema-graph\">{\"@context\":\"https:\/\/schema.org\",\"@graph\":[{\"@type\":\"WebPage\",\"@id\":\"https:\/\/actiproct.com\/de\/produkt\/actiproct-gel-can\/\",\"url\":\"https:\/\/actiproct.com\/de\/produkt\/actiproct-gel-can\/\",\"name\":\"ActiProct Gel Can - ActiProct\",\"isPartOf\":{\"@id\":\"https:\/\/actiproct.com\/de\/#website\"},\"primaryImageOfPage\":{\"@id\":\"https:\/\/actiproct.com\/de\/produkt\/actiproct-gel-can\/#primaryimage\"},\"image\":{\"@id\":\"https:\/\/actiproct.com\/de\/produkt\/actiproct-gel-can\/#primaryimage\"},\"thumbnailUrl\":\"https:\/\/actiproct.com\/app\/uploads\/sites\/3\/2025\/05\/Actiproct-Gel-Can.png\",\"datePublished\":\"2025-05-19T08:56:27+00:00\",\"dateModified\":\"2026-02-13T09:11:55+00:00\",\"description\":\"Die Formel basiert auf dem beruhigenden, k\u00fchlenden Actiproct Gel, das sofortige Linderung bei inneren H\u00e4morrhoiden sowie bei anderen Beschwerden wie Reizungen, Juckreiz, Brennen und Schmerzen bietet.\",\"breadcrumb\":{\"@id\":\"https:\/\/actiproct.com\/de\/produkt\/actiproct-gel-can\/#breadcrumb\"},\"inLanguage\":\"de\",\"potentialAction\":[{\"@type\":\"ReadAction\",\"target\":[\"https:\/\/actiproct.com\/de\/produkt\/actiproct-gel-can\/\"]}]},{\"@type\":\"ImageObject\",\"inLanguage\":\"de\",\"@id\":\"https:\/\/actiproct.com\/de\/produkt\/actiproct-gel-can\/#primaryimage\",\"url\":\"https:\/\/actiproct.com\/app\/uploads\/sites\/3\/2025\/05\/Actiproct-Gel-Can.png\",\"contentUrl\":\"https:\/\/actiproct.com\/app\/uploads\/sites\/3\/2025\/05\/Actiproct-Gel-Can.png\",\"width\":494,\"height\":494,\"caption\":\"Actiproct-Gel-Can\"},{\"@type\":\"BreadcrumbList\",\"@id\":\"https:\/\/actiproct.com\/de\/produkt\/actiproct-gel-can\/#breadcrumb\",\"itemListElement\":[{\"@type\":\"ListItem\",\"position\":1,\"name\":\"Home\",\"item\":\"https:\/\/actiproct.com\/de\/\"},{\"@type\":\"ListItem\",\"position\":2,\"name\":\"Produkte\",\"item\":\"https:\/\/actiproct.com\/de\/produkte\/\"},{\"@type\":\"ListItem\",\"position\":3,\"name\":\"ActiProct Gel Can\"}]},{\"@type\":\"WebSite\",\"@id\":\"https:\/\/actiproct.com\/de\/#website\",\"url\":\"https:\/\/actiproct.com\/de\/\",\"name\":\"ActiProct\",\"description\":\"\",\"publisher\":{\"@id\":\"https:\/\/actiproct.com\/de\/#organization\"},\"potentialAction\":[{\"@type\":\"SearchAction\",\"target\":{\"@type\":\"EntryPoint\",\"urlTemplate\":\"https:\/\/actiproct.com\/de\/?s={search_term_string}\"},\"query-input\":{\"@type\":\"PropertyValueSpecification\",\"valueRequired\":true,\"valueName\":\"search_term_string\"}}],\"inLanguage\":\"de\"},{\"@type\":\"Organization\",\"@id\":\"https:\/\/actiproct.com\/de\/#organization\",\"name\":\"ActiProct\",\"url\":\"https:\/\/actiproct.com\/de\/\",\"logo\":{\"@type\":\"ImageObject\",\"inLanguage\":\"de\",\"@id\":\"https:\/\/actiproct.com\/de\/#\/schema\/logo\/image\/\",\"url\":\"https:\/\/actiproct.com\/app\/uploads\/sites\/3\/2025\/05\/Actiproct-logo.png\",\"contentUrl\":\"https:\/\/actiproct.com\/app\/uploads\/sites\/3\/2025\/05\/Actiproct-logo.png\",\"width\":233,\"height\":101,\"caption\":\"ActiProct\"},\"image\":{\"@id\":\"https:\/\/actiproct.com\/de\/#\/schema\/logo\/image\/\"}}]}<\/script>\n<!-- \/ Yoast SEO plugin. -->","yoast_head_json":{"title":"ActiProct Gel Can - ActiProct","description":"Die Formel basiert auf dem beruhigenden, k\u00fchlenden Actiproct Gel, das sofortige Linderung bei inneren H\u00e4morrhoiden sowie bei anderen Beschwerden wie Reizungen, Juckreiz, Brennen und Schmerzen bietet.","robots":{"index":"index","follow":"follow","max-snippet":"max-snippet:-1","max-image-preview":"max-image-preview:large","max-video-preview":"max-video-preview:-1"},"canonical":"https:\/\/actiproct.com\/de\/produkt\/actiproct-gel-can\/","og_locale":"de_DE","og_type":"article","og_title":"ActiProct Gel Can - ActiProct","og_description":"Die Formel basiert auf dem beruhigenden, k\u00fchlenden Actiproct Gel, das sofortige Linderung bei inneren H\u00e4morrhoiden sowie bei anderen Beschwerden wie Reizungen, Juckreiz, Brennen und Schmerzen bietet.","og_url":"https:\/\/actiproct.com\/de\/produkt\/actiproct-gel-can\/","og_site_name":"ActiProct","article_modified_time":"2026-02-13T09:11:55+00:00","og_image":[{"width":494,"height":494,"url":"https:\/\/actiproct.com\/app\/uploads\/sites\/3\/2025\/05\/Actiproct-Gel-Can.png","type":"image\/png"}],"twitter_card":"summary_large_image","twitter_misc":{"Gesch\u00e4tzte Lesezeit":"1\u00a0Minute"},"schema":{"@context":"https:\/\/schema.org","@graph":[{"@type":"WebPage","@id":"https:\/\/actiproct.com\/de\/produkt\/actiproct-gel-can\/","url":"https:\/\/actiproct.com\/de\/produkt\/actiproct-gel-can\/","name":"ActiProct Gel Can - ActiProct","isPartOf":{"@id":"https:\/\/actiproct.com\/de\/#website"},"primaryImageOfPage":{"@id":"https:\/\/actiproct.com\/de\/produkt\/actiproct-gel-can\/#primaryimage"},"image":{"@id":"https:\/\/actiproct.com\/de\/produkt\/actiproct-gel-can\/#primaryimage"},"thumbnailUrl":"https:\/\/actiproct.com\/app\/uploads\/sites\/3\/2025\/05\/Actiproct-Gel-Can.png","datePublished":"2025-05-19T08:56:27+00:00","dateModified":"2026-02-13T09:11:55+00:00","description":"Die Formel basiert auf dem beruhigenden, k\u00fchlenden Actiproct Gel, das sofortige Linderung bei inneren H\u00e4morrhoiden sowie bei anderen Beschwerden wie Reizungen, Juckreiz, Brennen und Schmerzen bietet.","breadcrumb":{"@id":"https:\/\/actiproct.com\/de\/produkt\/actiproct-gel-can\/#breadcrumb"},"inLanguage":"de","potentialAction":[{"@type":"ReadAction","target":["https:\/\/actiproct.com\/de\/produkt\/actiproct-gel-can\/"]}]},{"@type":"ImageObject","inLanguage":"de","@id":"https:\/\/actiproct.com\/de\/produkt\/actiproct-gel-can\/#primaryimage","url":"https:\/\/actiproct.com\/app\/uploads\/sites\/3\/2025\/05\/Actiproct-Gel-Can.png","contentUrl":"https:\/\/actiproct.com\/app\/uploads\/sites\/3\/2025\/05\/Actiproct-Gel-Can.png","width":494,"height":494,"caption":"Actiproct-Gel-Can"},{"@type":"BreadcrumbList","@id":"https:\/\/actiproct.com\/de\/produkt\/actiproct-gel-can\/#breadcrumb","itemListElement":[{"@type":"ListItem","position":1,"name":"Home","item":"https:\/\/actiproct.com\/de\/"},{"@type":"ListItem","position":2,"name":"Produkte","item":"https:\/\/actiproct.com\/de\/produkte\/"},{"@type":"ListItem","position":3,"name":"ActiProct Gel Can"}]},{"@type":"WebSite","@id":"https:\/\/actiproct.com\/de\/#website","url":"https:\/\/actiproct.com\/de\/","name":"ActiProct","description":"","publisher":{"@id":"https:\/\/actiproct.com\/de\/#organization"},"potentialAction":[{"@type":"SearchAction","target":{"@type":"EntryPoint","urlTemplate":"https:\/\/actiproct.com\/de\/?s={search_term_string}"},"query-input":{"@type":"PropertyValueSpecification","valueRequired":true,"valueName":"search_term_string"}}],"inLanguage":"de"},{"@type":"Organization","@id":"https:\/\/actiproct.com\/de\/#organization","name":"ActiProct","url":"https:\/\/actiproct.com\/de\/","logo":{"@type":"ImageObject","inLanguage":"de","@id":"https:\/\/actiproct.com\/de\/#\/schema\/logo\/image\/","url":"https:\/\/actiproct.com\/app\/uploads\/sites\/3\/2025\/05\/Actiproct-logo.png","contentUrl":"https:\/\/actiproct.com\/app\/uploads\/sites\/3\/2025\/05\/Actiproct-logo.png","width":233,"height":101,"caption":"ActiProct"},"image":{"@id":"https:\/\/actiproct.com\/de\/#\/schema\/logo\/image\/"}}]}},"_links":{"self":[{"href":"https:\/\/actiproct.com\/de\/wp-json\/wp\/v2\/product\/71","targetHints":{"allow":["GET"]}}],"collection":[{"href":"https:\/\/actiproct.com\/de\/wp-json\/wp\/v2\/product"}],"about":[{"href":"https:\/\/actiproct.com\/de\/wp-json\/wp\/v2\/types\/product"}],"replies":[{"embeddable":true,"href":"https:\/\/actiproct.com\/de\/wp-json\/wp\/v2\/comments?post=71"}],"version-history":[{"count":10,"href":"https:\/\/actiproct.com\/de\/wp-json\/wp\/v2\/product\/71\/revisions"}],"predecessor-version":[{"id":325,"href":"https:\/\/actiproct.com\/de\/wp-json\/wp\/v2\/product\/71\/revisions\/325"}],"wp:featuredmedia":[{"embeddable":true,"href":"https:\/\/actiproct.com\/de\/wp-json\/wp\/v2\/media\/311"}],"wp:attachment":[{"href":"https:\/\/actiproct.com\/de\/wp-json\/wp\/v2\/media?parent=71"}],"wp:term":[{"taxonomy":"product_brand","embeddable":true,"href":"https:\/\/actiproct.com\/de\/wp-json\/wp\/v2\/product_brand?post=71"},{"taxonomy":"product_cat","embeddable":true,"href":"https:\/\/actiproct.com\/de\/wp-json\/wp\/v2\/product_cat?post=71"},{"taxonomy":"product_tag","embeddable":true,"href":"https:\/\/actiproct.com\/de\/wp-json\/wp\/v2\/product_tag?post=71"}],"curies":[{"name":"wp","href":"https:\/\/api.w.org\/{rel}","templated":true}]}}