{"id":23,"date":"2025-08-28T15:08:25","date_gmt":"2025-08-28T13:08:25","guid":{"rendered":"https:\/\/actiproct.com\/dk\/?page_id=23"},"modified":"2026-01-14T13:41:50","modified_gmt":"2026-01-14T12:41:50","slug":"actiproct","status":"publish","type":"page","link":"https:\/\/actiproct.com\/dk\/","title":{"rendered":"ActiProct"},"content":{"rendered":"\n\n\n\n<div class=\"product-list wp-block-karopharma-product-list primary-100 \" data-testid=\"product-list\">\n      <div class=\"swiper-container\">\n      <div class=\"swiper\">\n        <div class=\"swiper-wrapper\">\n                      <div class=\"swiper-slide\">\n              <div class=\"product-card\" data-testid=\"product-card\">\n  <a\n    href=https:\/\/actiproct.com\/dk\/product\/actiproct-spray\/\n    class=\"product-card-link\"\n    title=\"ActiProct Spray\"\n  >\n  <figure class=\"product-card-image\" data-testid=\"product-image\">\n                          <img decoding=\"async\" src=\"https:\/\/actiproct.com\/cdn-cgi\/image\/width=700,format=auto\/app\/uploads\/sites\/8\/2025\/09\/actiproct-spray-elipse.png\"\n        srcset=\"https:\/\/actiproct.com\/cdn-cgi\/image\/width=250,format=auto\/app\/uploads\/sites\/8\/2025\/09\/actiproct-spray-elipse.png 250w,\n                https:\/\/actiproct.com\/cdn-cgi\/image\/width=500,format=auto\/app\/uploads\/sites\/8\/2025\/09\/actiproct-spray-elipse.png 500w,\n                https:\/\/actiproct.com\/cdn-cgi\/image\/width=700,format=auto\/app\/uploads\/sites\/8\/2025\/09\/actiproct-spray-elipse.png 700w\"\n        sizes=\"(max-width: 400px) 250px, (max-width: 800px) 500px, 700px\"\n        alt=\"ActiProct spray\"\n        class=\"img\">\n            <\/figure>\n    <div class=\"product-card-content\">\n      <div class=\"heading-wrapper\">\n        <h2 class=\"heading\">ActiProct Spray<\/h2>\n      <\/div>\n      <div class=\"product-card-description\">P\u00e5 farten &#8211; Hurtig lindring af ydre analt ubehag.<\/div>\n                      <\/div>\n  <\/a>\n          <div class=\"button-wrapper buy-now \" data-testid=\"buy-now\">\n      <div class=\"buy-now-container dropdown-container\">\n      <div class=\"theme-button button-primary-color dropdown-link\" aria-label=\"K\u00f8b nu\">\n          K\u00f8b nu <i class=\"dropdown\"><\/i>\n      <\/div>\n      <ul class=\"reseller-list submenu\">\n                    <li>\n              <a\n                href=\"https:\/\/apopro.dk\/produkt\/actiproct-spray-50-ml-228678\" onclick=\"dataLayer.push({'event':'ga_event', 'eventCategory':'Click on Reseller', 'eventAction':'Apopro', 'eventLabel':'ActiProct Spray', 'eventValue': undefined})\" rel=\"noopener\" target=\"_blank\" title=\"Apopro\"\n                data-testid=\"buy-now-reseller\">\n                <i class=\"fa-solid fa-arrow-right\"><\/i> Apopro\n              <\/a>\n          <\/li>\n                    <li>\n              <a\n                href=\"https:\/\/www.apotekeren.dk\/produkter\/actiproct-spray\/p-51885\" onclick=\"dataLayer.push({'event':'ga_event', 'eventCategory':'Click on Reseller', 'eventAction':'Apotekeren', 'eventLabel':'ActiProct Spray', 'eventValue': undefined})\" rel=\"noopener\" target=\"_blank\" title=\"Apotekeren\"\n                data-testid=\"buy-now-reseller\">\n                <i class=\"fa-solid fa-arrow-right\"><\/i> Apotekeren\n              <\/a>\n          <\/li>\n                    <li>\n              <a\n                href=\"https:\/\/apoteket-online.dk\/actiproct-spray-228678\" onclick=\"dataLayer.push({'event':'ga_event', 'eventCategory':'Click on Reseller', 'eventAction':'Apoteket-online', 'eventLabel':'ActiProct Spray', 'eventValue': undefined})\" rel=\"noopener\" target=\"_blank\" title=\"Apoteket-online\"\n                data-testid=\"buy-now-reseller\">\n                <i class=\"fa-solid fa-arrow-right\"><\/i> Apoteket-online\n              <\/a>\n          <\/li>\n                    <li>\n              <a\n                href=\"https:\/\/www.dinapoteker.dk\/actiproct-spray-p65298\" onclick=\"dataLayer.push({'event':'ga_event', 'eventCategory':'Click on Reseller', 'eventAction':'dinApoteker', 'eventLabel':'ActiProct Spray', 'eventValue': undefined})\" rel=\"noopener\" target=\"_blank\" title=\"dinApoteker\"\n                data-testid=\"buy-now-reseller\">\n                <i class=\"fa-solid fa-arrow-right\"><\/i> dinApoteker\n              <\/a>\n          <\/li>\n                    <li>\n              <a\n                href=\"https:\/\/www.webapoteket.dk\/actiproct-cooling-spray-50-ml\" onclick=\"dataLayer.push({'event':'ga_event', 'eventCategory':'Click on Reseller', 'eventAction':'Webapoteket', 'eventLabel':'ActiProct Spray', 'eventValue': undefined})\" rel=\"noopener\" target=\"_blank\" title=\"Webapoteket\"\n                data-testid=\"buy-now-reseller\">\n                <i class=\"fa-solid fa-arrow-right\"><\/i> Webapoteket\n              <\/a>\n          <\/li>\n                <\/ul>\n    <\/div>\n  <\/div>\n  <\/div>\n            <\/div>\n                      <div class=\"swiper-slide\">\n              <div class=\"product-card\" data-testid=\"product-card\">\n  <a\n    href=https:\/\/actiproct.com\/dk\/product\/actiproct-gel\/\n    class=\"product-card-link\"\n    title=\"ActiProct Gel\"\n  >\n  <figure class=\"product-card-image\" data-testid=\"product-image\">\n                          <img decoding=\"async\" src=\"https:\/\/actiproct.com\/cdn-cgi\/image\/width=700,format=auto\/app\/uploads\/sites\/8\/2025\/08\/actiproct-gel.png\"\n        srcset=\"https:\/\/actiproct.com\/cdn-cgi\/image\/width=250,format=auto\/app\/uploads\/sites\/8\/2025\/08\/actiproct-gel.png 250w,\n                https:\/\/actiproct.com\/cdn-cgi\/image\/width=500,format=auto\/app\/uploads\/sites\/8\/2025\/08\/actiproct-gel.png 500w,\n                https:\/\/actiproct.com\/cdn-cgi\/image\/width=700,format=auto\/app\/uploads\/sites\/8\/2025\/08\/actiproct-gel.png 700w\"\n        sizes=\"(max-width: 400px) 250px, (max-width: 800px) 500px, 700px\"\n        alt=\"actiproct-gel\"\n        class=\"img\">\n            <\/figure>\n    <div class=\"product-card-content\">\n      <div class=\"heading-wrapper\">\n        <h2 class=\"heading\">ActiProct Gel<\/h2>\n      <\/div>\n      <div class=\"product-card-description\">Hurtig lindring af indre og ydre h\u00e6morider.<br>Medicinsk udstyr.<\/div>\n                      <\/div>\n  <\/a>\n          <div class=\"button-wrapper buy-now \" data-testid=\"buy-now\">\n      <div class=\"buy-now-container dropdown-container\">\n      <div class=\"theme-button button-primary-color dropdown-link\" aria-label=\"K\u00f8b nu\">\n          K\u00f8b nu <i class=\"dropdown\"><\/i>\n      <\/div>\n      <ul class=\"reseller-list submenu\">\n                    <li>\n              <a\n                href=\"https:\/\/apopro.dk\/produkt\/actiproct-gel-medicinsk-udstyr-30-ml-228677\" onclick=\"dataLayer.push({'event':'ga_event', 'eventCategory':'Click on Reseller', 'eventAction':'Apopro', 'eventLabel':'ActiProct Gel', 'eventValue': undefined})\" rel=\"noopener\" target=\"_blank\" title=\"Apopro\"\n                data-testid=\"buy-now-reseller\">\n                <i class=\"fa-solid fa-arrow-right\"><\/i> Apopro\n              <\/a>\n          <\/li>\n                    <li>\n              <a\n                href=\"https:\/\/www.apotekeren.dk\/produkter\/actiproct-gel\/p-51884\" onclick=\"dataLayer.push({'event':'ga_event', 'eventCategory':'Click on Reseller', 'eventAction':'Apotekeren', 'eventLabel':'ActiProct Gel', 'eventValue': undefined})\" rel=\"noopener\" target=\"_blank\" title=\"Apotekeren\"\n                data-testid=\"buy-now-reseller\">\n                <i class=\"fa-solid fa-arrow-right\"><\/i> Apotekeren\n              <\/a>\n          <\/li>\n                    <li>\n              <a\n                href=\"https:\/\/apoteket-online.dk\/actiproct-gel-228677\" onclick=\"dataLayer.push({'event':'ga_event', 'eventCategory':'Click on Reseller', 'eventAction':'Apoteket-online', 'eventLabel':'ActiProct Gel', 'eventValue': undefined})\" rel=\"noopener\" target=\"_blank\" title=\"Apoteket-online\"\n                data-testid=\"buy-now-reseller\">\n                <i class=\"fa-solid fa-arrow-right\"><\/i> Apoteket-online\n              <\/a>\n          <\/li>\n                    <li>\n              <a\n                href=\"https:\/\/www.dinapoteker.dk\/actiproct-gel-p65297\" onclick=\"dataLayer.push({'event':'ga_event', 'eventCategory':'Click on Reseller', 'eventAction':'dinApoteker', 'eventLabel':'ActiProct Gel', 'eventValue': undefined})\" rel=\"noopener\" target=\"_blank\" title=\"dinApoteker\"\n                data-testid=\"buy-now-reseller\">\n                <i class=\"fa-solid fa-arrow-right\"><\/i> dinApoteker\n              <\/a>\n          <\/li>\n                    <li>\n              <a\n                href=\"https:\/\/ugleapo.dk\/produkt\/actiproct-gel-30-ml-228677\/\" onclick=\"dataLayer.push({'event':'ga_event', 'eventCategory':'Click on Reseller', 'eventAction':'Ugleapo', 'eventLabel':'ActiProct Gel', 'eventValue': undefined})\" rel=\"noopener\" target=\"_blank\" title=\"Ugleapo\"\n                data-testid=\"buy-now-reseller\">\n                <i class=\"fa-solid fa-arrow-right\"><\/i> Ugleapo\n              <\/a>\n          <\/li>\n                    <li>\n              <a\n                href=\"https:\/\/www.webapoteket.dk\/actiproct-gel-30-ml\" onclick=\"dataLayer.push({'event':'ga_event', 'eventCategory':'Click on Reseller', 'eventAction':'Webapoteket', 'eventLabel':'ActiProct Gel', 'eventValue': undefined})\" rel=\"noopener\" target=\"_blank\" title=\"Webapoteket\"\n                data-testid=\"buy-now-reseller\">\n                <i class=\"fa-solid fa-arrow-right\"><\/i> Webapoteket\n              <\/a>\n          <\/li>\n                <\/ul>\n    <\/div>\n  <\/div>\n  <\/div>\n            <\/div>\n                  <\/div>\n        <div class=\"swiper-scrollbar\"><\/div>\n      <\/div>\n    <\/div>\n  <\/div>\n\n\n\n<div class=\"wp-block-karopharma-free-text pt-large pb-large bg-center bg-cover bg-no-repeat\" style=\"background-image:url()\"><div class=\"free-text-wrapper container max-w-small text-center\">\n<h2 class=\"wp-block-heading fontnormal\">ActiProct<sup>\u00ae<\/sup> Gel er en <em><mark style=\"background-color:rgba(0, 0, 0, 0)\" class=\"has-inline-color has-primary-color\"><strong>klinisk dokumenteret<\/strong><\/mark><\/em> l\u00f8sning, der lindrer ubehag ved h\u00e6morider ved at berolige kl\u00f8e, reducere smerte og d\u00e6mpe inflammation &#8211; og dermed \u00f8ge komforten ved toiletbes\u00f8g.<\/h2>\n\n\n\n<div class=\"wp-block-buttons is-layout-flex wp-block-buttons-is-layout-flex\">\n<div class=\"wp-block-button\"><a class=\"wp-block-button__link wp-element-button\" href=\"https:\/\/actiproct.com\/dk\/om-actiproct\/\">L\u00e6s mere<\/a><\/div>\n<\/div>\n<\/div><\/div>\n\n\n\n<div class=\"wp-block-karopharma-several-images-with-text several-images-with-text\"><div class=\"container large col-1 content-align-center\" test-data=\"inner-content\">\n<section class=\"wp-block-karopharma-image-with-text image-with-text image-with-text__full-width\"><div class=\"image-with-text-container \"><div class=\"image-with-text-container-image-container\"><img decoding=\"async\" loading=\"lazy\" src=\"https:\/\/actiproct.com\/cdn-cgi\/image\/format=auto\/app\/uploads\/sites\/8\/2025\/08\/sooting-300x240-1.png\" alt=\"Beroligende\"\/><\/div><div class=\"image-with-text-container-content\" style=\"text-align:left\" data-test=\"content\"><div class=\"content\"><h2><mark style=\"background-color:rgba(0, 0, 0, 0)\" class=\"has-inline-color has-primary-color\">Beroligende<\/mark><\/h2><p class=\"body\" data-test=\"body\">ActiProct Gel er beriget med aloe vera, som beroliger det ber\u00f8rte omr\u00e5de, lindrer kl\u00f8e og irritation, samt giver en k\u00f8lende fornemmelse, der giver \u00f8jeblikkelig lindring.<\/p>\n<div class=\"wp-block-buttons is-layout-flex wp-block-buttons-is-layout-flex\"><\/div>\n<\/div><\/div><\/div><\/section>\n\n\n\n<section class=\"wp-block-karopharma-image-with-text image-with-text image-with-text__full-width\"><div class=\"image-with-text-container \"><div class=\"image-with-text-container-image-container\"><img decoding=\"async\" loading=\"lazy\" src=\"https:\/\/actiproct.com\/cdn-cgi\/image\/format=auto\/app\/uploads\/sites\/8\/2025\/08\/treating-300x240-1.png\" alt=\"Behandlende\"\/><\/div><div class=\"image-with-text-container-content\" style=\"text-align:left\" data-test=\"content\"><div class=\"content\"><h2><mark style=\"background-color:rgba(0, 0, 0, 0)\" class=\"has-inline-color has-primary-color\">Behandlende<\/mark><\/h2><p class=\"body\" data-test=\"body\">Dens fugtgivende egenskaber hj\u00e6lper med at reducere irritation og beskytte det ber\u00f8rte omr\u00e5de, hvilket fremmer den naturlige heling.<\/p>\n<div class=\"wp-block-buttons is-layout-flex wp-block-buttons-is-layout-flex\"><\/div>\n<\/div><\/div><\/div><\/section>\n\n\n\n<section class=\"wp-block-karopharma-image-with-text image-with-text image-with-text__full-width\"><div class=\"image-with-text-container \"><div class=\"image-with-text-container-image-container\"><img decoding=\"async\" loading=\"lazy\" src=\"https:\/\/actiproct.com\/cdn-cgi\/image\/format=auto\/app\/uploads\/sites\/8\/2025\/08\/icon-lubricating-300x240-1.png\" alt=\"Lindrende\"\/><\/div><div class=\"image-with-text-container-content\" style=\"text-align:left\" data-test=\"content\"><div class=\"content\"><h2><mark style=\"background-color:rgba(0, 0, 0, 0)\" class=\"has-inline-color has-primary-color\">Lindrende<\/mark><\/h2><p class=\"body\" data-test=\"body\">Gelens sm\u00f8rende virkning sikrer langvarig komfort, s\u00e5 du kan g\u00e5 p\u00e5 toilettet uden smerter hele dagen.<\/p>\n<div class=\"wp-block-buttons is-layout-flex wp-block-buttons-is-layout-flex\"><\/div>\n<\/div><\/div><\/div><\/section>\n\n\n\n<section class=\"wp-block-karopharma-image-with-text image-with-text image-with-text__full-width\"><div class=\"image-with-text-container \"><div class=\"image-with-text-container-image-container\"><img decoding=\"async\" loading=\"lazy\" src=\"https:\/\/actiproct.com\/cdn-cgi\/image\/format=auto\/app\/uploads\/sites\/8\/2025\/08\/icon-protecting-300x240-1.png\" alt=\"Beskyttende\"\/><\/div><div class=\"image-with-text-container-content\" style=\"text-align:left\" data-test=\"content\"><div class=\"content\"><h2><mark style=\"background-color:rgba(0, 0, 0, 0)\" class=\"has-inline-color has-primary-color\">Beskyttende<\/mark><\/h2><p class=\"body\" data-test=\"body\">ActiProct Gel danner en fysisk barrier som beskytter omr\u00e5det og underst\u00f8tter kroppens naturlige helingsproces.<\/p>\n<div class=\"wp-block-buttons is-layout-flex wp-block-buttons-is-layout-flex\"><\/div>\n<\/div><\/div><\/div><\/section>\n\n\n\n<section class=\"wp-block-karopharma-image-with-text image-with-text image-with-text__full-width\"><div class=\"image-with-text-container \"><div class=\"image-with-text-container-image-container\"><img decoding=\"async\" loading=\"lazy\" src=\"https:\/\/actiproct.com\/cdn-cgi\/image\/format=auto\/app\/uploads\/sites\/8\/2025\/08\/icon-pain-300x240-1.png\" alt=\"K\u00f8lende\"\/><\/div><div class=\"image-with-text-container-content\" style=\"text-align:left\" data-test=\"content\"><div class=\"content\"><h2><mark style=\"background-color:rgba(0, 0, 0, 0)\" class=\"has-inline-color has-primary-color\">K\u00f8lende<\/mark><\/h2><p class=\"body\" data-test=\"body\">Gelen giver en \u00f8jeblikkelig k\u00f8leeffekt, der lindrer kl\u00f8e, br\u00e6ndende fornemmelse, smerter og generelt ubehag.<\/p>\n<div class=\"wp-block-buttons is-layout-flex wp-block-buttons-is-layout-flex\"><\/div>\n<\/div><\/div><\/div><\/section>\n<\/div><\/div>\n\n\n\n<div style=\"height:100px\" aria-hidden=\"true\" class=\"wp-block-spacer is-style-responsive-small\"><\/div>\n","protected":false},"excerpt":{"rendered":"","protected":false},"author":2,"featured_media":0,"parent":0,"menu_order":0,"comment_status":"closed","ping_status":"closed","template":"","meta":{"_acf_changed":false,"footnotes":""},"from-article-database":[],"class_list":["post-23","page","type-page","status-publish","hentry"],"acf":[],"yoast_head":"<!-- This site is optimized with the Yoast SEO plugin v26.6 - https:\/\/yoast.com\/wordpress\/plugins\/seo\/ -->\n<title>ActiProct - ActiProct<\/title>\n<meta name=\"description\" content=\"ActiProct\u00ae Gel er en klinisk dokumenteret l\u00f8sning, der lindrer ubehag ved h\u00e6morider ved at berolige kl\u00f8e, reducere smerte og d\u00e6mpe inflammation\" \/>\n<meta name=\"robots\" content=\"index, follow, max-snippet:-1, max-image-preview:large, max-video-preview:-1\" \/>\n<link rel=\"canonical\" href=\"https:\/\/actiproct.com\/dk\/\" \/>\n<meta property=\"og:locale\" content=\"da_DK\" \/>\n<meta property=\"og:type\" content=\"article\" \/>\n<meta property=\"og:title\" content=\"ActiProct - ActiProct\" \/>\n<meta property=\"og:description\" content=\"ActiProct\u00ae Gel er en klinisk dokumenteret l\u00f8sning, der lindrer ubehag ved h\u00e6morider ved at berolige kl\u00f8e, reducere smerte og d\u00e6mpe inflammation\" \/>\n<meta property=\"og:url\" content=\"https:\/\/actiproct.com\/dk\/\" \/>\n<meta property=\"og:site_name\" content=\"ActiProct\" \/>\n<meta property=\"article:modified_time\" content=\"2026-01-14T12:41:50+00:00\" \/>\n<meta property=\"og:image\" content=\"https:\/\/actiproct.com\/cdn-cgi\/image\/format=auto\/app\/uploads\/sites\/8\/2025\/08\/sooting-300x240-1.png\" \/>\n<meta name=\"twitter:card\" content=\"summary_large_image\" \/>\n<meta name=\"twitter:label1\" content=\"Estimeret l\u00e6setid\" \/>\n\t<meta name=\"twitter:data1\" content=\"2 minutter\" \/>\n<script type=\"application\/ld+json\" class=\"yoast-schema-graph\">{\"@context\":\"https:\/\/schema.org\",\"@graph\":[{\"@type\":\"WebPage\",\"@id\":\"https:\/\/actiproct.com\/dk\/\",\"url\":\"https:\/\/actiproct.com\/dk\/\",\"name\":\"ActiProct - ActiProct\",\"isPartOf\":{\"@id\":\"https:\/\/actiproct.com\/dk\/#website\"},\"primaryImageOfPage\":{\"@id\":\"https:\/\/actiproct.com\/dk\/#primaryimage\"},\"image\":{\"@id\":\"https:\/\/actiproct.com\/dk\/#primaryimage\"},\"thumbnailUrl\":\"https:\/\/actiproct.com\/cdn-cgi\/image\/format=auto\/app\/uploads\/sites\/8\/2025\/08\/sooting-300x240-1.png\",\"datePublished\":\"2025-08-28T13:08:25+00:00\",\"dateModified\":\"2026-01-14T12:41:50+00:00\",\"description\":\"ActiProct\u00ae Gel er en klinisk dokumenteret l\u00f8sning, der lindrer ubehag ved h\u00e6morider ved at berolige kl\u00f8e, reducere smerte og d\u00e6mpe inflammation\",\"breadcrumb\":{\"@id\":\"https:\/\/actiproct.com\/dk\/#breadcrumb\"},\"inLanguage\":\"da-DK\",\"potentialAction\":[{\"@type\":\"ReadAction\",\"target\":[\"https:\/\/actiproct.com\/dk\/\"]}]},{\"@type\":\"ImageObject\",\"inLanguage\":\"da-DK\",\"@id\":\"https:\/\/actiproct.com\/dk\/#primaryimage\",\"url\":\"https:\/\/actiproct.com\/cdn-cgi\/image\/format=auto\/app\/uploads\/sites\/8\/2025\/08\/sooting-300x240-1.png\",\"contentUrl\":\"https:\/\/actiproct.com\/cdn-cgi\/image\/format=auto\/app\/uploads\/sites\/8\/2025\/08\/sooting-300x240-1.png\"},{\"@type\":\"BreadcrumbList\",\"@id\":\"https:\/\/actiproct.com\/dk\/#breadcrumb\",\"itemListElement\":[{\"@type\":\"ListItem\",\"position\":1,\"name\":\"Home\",\"item\":\"https:\/\/actiproct.com\/dk\/\"},{\"@type\":\"ListItem\",\"position\":2,\"name\":\"ActiProct\"}]},{\"@type\":\"WebSite\",\"@id\":\"https:\/\/actiproct.com\/dk\/#website\",\"url\":\"https:\/\/actiproct.com\/dk\/\",\"name\":\"ActiProct\",\"description\":\"\",\"publisher\":{\"@id\":\"https:\/\/actiproct.com\/dk\/#organization\"},\"potentialAction\":[{\"@type\":\"SearchAction\",\"target\":{\"@type\":\"EntryPoint\",\"urlTemplate\":\"https:\/\/actiproct.com\/dk\/?s={search_term_string}\"},\"query-input\":{\"@type\":\"PropertyValueSpecification\",\"valueRequired\":true,\"valueName\":\"search_term_string\"}}],\"inLanguage\":\"da-DK\"},{\"@type\":\"Organization\",\"@id\":\"https:\/\/actiproct.com\/dk\/#organization\",\"name\":\"ActiProct\",\"url\":\"https:\/\/actiproct.com\/dk\/\",\"logo\":{\"@type\":\"ImageObject\",\"inLanguage\":\"da-DK\",\"@id\":\"https:\/\/actiproct.com\/dk\/#\/schema\/logo\/image\/\",\"url\":\"https:\/\/actiproct.com\/app\/uploads\/sites\/8\/2025\/08\/Actiproct-logo.png\",\"contentUrl\":\"https:\/\/actiproct.com\/app\/uploads\/sites\/8\/2025\/08\/Actiproct-logo.png\",\"width\":233,\"height\":101,\"caption\":\"ActiProct\"},\"image\":{\"@id\":\"https:\/\/actiproct.com\/dk\/#\/schema\/logo\/image\/\"}}]}<\/script>\n<!-- \/ Yoast SEO plugin. -->","yoast_head_json":{"title":"ActiProct - ActiProct","description":"ActiProct\u00ae Gel er en klinisk dokumenteret l\u00f8sning, der lindrer ubehag ved h\u00e6morider ved at berolige kl\u00f8e, reducere smerte og d\u00e6mpe inflammation","robots":{"index":"index","follow":"follow","max-snippet":"max-snippet:-1","max-image-preview":"max-image-preview:large","max-video-preview":"max-video-preview:-1"},"canonical":"https:\/\/actiproct.com\/dk\/","og_locale":"da_DK","og_type":"article","og_title":"ActiProct - ActiProct","og_description":"ActiProct\u00ae Gel er en klinisk dokumenteret l\u00f8sning, der lindrer ubehag ved h\u00e6morider ved at berolige kl\u00f8e, reducere smerte og d\u00e6mpe inflammation","og_url":"https:\/\/actiproct.com\/dk\/","og_site_name":"ActiProct","article_modified_time":"2026-01-14T12:41:50+00:00","og_image":[{"url":"https:\/\/actiproct.com\/cdn-cgi\/image\/format=auto\/app\/uploads\/sites\/8\/2025\/08\/sooting-300x240-1.png","type":"","width":"","height":""}],"twitter_card":"summary_large_image","twitter_misc":{"Estimeret l\u00e6setid":"2 minutter"},"schema":{"@context":"https:\/\/schema.org","@graph":[{"@type":"WebPage","@id":"https:\/\/actiproct.com\/dk\/","url":"https:\/\/actiproct.com\/dk\/","name":"ActiProct - ActiProct","isPartOf":{"@id":"https:\/\/actiproct.com\/dk\/#website"},"primaryImageOfPage":{"@id":"https:\/\/actiproct.com\/dk\/#primaryimage"},"image":{"@id":"https:\/\/actiproct.com\/dk\/#primaryimage"},"thumbnailUrl":"https:\/\/actiproct.com\/cdn-cgi\/image\/format=auto\/app\/uploads\/sites\/8\/2025\/08\/sooting-300x240-1.png","datePublished":"2025-08-28T13:08:25+00:00","dateModified":"2026-01-14T12:41:50+00:00","description":"ActiProct\u00ae Gel er en klinisk dokumenteret l\u00f8sning, der lindrer ubehag ved h\u00e6morider ved at berolige kl\u00f8e, reducere smerte og d\u00e6mpe inflammation","breadcrumb":{"@id":"https:\/\/actiproct.com\/dk\/#breadcrumb"},"inLanguage":"da-DK","potentialAction":[{"@type":"ReadAction","target":["https:\/\/actiproct.com\/dk\/"]}]},{"@type":"ImageObject","inLanguage":"da-DK","@id":"https:\/\/actiproct.com\/dk\/#primaryimage","url":"https:\/\/actiproct.com\/cdn-cgi\/image\/format=auto\/app\/uploads\/sites\/8\/2025\/08\/sooting-300x240-1.png","contentUrl":"https:\/\/actiproct.com\/cdn-cgi\/image\/format=auto\/app\/uploads\/sites\/8\/2025\/08\/sooting-300x240-1.png"},{"@type":"BreadcrumbList","@id":"https:\/\/actiproct.com\/dk\/#breadcrumb","itemListElement":[{"@type":"ListItem","position":1,"name":"Home","item":"https:\/\/actiproct.com\/dk\/"},{"@type":"ListItem","position":2,"name":"ActiProct"}]},{"@type":"WebSite","@id":"https:\/\/actiproct.com\/dk\/#website","url":"https:\/\/actiproct.com\/dk\/","name":"ActiProct","description":"","publisher":{"@id":"https:\/\/actiproct.com\/dk\/#organization"},"potentialAction":[{"@type":"SearchAction","target":{"@type":"EntryPoint","urlTemplate":"https:\/\/actiproct.com\/dk\/?s={search_term_string}"},"query-input":{"@type":"PropertyValueSpecification","valueRequired":true,"valueName":"search_term_string"}}],"inLanguage":"da-DK"},{"@type":"Organization","@id":"https:\/\/actiproct.com\/dk\/#organization","name":"ActiProct","url":"https:\/\/actiproct.com\/dk\/","logo":{"@type":"ImageObject","inLanguage":"da-DK","@id":"https:\/\/actiproct.com\/dk\/#\/schema\/logo\/image\/","url":"https:\/\/actiproct.com\/app\/uploads\/sites\/8\/2025\/08\/Actiproct-logo.png","contentUrl":"https:\/\/actiproct.com\/app\/uploads\/sites\/8\/2025\/08\/Actiproct-logo.png","width":233,"height":101,"caption":"ActiProct"},"image":{"@id":"https:\/\/actiproct.com\/dk\/#\/schema\/logo\/image\/"}}]}},"_links":{"self":[{"href":"https:\/\/actiproct.com\/dk\/wp-json\/wp\/v2\/pages\/23","targetHints":{"allow":["GET"]}}],"collection":[{"href":"https:\/\/actiproct.com\/dk\/wp-json\/wp\/v2\/pages"}],"about":[{"href":"https:\/\/actiproct.com\/dk\/wp-json\/wp\/v2\/types\/page"}],"author":[{"embeddable":true,"href":"https:\/\/actiproct.com\/dk\/wp-json\/wp\/v2\/users\/2"}],"replies":[{"embeddable":true,"href":"https:\/\/actiproct.com\/dk\/wp-json\/wp\/v2\/comments?post=23"}],"version-history":[{"count":9,"href":"https:\/\/actiproct.com\/dk\/wp-json\/wp\/v2\/pages\/23\/revisions"}],"predecessor-version":[{"id":235,"href":"https:\/\/actiproct.com\/dk\/wp-json\/wp\/v2\/pages\/23\/revisions\/235"}],"wp:attachment":[{"href":"https:\/\/actiproct.com\/dk\/wp-json\/wp\/v2\/media?parent=23"}],"wp:term":[{"taxonomy":"from-article-database","embeddable":true,"href":"https:\/\/actiproct.com\/dk\/wp-json\/wp\/v2\/from-article-database?post=23"}],"curies":[{"name":"wp","href":"https:\/\/api.w.org\/{rel}","templated":true}]}}