{"id":39,"date":"2025-08-28T15:11:41","date_gmt":"2025-08-28T13:11:41","guid":{"rendered":"https:\/\/actiproct.com\/dk\/?page_id=39"},"modified":"2026-01-14T13:41:50","modified_gmt":"2026-01-14T12:41:50","slug":"om-actiproct","status":"publish","type":"page","link":"https:\/\/actiproct.com\/dk\/om-actiproct\/","title":{"rendered":"Om ActiProct"},"content":{"rendered":"\n\n\n\n\n<div class=\"wp-block-karopharma-free-text pt-large pb-small bg-center bg-cover bg-no-repeat  is-style-secondary\" style=\"background-image:url()\"><div class=\"free-text-wrapper container max-w-medium text-center\">\n<figure class=\"wp-block-image aligncenter size-full\"><img loading=\"lazy\" decoding=\"async\" width=\"305\" height=\"77\" src=\"https:\/\/actiproct.com\/app\/uploads\/sites\/8\/2025\/09\/5-i-1.png\" alt=\"5-i-1 virkning\" class=\"wp-image-198\" srcset=\"https:\/\/actiproct.com\/app\/uploads\/sites\/8\/2025\/09\/5-i-1.png 305w, https:\/\/actiproct.com\/app\/uploads\/sites\/8\/2025\/09\/5-i-1-300x77.png 300w\" sizes=\"auto, (max-width: 305px) 100vw, 305px\" \/><\/figure>\n\n\n\n<p class=\"has-text-align-center\">Fri for lokalbed\u00f8vende midler og kortikosteroider.<\/p>\n<\/div><\/div>\n\n\n\n<div class=\"wp-block-karopharma-several-images-with-text several-images-with-text is-style-secondary\"><div class=\"container large col-1 content-align-center\" test-data=\"inner-content\">\n<section class=\"wp-block-karopharma-image-with-text image-with-text image-with-text__full-width\"><div class=\"image-with-text-container \"><div class=\"image-with-text-container-image-container\"><img decoding=\"async\" loading=\"lazy\" src=\"https:\/\/actiproct.com\/cdn-cgi\/image\/format=auto\/app\/uploads\/sites\/8\/2025\/08\/sooting-300x240-1.png\" alt=\"Beroligende\"\/><\/div><div class=\"image-with-text-container-content\" style=\"text-align:left\" data-test=\"content\"><div class=\"content\"><h2><mark style=\"background-color:rgba(0, 0, 0, 0)\" class=\"has-inline-color has-primary-color\">Beroligende<\/mark><\/h2><p class=\"body\" data-test=\"body\">ActiProct Gel er beriget med aloe vera, som beroliger det ber\u00f8rte omr\u00e5de, lindrer kl\u00f8e og irritation, samt giver en k\u00f8lende fornemmelse, der giver \u00f8jeblikkelig lindring.<\/p>\n<div class=\"wp-block-buttons is-layout-flex wp-block-buttons-is-layout-flex\"><\/div>\n<\/div><\/div><\/div><\/section>\n\n\n\n<section class=\"wp-block-karopharma-image-with-text image-with-text image-with-text__full-width\"><div class=\"image-with-text-container \"><div class=\"image-with-text-container-image-container\"><img decoding=\"async\" loading=\"lazy\" src=\"https:\/\/actiproct.com\/cdn-cgi\/image\/format=auto\/app\/uploads\/sites\/8\/2025\/08\/treating-300x240-1.png\" alt=\"Behandlende\"\/><\/div><div class=\"image-with-text-container-content\" style=\"text-align:left\" data-test=\"content\"><div class=\"content\"><h2><mark style=\"background-color:rgba(0, 0, 0, 0)\" class=\"has-inline-color has-primary-color\">Behandlende<\/mark><\/h2><p class=\"body\" data-test=\"body\">Dens fugtgivende egenskaber hj\u00e6lper med at reducere irritation og beskytte det ber\u00f8rte omr\u00e5de, hvilket fremmer den naturlige heling.<\/p>\n<div class=\"wp-block-buttons is-layout-flex wp-block-buttons-is-layout-flex\"><\/div>\n<\/div><\/div><\/div><\/section>\n\n\n\n<section class=\"wp-block-karopharma-image-with-text image-with-text image-with-text__full-width\"><div class=\"image-with-text-container \"><div class=\"image-with-text-container-image-container\"><img decoding=\"async\" loading=\"lazy\" src=\"https:\/\/actiproct.com\/cdn-cgi\/image\/format=auto\/app\/uploads\/sites\/8\/2025\/08\/icon-lubricating-300x240-1.png\" alt=\"Lindrende\"\/><\/div><div class=\"image-with-text-container-content\" style=\"text-align:left\" data-test=\"content\"><div class=\"content\"><h2><mark style=\"background-color:rgba(0, 0, 0, 0)\" class=\"has-inline-color has-primary-color\">Lindrende<\/mark><\/h2><p class=\"body\" data-test=\"body\">Gelens sm\u00f8rende virkning sikrer langvarig komfort, s\u00e5 du kan g\u00e5 p\u00e5 toilettet uden smerter hele dagen.<\/p>\n<div class=\"wp-block-buttons is-layout-flex wp-block-buttons-is-layout-flex\"><\/div>\n<\/div><\/div><\/div><\/section>\n\n\n\n<section class=\"wp-block-karopharma-image-with-text image-with-text image-with-text__full-width\"><div class=\"image-with-text-container \"><div class=\"image-with-text-container-image-container\"><img decoding=\"async\" loading=\"lazy\" src=\"https:\/\/actiproct.com\/cdn-cgi\/image\/format=auto\/app\/uploads\/sites\/8\/2025\/08\/icon-protecting-300x240-1.png\" alt=\"Beskyttende\"\/><\/div><div class=\"image-with-text-container-content\" style=\"text-align:left\" data-test=\"content\"><div class=\"content\"><h2><mark style=\"background-color:rgba(0, 0, 0, 0)\" class=\"has-inline-color has-primary-color\">Beskyttende<\/mark><\/h2><p class=\"body\" data-test=\"body\">ActiProct Gel danner en fysisk barrier som beskytter omr\u00e5det og underst\u00f8tter kroppens naturlige helingsproces.<\/p>\n<div class=\"wp-block-buttons is-layout-flex wp-block-buttons-is-layout-flex\"><\/div>\n<\/div><\/div><\/div><\/section>\n\n\n\n<section class=\"wp-block-karopharma-image-with-text image-with-text image-with-text__full-width\"><div class=\"image-with-text-container \"><div class=\"image-with-text-container-image-container\"><img decoding=\"async\" loading=\"lazy\" src=\"https:\/\/actiproct.com\/cdn-cgi\/image\/format=auto\/app\/uploads\/sites\/8\/2025\/08\/icon-pain-300x240-1.png\" alt=\"K\u00f8lende\"\/><\/div><div class=\"image-with-text-container-content\" style=\"text-align:left\" data-test=\"content\"><div class=\"content\"><h2><mark style=\"background-color:rgba(0, 0, 0, 0)\" class=\"has-inline-color has-primary-color\">K\u00f8lende<\/mark><\/h2><p class=\"body\" data-test=\"body\">Gelen giver en \u00f8jeblikkelig k\u00f8leeffekt, der lindrer kl\u00f8e, br\u00e6ndende fornemmelse, smerter og generelt ubehag.<\/p>\n<div class=\"wp-block-buttons is-layout-flex wp-block-buttons-is-layout-flex\"><\/div>\n<\/div><\/div><\/div><\/section>\n<\/div><\/div>\n\n\n\n<div class=\"wp-block-karopharma-free-text pt-none pb-large bg-center bg-cover bg-no-repeat  is-style-secondary\" style=\"background-image:url()\"><div class=\"free-text-wrapper container max-w-small text-center\">\n<div class=\"wp-block-buttons is-content-justification-center is-layout-flex wp-container-core-buttons-is-layout-16018d1d wp-block-buttons-is-layout-flex\">\n<div class=\"wp-block-button\"><a class=\"wp-block-button__link wp-element-button\" href=\"https:\/\/actiproct.com\/dk\/produkter\/\">Se vores produkter<\/a><\/div>\n<\/div>\n<\/div><\/div>\n\n\n\n<div class=\"wp-block-karopharma-free-text pt-large pb-large bg-center bg-cover bg-no-repeat\" style=\"background-image:url()\"><div class=\"free-text-wrapper container max-w-small text-center\">\n<h2 class=\"wp-block-heading is-style-heading-h1 fontnormal\">Hvorfor v\u00e6lge ActiProct Gel?<\/h2>\n\n\n\n<p>ActiProct Gel er mere end bare en behandling \u2013 det er en omfattende l\u00f8sning til lindring af h\u00e6morider:<br><strong>Klinisk bevist<\/strong> \u2013 Reducerer effektivt smerter, irritation og inflammation.<br><strong>Hurtigtvirkende<\/strong> \u2013 Giver en k\u00f8lende fornemmelse inden for 60 sekunder.<br><strong>Sikker til daglig brug<\/strong> \u2013 Fri for kortison, lokalbed\u00f8velse og kunstige duftstoffer.<br><strong>Sikker under graviditet og amning<\/strong> \u2013 Ingen kendte bivirkninger ved langvarig brug.<\/p>\n<\/div><\/div>\n","protected":false},"excerpt":{"rendered":"","protected":false},"author":2,"featured_media":0,"parent":0,"menu_order":0,"comment_status":"closed","ping_status":"closed","template":"","meta":{"_acf_changed":false,"footnotes":""},"from-article-database":[],"class_list":["post-39","page","type-page","status-publish","hentry"],"acf":[],"yoast_head":"<!-- This site is optimized with the Yoast SEO plugin v26.6 - https:\/\/yoast.com\/wordpress\/plugins\/seo\/ -->\n<title>Om ActiProct - ActiProct<\/title>\n<meta name=\"description\" content=\"ActiProct er mere end bare en behandling \u2013 det er en omfattende l\u00f8sning til lindring af h\u00e6morider.\" \/>\n<meta name=\"robots\" content=\"index, follow, max-snippet:-1, max-image-preview:large, max-video-preview:-1\" \/>\n<link rel=\"canonical\" href=\"https:\/\/actiproct.com\/dk\/om-actiproct\/\" \/>\n<meta property=\"og:locale\" content=\"da_DK\" \/>\n<meta property=\"og:type\" content=\"article\" \/>\n<meta property=\"og:title\" content=\"Om ActiProct - ActiProct\" \/>\n<meta property=\"og:description\" content=\"ActiProct er mere end bare en behandling \u2013 det er en omfattende l\u00f8sning til lindring af h\u00e6morider.\" \/>\n<meta property=\"og:url\" content=\"https:\/\/actiproct.com\/dk\/om-actiproct\/\" \/>\n<meta property=\"og:site_name\" content=\"ActiProct\" \/>\n<meta property=\"article:modified_time\" content=\"2026-01-14T12:41:50+00:00\" \/>\n<meta property=\"og:image\" content=\"https:\/\/actiproct.com\/app\/uploads\/sites\/8\/2025\/09\/5-i-1.png\" \/>\n<meta name=\"twitter:card\" content=\"summary_large_image\" \/>\n<meta name=\"twitter:label1\" content=\"Estimeret l\u00e6setid\" \/>\n\t<meta name=\"twitter:data1\" content=\"3 minutter\" \/>\n<script type=\"application\/ld+json\" class=\"yoast-schema-graph\">{\"@context\":\"https:\/\/schema.org\",\"@graph\":[{\"@type\":\"WebPage\",\"@id\":\"https:\/\/actiproct.com\/dk\/om-actiproct\/\",\"url\":\"https:\/\/actiproct.com\/dk\/om-actiproct\/\",\"name\":\"Om ActiProct - ActiProct\",\"isPartOf\":{\"@id\":\"https:\/\/actiproct.com\/dk\/#website\"},\"primaryImageOfPage\":{\"@id\":\"https:\/\/actiproct.com\/dk\/om-actiproct\/#primaryimage\"},\"image\":{\"@id\":\"https:\/\/actiproct.com\/dk\/om-actiproct\/#primaryimage\"},\"thumbnailUrl\":\"https:\/\/actiproct.com\/app\/uploads\/sites\/8\/2025\/09\/5-i-1.png\",\"datePublished\":\"2025-08-28T13:11:41+00:00\",\"dateModified\":\"2026-01-14T12:41:50+00:00\",\"description\":\"ActiProct er mere end bare en behandling \u2013 det er en omfattende l\u00f8sning til lindring af h\u00e6morider.\",\"breadcrumb\":{\"@id\":\"https:\/\/actiproct.com\/dk\/om-actiproct\/#breadcrumb\"},\"inLanguage\":\"da-DK\",\"potentialAction\":[{\"@type\":\"ReadAction\",\"target\":[\"https:\/\/actiproct.com\/dk\/om-actiproct\/\"]}]},{\"@type\":\"ImageObject\",\"inLanguage\":\"da-DK\",\"@id\":\"https:\/\/actiproct.com\/dk\/om-actiproct\/#primaryimage\",\"url\":\"https:\/\/actiproct.com\/app\/uploads\/sites\/8\/2025\/09\/5-i-1.png\",\"contentUrl\":\"https:\/\/actiproct.com\/app\/uploads\/sites\/8\/2025\/09\/5-i-1.png\"},{\"@type\":\"BreadcrumbList\",\"@id\":\"https:\/\/actiproct.com\/dk\/om-actiproct\/#breadcrumb\",\"itemListElement\":[{\"@type\":\"ListItem\",\"position\":1,\"name\":\"Home\",\"item\":\"https:\/\/actiproct.com\/dk\/\"},{\"@type\":\"ListItem\",\"position\":2,\"name\":\"Om ActiProct\"}]},{\"@type\":\"WebSite\",\"@id\":\"https:\/\/actiproct.com\/dk\/#website\",\"url\":\"https:\/\/actiproct.com\/dk\/\",\"name\":\"ActiProct\",\"description\":\"\",\"publisher\":{\"@id\":\"https:\/\/actiproct.com\/dk\/#organization\"},\"potentialAction\":[{\"@type\":\"SearchAction\",\"target\":{\"@type\":\"EntryPoint\",\"urlTemplate\":\"https:\/\/actiproct.com\/dk\/?s={search_term_string}\"},\"query-input\":{\"@type\":\"PropertyValueSpecification\",\"valueRequired\":true,\"valueName\":\"search_term_string\"}}],\"inLanguage\":\"da-DK\"},{\"@type\":\"Organization\",\"@id\":\"https:\/\/actiproct.com\/dk\/#organization\",\"name\":\"ActiProct\",\"url\":\"https:\/\/actiproct.com\/dk\/\",\"logo\":{\"@type\":\"ImageObject\",\"inLanguage\":\"da-DK\",\"@id\":\"https:\/\/actiproct.com\/dk\/#\/schema\/logo\/image\/\",\"url\":\"https:\/\/actiproct.com\/app\/uploads\/sites\/8\/2025\/08\/Actiproct-logo.png\",\"contentUrl\":\"https:\/\/actiproct.com\/app\/uploads\/sites\/8\/2025\/08\/Actiproct-logo.png\",\"width\":233,\"height\":101,\"caption\":\"ActiProct\"},\"image\":{\"@id\":\"https:\/\/actiproct.com\/dk\/#\/schema\/logo\/image\/\"}}]}<\/script>\n<!-- \/ Yoast SEO plugin. -->","yoast_head_json":{"title":"Om ActiProct - ActiProct","description":"ActiProct er mere end bare en behandling \u2013 det er en omfattende l\u00f8sning til lindring af h\u00e6morider.","robots":{"index":"index","follow":"follow","max-snippet":"max-snippet:-1","max-image-preview":"max-image-preview:large","max-video-preview":"max-video-preview:-1"},"canonical":"https:\/\/actiproct.com\/dk\/om-actiproct\/","og_locale":"da_DK","og_type":"article","og_title":"Om ActiProct - ActiProct","og_description":"ActiProct er mere end bare en behandling \u2013 det er en omfattende l\u00f8sning til lindring af h\u00e6morider.","og_url":"https:\/\/actiproct.com\/dk\/om-actiproct\/","og_site_name":"ActiProct","article_modified_time":"2026-01-14T12:41:50+00:00","og_image":[{"url":"https:\/\/actiproct.com\/app\/uploads\/sites\/8\/2025\/09\/5-i-1.png","type":"","width":"","height":""}],"twitter_card":"summary_large_image","twitter_misc":{"Estimeret l\u00e6setid":"3 minutter"},"schema":{"@context":"https:\/\/schema.org","@graph":[{"@type":"WebPage","@id":"https:\/\/actiproct.com\/dk\/om-actiproct\/","url":"https:\/\/actiproct.com\/dk\/om-actiproct\/","name":"Om ActiProct - ActiProct","isPartOf":{"@id":"https:\/\/actiproct.com\/dk\/#website"},"primaryImageOfPage":{"@id":"https:\/\/actiproct.com\/dk\/om-actiproct\/#primaryimage"},"image":{"@id":"https:\/\/actiproct.com\/dk\/om-actiproct\/#primaryimage"},"thumbnailUrl":"https:\/\/actiproct.com\/app\/uploads\/sites\/8\/2025\/09\/5-i-1.png","datePublished":"2025-08-28T13:11:41+00:00","dateModified":"2026-01-14T12:41:50+00:00","description":"ActiProct er mere end bare en behandling \u2013 det er en omfattende l\u00f8sning til lindring af h\u00e6morider.","breadcrumb":{"@id":"https:\/\/actiproct.com\/dk\/om-actiproct\/#breadcrumb"},"inLanguage":"da-DK","potentialAction":[{"@type":"ReadAction","target":["https:\/\/actiproct.com\/dk\/om-actiproct\/"]}]},{"@type":"ImageObject","inLanguage":"da-DK","@id":"https:\/\/actiproct.com\/dk\/om-actiproct\/#primaryimage","url":"https:\/\/actiproct.com\/app\/uploads\/sites\/8\/2025\/09\/5-i-1.png","contentUrl":"https:\/\/actiproct.com\/app\/uploads\/sites\/8\/2025\/09\/5-i-1.png"},{"@type":"BreadcrumbList","@id":"https:\/\/actiproct.com\/dk\/om-actiproct\/#breadcrumb","itemListElement":[{"@type":"ListItem","position":1,"name":"Home","item":"https:\/\/actiproct.com\/dk\/"},{"@type":"ListItem","position":2,"name":"Om ActiProct"}]},{"@type":"WebSite","@id":"https:\/\/actiproct.com\/dk\/#website","url":"https:\/\/actiproct.com\/dk\/","name":"ActiProct","description":"","publisher":{"@id":"https:\/\/actiproct.com\/dk\/#organization"},"potentialAction":[{"@type":"SearchAction","target":{"@type":"EntryPoint","urlTemplate":"https:\/\/actiproct.com\/dk\/?s={search_term_string}"},"query-input":{"@type":"PropertyValueSpecification","valueRequired":true,"valueName":"search_term_string"}}],"inLanguage":"da-DK"},{"@type":"Organization","@id":"https:\/\/actiproct.com\/dk\/#organization","name":"ActiProct","url":"https:\/\/actiproct.com\/dk\/","logo":{"@type":"ImageObject","inLanguage":"da-DK","@id":"https:\/\/actiproct.com\/dk\/#\/schema\/logo\/image\/","url":"https:\/\/actiproct.com\/app\/uploads\/sites\/8\/2025\/08\/Actiproct-logo.png","contentUrl":"https:\/\/actiproct.com\/app\/uploads\/sites\/8\/2025\/08\/Actiproct-logo.png","width":233,"height":101,"caption":"ActiProct"},"image":{"@id":"https:\/\/actiproct.com\/dk\/#\/schema\/logo\/image\/"}}]}},"_links":{"self":[{"href":"https:\/\/actiproct.com\/dk\/wp-json\/wp\/v2\/pages\/39","targetHints":{"allow":["GET"]}}],"collection":[{"href":"https:\/\/actiproct.com\/dk\/wp-json\/wp\/v2\/pages"}],"about":[{"href":"https:\/\/actiproct.com\/dk\/wp-json\/wp\/v2\/types\/page"}],"author":[{"embeddable":true,"href":"https:\/\/actiproct.com\/dk\/wp-json\/wp\/v2\/users\/2"}],"replies":[{"embeddable":true,"href":"https:\/\/actiproct.com\/dk\/wp-json\/wp\/v2\/comments?post=39"}],"version-history":[{"count":10,"href":"https:\/\/actiproct.com\/dk\/wp-json\/wp\/v2\/pages\/39\/revisions"}],"predecessor-version":[{"id":237,"href":"https:\/\/actiproct.com\/dk\/wp-json\/wp\/v2\/pages\/39\/revisions\/237"}],"wp:attachment":[{"href":"https:\/\/actiproct.com\/dk\/wp-json\/wp\/v2\/media?parent=39"}],"wp:term":[{"taxonomy":"from-article-database","embeddable":true,"href":"https:\/\/actiproct.com\/dk\/wp-json\/wp\/v2\/from-article-database?post=39"}],"curies":[{"name":"wp","href":"https:\/\/api.w.org\/{rel}","templated":true}]}}