{"id":41,"date":"2025-08-28T15:11:59","date_gmt":"2025-08-28T13:11:59","guid":{"rendered":"https:\/\/actiproct.com\/dk\/?page_id=41"},"modified":"2026-01-14T13:41:50","modified_gmt":"2026-01-14T12:41:50","slug":"faq","status":"publish","type":"page","link":"https:\/\/actiproct.com\/dk\/faq\/","title":{"rendered":"FAQ"},"content":{"rendered":"\n<div class=\"wp-block-karopharma-free-text pt-large pb-large bg-center bg-cover bg-no-repeat bg-box is-style-transparent\" style=\"background-image:url(https:\/\/actiproct.com\/cdn-cgi\/image\/format=auto\/app\/uploads\/sites\/8\/2025\/08\/background-faq.jpg)\"><div class=\"free-text-wrapper container max-w-small text-center\">\n<h1 class=\"wp-block-heading is-style-heading-huge has-primary-color has-text-color has-link-color wp-elements-15b22ea40ed51fe08d3cc8264a836384\"><mark style=\"background-color:rgba(0, 0, 0, 0)\">FAQ<\/mark><\/h1>\n\n\n\n<p>Ofte stillede sp\u00f8rgsm\u00e5l og svar<\/p>\n<\/div><\/div>\n\n\n\n<div class=\"wp-block-karopharma-accordions\"><div class=\"container\">\n<details class=\"wp-block-karopharma-accordion\"><summary><h2 class=\"accordion-title\">Hvad er h\u00e6morider?<\/h2><\/summary><div class=\"accordion-content\">\n<p>Alle mennesker har et netv\u00e6rk af blodkar i endetarmen, kaldet h\u00e6moridev\u00e6vet. Dette blodkarnetv\u00e6rk hj\u00e6lper med at sikre, at anus lukker t\u00e6t. Problemer kan opst\u00e5, n\u00e5r h\u00e6moridev\u00e6vet bliver forst\u00f8rret eller bet\u00e6ndt \u2013 en tilstand, der normalt omtales som h\u00e6morider.<\/p>\n\n\n\n<p>H\u00e6morider opst\u00e5r, n\u00e5r blodkarrene i v\u00e6vet svulmer op p\u00e5 grund af \u00f8get tryk eller sv\u00e6kkelse af st\u00f8ttev\u00e6vet, for eksempel ved pres under aff\u00f8ring. Medvirkende faktorer kan v\u00e6re fedme, kostvaner, forstoppelse eller diarr\u00e9, graviditet og analt samleje.<\/p>\n\n\n\n<p>Der skelnes mellem indre h\u00e6morider, som sidder inde i endetarmen, og ydre h\u00e6morider, som kan ses eller m\u00e6rkes uden for anus.<\/p>\n<\/div><\/details>\n\n\n\n<details class=\"wp-block-karopharma-accordion\"><summary><h2 class=\"accordion-title\">Hvilke typer h\u00e6morider findes der?<\/h2><\/summary><div class=\"accordion-content\">\n<p>Der findes to typer h\u00e6morider: indre h\u00e6morider, som sidder inde i anus, og ydre h\u00e6morider, som stikker ud af anus. H\u00e6vede eller bet\u00e6ndte indre h\u00e6morider giver normalt mindre ubehag, mens ydre h\u00e6morider er \u00e5rsagen til de fleste problemer for dem, der lider af dem. Begge typer skal behandles. Selvom h\u00e6morider i sig selv ikke er farlige eller livstruende, kan inficerede h\u00e6morider medf\u00f8re alvorlige komplikationer.<\/p>\n<\/div><\/details>\n\n\n\n<details class=\"wp-block-karopharma-accordion\"><summary><h2 class=\"accordion-title\">Hvad er symptomerne p\u00e5 h\u00e6morider?<\/h2><\/summary><div class=\"accordion-content\">\n<p>Du kan have udviklet h\u00e6morider, hvis du oplever f\u00f8lgende symptomer: blod i aff\u00f8ringen eller toiletkummen, blod p\u00e5 toiletpapiret, ufuldst\u00e6ndig og smertefuld aff\u00f8ring, kl\u00f8e og\/eller irritation i eller omkring anus, en smertefuld knude i eller omkring anus eller smerter, n\u00e5r du sidder ned.<\/p>\n\n\n\n<p>Vi anbefaler, at du konsulterer din l\u00e6ge, hvis du ikke er sikker p\u00e5, om dine symptomer skyldes h\u00e6morider. Bl\u00f8dning og smerter fra endetarmen kan v\u00e6re symptomer p\u00e5 en mere alvorlig sygdom. Mange mennesker f\u00f8ler sig flove over problemet og s\u00f8ger ofte f\u00f8rst l\u00e6gehj\u00e6lp, n\u00e5r tilstanden er fremskreden.<\/p>\n<\/div><\/details>\n\n\n\n<details class=\"wp-block-karopharma-accordion\"><summary><h2 class=\"accordion-title\">Hvordan kan jeg forebygge h\u00e6morider?<\/h2><\/summary><div class=\"accordion-content\">\n<p>Den bedste m\u00e5de at forebygge h\u00e6morider og forhindre, at de kommer igen, er en sund livsstil med en god blanding af (fiberrig) kost og motion, regelm\u00e6ssige toiletvaner og god personlig hygiejne.<\/p>\n\n\n\n<ul class=\"wp-block-list is-style-icon\">\n<li><strong>Kost<\/strong>: \u00d8g dit fiberindtag. Spis tilstr\u00e6kkeligt med korn, frugt og gr\u00f8ntsager og drik rigeligt med v\u00e6ske (ingen alkohol) \u2013 det anbefales at drikke 1,5-2 liter om dagen.<\/li>\n\n\n\n<li><strong>Motion<\/strong>: motioner dagligt og sigt efter en sund v\u00e6gt, da fedme kan \u00f8ge risikoen for h\u00e6morider.<\/li>\n\n\n\n<li><strong>Toiletvaner<\/strong>: undg\u00e5 at presse, n\u00e5r du fors\u00f8ger at aff\u00f8re, og undg\u00e5 aff\u00f8ringsmidler, da de kan forv\u00e6rre h\u00e6morider. Brug s\u00e5 lidt tid som muligt p\u00e5 toilettet, men skynd dig ikke, n\u00e5r du har naturlige behov. G\u00e5 regelm\u00e6ssigt p\u00e5 toilettet og hold det ikke tilbage. Dette kan f\u00f8re til forstoppelse, hvilket f\u00e5r dig til at presse mere.<\/li>\n\n\n\n<li><strong>Personlig hygiejne<\/strong>: Brug almindeligt toiletpapir og t\u00f8r analomr\u00e5det forsigtigt, men grundigt \u2013 fra foran og bagud \u2013 efter hver aff\u00f8ring.<\/li>\n<\/ul>\n\n\n\n<p>Derudover kan du bruge fugtige servietter, der er beregnet til brug i badev\u00e6relset til voksne, eller babyservietter.<\/p>\n<\/div><\/details>\n\n\n\n<details class=\"wp-block-karopharma-accordion\"><summary><h2 class=\"accordion-title\">Hvordan kan jeg mindske smerter og kl\u00f8e?<\/h2><\/summary><div class=\"accordion-content\">\n<p>En kombination af hygiejne og lokal behandling er n\u00f8glen.<\/p>\n\n\n\n<ul class=\"wp-block-list is-style-icon\">\n<li><strong>Hygiejne<\/strong>: V\u00e6r forsigtig, n\u00e5r du t\u00f8rrer dig efter aff\u00f8ring, s\u00e5 du ikke beskadiger h\u00e6morroidev\u00e6vet. Reng\u00f8r analomr\u00e5det regelm\u00e6ssigt med en blid vandstr\u00e5le (brug ikke s\u00e6be eller parfumerede reng\u00f8ringsmidler). Undg\u00e5 at kl\u00f8, da det kan beskadige huden og forv\u00e6rre tilstanden. Skub eventuelle udvendige h\u00e6morider forsigtigt tilbage.<\/li>\n\n\n\n<li><strong>Behandling<\/strong>: Brug ActiProct Gel eller Spray til at behandle (og forebygge) anal ubehag og h\u00e6morider.<\/li>\n<\/ul>\n<\/div><\/details>\n\n\n\n<details class=\"wp-block-karopharma-accordion\"><summary><h2 class=\"accordion-title\">Hvem f\u00e5r h\u00e6morider?<\/h2><\/summary><div class=\"accordion-content\">\n<p>H\u00e6morider rammer cirka 50 procent af befolkningen og forekommer at v\u00e6re j\u00e6vnt fordelt mellem m\u00e6nd og kvinder. Risikoen for at f\u00e5 h\u00e6morider kan \u00f8ges ved uregelm\u00e6ssig aff\u00f8ring, forstoppelse eller diarr\u00e9, genetiske faktorer, manglende motion, fiberfattig kost, graviditet og f\u00f8dsel, fedme, alder, langvarig siddende stilling og analsex.<\/p>\n<\/div><\/details>\n\n\n\n<details class=\"wp-block-karopharma-accordion\"><summary><h2 class=\"accordion-title\">Er h\u00e6morider smitsomme?<\/h2><\/summary><div class=\"accordion-content\">\n<p>Nej, h\u00e6morider er ikke smitsomme. Genetiske faktorer spiller dog en rolle. Hvis du har familiemedlemmer, der lider af h\u00e6morider, er risikoen for, at du ogs\u00e5 f\u00e5r dem, st\u00f8rre.<\/p>\n<\/div><\/details>\n\n\n\n<details class=\"wp-block-karopharma-accordion\"><summary><h2 class=\"accordion-title\">Hvad skal jeg g\u00f8re, hvis jeg tror, jeg har h\u00e6morider?<\/h2><\/summary><div class=\"accordion-content\">\n<p>H\u00e6morider er normalt ret ubehagelige, men er ikke farlige eller livstruende. Symptomer p\u00e5 h\u00e6morider kan forsvinde efter et par dage, men vender ofte tilbage og bliver v\u00e6rre.<\/p>\n\n\n\n<p>Brug ActiProct Gel for hurtig lindring af h\u00e6morider. ActiProct Spray lindre hurtigt ydre analt ubehag.<\/p>\n\n\n\n<p>Kontakt din l\u00e6ge, hvis du f\u00e5r feber, pludselige skarpe smerter omkring anus eller kraftig bl\u00f8dning under aff\u00f8ring.<\/p>\n<\/div><\/details>\n\n\n\n<details class=\"wp-block-karopharma-accordion\"><summary><h2 class=\"accordion-title\">Hvad er forskellen mellem de forskellige ActiProct-produkter?<\/h2><\/summary><div class=\"accordion-content\">\n<p>Den revolutionerende ActiProct-produktserie giver direkte lindring af h\u00e6morider, fissurer og anal ubehag s\u00e5som f\u00f8lsomhed og kl\u00f8e.<\/p>\n\n\n\n<p>ActiProct Spray og ActiProct Gel indeholder det patenterede stof 2QR-kompleks, som fremmer naturlig heling ved at danne en fysisk barriere.<\/p>\n\n\n\n<p><strong><a href=\"https:\/\/actiproct.com\/dk\/product\/actiproct-gel\/\">ActiProct<\/a><a href=\"https:\/\/actiproct.com\/en\/product\/actiproct-gel-tube\/\"> Gel<\/a><\/strong> kan p\u00e5f\u00f8res indre og ydre h\u00e6morider og lindrer anal ubehag.<\/p>\n\n\n\n<p><strong><a href=\"https:\/\/actiproct.com\/dk\/product\/actiproct-spray\/\">ActiProct Spray<\/a><\/strong> er en let spray til ber\u00f8ringsfri p\u00e5f\u00f8ring p\u00e5 yder analt ubehag.<\/p>\n<\/div><\/details>\n\n\n\n<details class=\"wp-block-karopharma-accordion\"><summary><h2 class=\"accordion-title\">Kan jeg bruge ActiProct-produkter under graviditet og amning?<\/h2><\/summary><div class=\"accordion-content\">\n<p>ActiProct er velegnet til behandling under graviditet og amning, men det er vigtigt at konsultere din l\u00e6ge, jordemoder eller apoteket, inden du bruger medicin i denne periode.<\/p>\n<\/div><\/details>\n\n\n\n<details class=\"wp-block-karopharma-accordion\"><summary><h2 class=\"accordion-title\">Hvordan reng\u00f8r jeg applikatoren til ActiProct Gel?<\/h2><\/summary><div class=\"accordion-content\">\n<p>Den bedste m\u00e5de at sikre, at applikatorerne til disse produkter forbliver rene og hygiejniske, er at vaske dem med varmt vand efter hver brug. Du kan eventuelt bruge lidt s\u00e6be, n\u00e5r du reng\u00f8r applikatoren eller tuben for at sikre optimal renhed (men skyl grundigt, da kontakt mellem det ber\u00f8rte omr\u00e5de og s\u00e6be eller andre duftende reng\u00f8ringsmidler kan for\u00e5rsage yderligere irritation). Brug ikke kogende vand p\u00e5 applikatorerne, da de kan deformeres.<\/p>\n<\/div><\/details>\n\n\n\n<details class=\"wp-block-karopharma-accordion\"><summary><h2 class=\"accordion-title\">Hvilken farve skal gelen have?<\/h2><\/summary><div class=\"accordion-content\">\n<p>Gelens farve kan variere fra gennemsigtig\/lysegul til brunlig p\u00e5 grund af brugen af naturlige ingredienser. Dette p\u00e5virker ikke ActiProct Gels effektivitet eller sikkerhed.<\/p>\n<\/div><\/details>\n<\/div><\/div>\n","protected":false},"excerpt":{"rendered":"","protected":false},"author":2,"featured_media":0,"parent":0,"menu_order":0,"comment_status":"closed","ping_status":"closed","template":"","meta":{"_acf_changed":false,"footnotes":""},"from-article-database":[],"class_list":["post-41","page","type-page","status-publish","hentry"],"acf":[],"yoast_head":"<!-- This site is optimized with the Yoast SEO plugin v26.6 - https:\/\/yoast.com\/wordpress\/plugins\/seo\/ -->\n<title>FAQ - ActiProct<\/title>\n<meta name=\"description\" content=\"Ofte stillede sp\u00f8rgsm\u00e5l og svar om h\u00e6morider\" \/>\n<meta name=\"robots\" content=\"index, follow, max-snippet:-1, max-image-preview:large, max-video-preview:-1\" \/>\n<link rel=\"canonical\" href=\"https:\/\/actiproct.com\/dk\/faq\/\" \/>\n<meta property=\"og:locale\" content=\"da_DK\" \/>\n<meta property=\"og:type\" content=\"article\" \/>\n<meta property=\"og:title\" content=\"FAQ - ActiProct\" \/>\n<meta property=\"og:description\" content=\"Ofte stillede sp\u00f8rgsm\u00e5l og svar om h\u00e6morider\" \/>\n<meta property=\"og:url\" content=\"https:\/\/actiproct.com\/dk\/faq\/\" \/>\n<meta property=\"og:site_name\" content=\"ActiProct\" \/>\n<meta property=\"article:modified_time\" content=\"2026-01-14T12:41:50+00:00\" \/>\n<meta name=\"twitter:card\" content=\"summary_large_image\" \/>\n<meta name=\"twitter:label1\" content=\"Estimeret l\u00e6setid\" \/>\n\t<meta name=\"twitter:data1\" content=\"5 minutter\" \/>\n<script type=\"application\/ld+json\" class=\"yoast-schema-graph\">{\"@context\":\"https:\/\/schema.org\",\"@graph\":[{\"@type\":\"WebPage\",\"@id\":\"https:\/\/actiproct.com\/dk\/faq\/\",\"url\":\"https:\/\/actiproct.com\/dk\/faq\/\",\"name\":\"FAQ - ActiProct\",\"isPartOf\":{\"@id\":\"https:\/\/actiproct.com\/dk\/#website\"},\"datePublished\":\"2025-08-28T13:11:59+00:00\",\"dateModified\":\"2026-01-14T12:41:50+00:00\",\"description\":\"Ofte stillede sp\u00f8rgsm\u00e5l og svar om h\u00e6morider\",\"breadcrumb\":{\"@id\":\"https:\/\/actiproct.com\/dk\/faq\/#breadcrumb\"},\"inLanguage\":\"da-DK\",\"potentialAction\":[{\"@type\":\"ReadAction\",\"target\":[\"https:\/\/actiproct.com\/dk\/faq\/\"]}]},{\"@type\":\"BreadcrumbList\",\"@id\":\"https:\/\/actiproct.com\/dk\/faq\/#breadcrumb\",\"itemListElement\":[{\"@type\":\"ListItem\",\"position\":1,\"name\":\"Home\",\"item\":\"https:\/\/actiproct.com\/dk\/\"},{\"@type\":\"ListItem\",\"position\":2,\"name\":\"FAQ\"}]},{\"@type\":\"WebSite\",\"@id\":\"https:\/\/actiproct.com\/dk\/#website\",\"url\":\"https:\/\/actiproct.com\/dk\/\",\"name\":\"ActiProct\",\"description\":\"\",\"publisher\":{\"@id\":\"https:\/\/actiproct.com\/dk\/#organization\"},\"potentialAction\":[{\"@type\":\"SearchAction\",\"target\":{\"@type\":\"EntryPoint\",\"urlTemplate\":\"https:\/\/actiproct.com\/dk\/?s={search_term_string}\"},\"query-input\":{\"@type\":\"PropertyValueSpecification\",\"valueRequired\":true,\"valueName\":\"search_term_string\"}}],\"inLanguage\":\"da-DK\"},{\"@type\":\"Organization\",\"@id\":\"https:\/\/actiproct.com\/dk\/#organization\",\"name\":\"ActiProct\",\"url\":\"https:\/\/actiproct.com\/dk\/\",\"logo\":{\"@type\":\"ImageObject\",\"inLanguage\":\"da-DK\",\"@id\":\"https:\/\/actiproct.com\/dk\/#\/schema\/logo\/image\/\",\"url\":\"https:\/\/actiproct.com\/app\/uploads\/sites\/8\/2025\/08\/Actiproct-logo.png\",\"contentUrl\":\"https:\/\/actiproct.com\/app\/uploads\/sites\/8\/2025\/08\/Actiproct-logo.png\",\"width\":233,\"height\":101,\"caption\":\"ActiProct\"},\"image\":{\"@id\":\"https:\/\/actiproct.com\/dk\/#\/schema\/logo\/image\/\"}}]}<\/script>\n<!-- \/ Yoast SEO plugin. -->","yoast_head_json":{"title":"FAQ - ActiProct","description":"Ofte stillede sp\u00f8rgsm\u00e5l og svar om h\u00e6morider","robots":{"index":"index","follow":"follow","max-snippet":"max-snippet:-1","max-image-preview":"max-image-preview:large","max-video-preview":"max-video-preview:-1"},"canonical":"https:\/\/actiproct.com\/dk\/faq\/","og_locale":"da_DK","og_type":"article","og_title":"FAQ - ActiProct","og_description":"Ofte stillede sp\u00f8rgsm\u00e5l og svar om h\u00e6morider","og_url":"https:\/\/actiproct.com\/dk\/faq\/","og_site_name":"ActiProct","article_modified_time":"2026-01-14T12:41:50+00:00","twitter_card":"summary_large_image","twitter_misc":{"Estimeret l\u00e6setid":"5 minutter"},"schema":{"@context":"https:\/\/schema.org","@graph":[{"@type":"WebPage","@id":"https:\/\/actiproct.com\/dk\/faq\/","url":"https:\/\/actiproct.com\/dk\/faq\/","name":"FAQ - ActiProct","isPartOf":{"@id":"https:\/\/actiproct.com\/dk\/#website"},"datePublished":"2025-08-28T13:11:59+00:00","dateModified":"2026-01-14T12:41:50+00:00","description":"Ofte stillede sp\u00f8rgsm\u00e5l og svar om h\u00e6morider","breadcrumb":{"@id":"https:\/\/actiproct.com\/dk\/faq\/#breadcrumb"},"inLanguage":"da-DK","potentialAction":[{"@type":"ReadAction","target":["https:\/\/actiproct.com\/dk\/faq\/"]}]},{"@type":"BreadcrumbList","@id":"https:\/\/actiproct.com\/dk\/faq\/#breadcrumb","itemListElement":[{"@type":"ListItem","position":1,"name":"Home","item":"https:\/\/actiproct.com\/dk\/"},{"@type":"ListItem","position":2,"name":"FAQ"}]},{"@type":"WebSite","@id":"https:\/\/actiproct.com\/dk\/#website","url":"https:\/\/actiproct.com\/dk\/","name":"ActiProct","description":"","publisher":{"@id":"https:\/\/actiproct.com\/dk\/#organization"},"potentialAction":[{"@type":"SearchAction","target":{"@type":"EntryPoint","urlTemplate":"https:\/\/actiproct.com\/dk\/?s={search_term_string}"},"query-input":{"@type":"PropertyValueSpecification","valueRequired":true,"valueName":"search_term_string"}}],"inLanguage":"da-DK"},{"@type":"Organization","@id":"https:\/\/actiproct.com\/dk\/#organization","name":"ActiProct","url":"https:\/\/actiproct.com\/dk\/","logo":{"@type":"ImageObject","inLanguage":"da-DK","@id":"https:\/\/actiproct.com\/dk\/#\/schema\/logo\/image\/","url":"https:\/\/actiproct.com\/app\/uploads\/sites\/8\/2025\/08\/Actiproct-logo.png","contentUrl":"https:\/\/actiproct.com\/app\/uploads\/sites\/8\/2025\/08\/Actiproct-logo.png","width":233,"height":101,"caption":"ActiProct"},"image":{"@id":"https:\/\/actiproct.com\/dk\/#\/schema\/logo\/image\/"}}]}},"_links":{"self":[{"href":"https:\/\/actiproct.com\/dk\/wp-json\/wp\/v2\/pages\/41","targetHints":{"allow":["GET"]}}],"collection":[{"href":"https:\/\/actiproct.com\/dk\/wp-json\/wp\/v2\/pages"}],"about":[{"href":"https:\/\/actiproct.com\/dk\/wp-json\/wp\/v2\/types\/page"}],"author":[{"embeddable":true,"href":"https:\/\/actiproct.com\/dk\/wp-json\/wp\/v2\/users\/2"}],"replies":[{"embeddable":true,"href":"https:\/\/actiproct.com\/dk\/wp-json\/wp\/v2\/comments?post=41"}],"version-history":[{"count":10,"href":"https:\/\/actiproct.com\/dk\/wp-json\/wp\/v2\/pages\/41\/revisions"}],"predecessor-version":[{"id":239,"href":"https:\/\/actiproct.com\/dk\/wp-json\/wp\/v2\/pages\/41\/revisions\/239"}],"wp:attachment":[{"href":"https:\/\/actiproct.com\/dk\/wp-json\/wp\/v2\/media?parent=41"}],"wp:term":[{"taxonomy":"from-article-database","embeddable":true,"href":"https:\/\/actiproct.com\/dk\/wp-json\/wp\/v2\/from-article-database?post=41"}],"curies":[{"name":"wp","href":"https:\/\/api.w.org\/{rel}","templated":true}]}}