{"id":115,"date":"2025-08-29T14:22:13","date_gmt":"2025-08-29T12:22:13","guid":{"rendered":"https:\/\/actiproct.com\/dk\/?post_type=product&#038;p=115"},"modified":"2026-01-30T15:54:46","modified_gmt":"2026-01-30T14:54:46","slug":"actiproct-gel","status":"publish","type":"product","link":"https:\/\/actiproct.com\/dk\/product\/actiproct-gel\/","title":{"rendered":"ActiProct Gel"},"content":{"rendered":"\n\n\n\n\n<div class=\"wp-block-karopharma-free-text pt-medium pb-small bg-center bg-cover bg-no-repeat  is-style-transparent\" style=\"background-image:url()\"><div class=\"free-text-wrapper container max-w-medium text-center\">\n<figure class=\"wp-block-image aligncenter size-full\"><img loading=\"lazy\" decoding=\"async\" width=\"305\" height=\"77\" src=\"https:\/\/actiproct.com\/app\/uploads\/sites\/8\/2025\/09\/5-i-1.png\" alt=\"5-i-1 virkning\" class=\"wp-image-198\" srcset=\"https:\/\/actiproct.com\/app\/uploads\/sites\/8\/2025\/09\/5-i-1.png 305w, https:\/\/actiproct.com\/app\/uploads\/sites\/8\/2025\/09\/5-i-1-300x77.png 300w\" sizes=\"auto, (max-width: 305px) 100vw, 305px\" \/><\/figure>\n\n\n\n<p class=\"has-text-align-center\">Fri for lokalbed\u00f8vende midler og kortikosteroider.<\/p>\n<\/div><\/div>\n\n\n\n<div class=\"wp-block-karopharma-several-images-with-text several-images-with-text\"><div class=\"container large col-1 content-align-center\" test-data=\"inner-content\">\n<section class=\"wp-block-karopharma-image-with-text image-with-text image-with-text__full-width\"><div class=\"image-with-text-container \"><div class=\"image-with-text-container-image-container\"><img decoding=\"async\" loading=\"lazy\" src=\"https:\/\/actiproct.com\/cdn-cgi\/image\/format=auto\/app\/uploads\/sites\/8\/2025\/08\/sooting-300x240-1.png\" alt=\"Beroligende\"\/><\/div><div class=\"image-with-text-container-content\" style=\"text-align:left\" data-test=\"content\"><div class=\"content\"><h2><mark style=\"background-color:rgba(0, 0, 0, 0)\" class=\"has-inline-color has-primary-color\">Beroligende<\/mark><\/h2><p class=\"body\" data-test=\"body\">ActiProct Gel er beriget med aloe vera, som beroliger det ber\u00f8rte omr\u00e5de, lindrer kl\u00f8e og irritation, samt giver en k\u00f8lende fornemmelse, der giver \u00f8jeblikkelig lindring.<\/p>\n<div class=\"wp-block-buttons is-layout-flex wp-block-buttons-is-layout-flex\"><\/div>\n<\/div><\/div><\/div><\/section>\n\n\n\n<section class=\"wp-block-karopharma-image-with-text image-with-text image-with-text__full-width\"><div class=\"image-with-text-container \"><div class=\"image-with-text-container-image-container\"><img decoding=\"async\" loading=\"lazy\" src=\"https:\/\/actiproct.com\/cdn-cgi\/image\/format=auto\/app\/uploads\/sites\/8\/2025\/08\/treating-300x240-1.png\" alt=\"Behandlende\"\/><\/div><div class=\"image-with-text-container-content\" style=\"text-align:left\" data-test=\"content\"><div class=\"content\"><h2><mark style=\"background-color:rgba(0, 0, 0, 0)\" class=\"has-inline-color has-primary-color\">Behandlende<\/mark><\/h2><p class=\"body\" data-test=\"body\">Dens fugtgivende egenskaber hj\u00e6lper med at reducere irritation og beskytte det ber\u00f8rte omr\u00e5de, hvilket fremmer den naturlige heling.<\/p>\n<div class=\"wp-block-buttons is-layout-flex wp-block-buttons-is-layout-flex\"><\/div>\n<\/div><\/div><\/div><\/section>\n\n\n\n<section class=\"wp-block-karopharma-image-with-text image-with-text image-with-text__full-width\"><div class=\"image-with-text-container \"><div class=\"image-with-text-container-image-container\"><img decoding=\"async\" loading=\"lazy\" src=\"https:\/\/actiproct.com\/cdn-cgi\/image\/format=auto\/app\/uploads\/sites\/8\/2025\/08\/icon-lubricating-300x240-1.png\" alt=\"Lindrende\"\/><\/div><div class=\"image-with-text-container-content\" style=\"text-align:left\" data-test=\"content\"><div class=\"content\"><h2><mark style=\"background-color:rgba(0, 0, 0, 0)\" class=\"has-inline-color has-primary-color\">Lindrende<\/mark><\/h2><p class=\"body\" data-test=\"body\">Gelens sm\u00f8rende virkning sikrer langvarig komfort, s\u00e5 du kan g\u00e5 p\u00e5 toilettet uden smerter hele dagen.<\/p>\n<div class=\"wp-block-buttons is-layout-flex wp-block-buttons-is-layout-flex\"><\/div>\n<\/div><\/div><\/div><\/section>\n\n\n\n<section class=\"wp-block-karopharma-image-with-text image-with-text image-with-text__full-width\"><div class=\"image-with-text-container \"><div class=\"image-with-text-container-image-container\"><img decoding=\"async\" loading=\"lazy\" src=\"https:\/\/actiproct.com\/cdn-cgi\/image\/format=auto\/app\/uploads\/sites\/8\/2025\/08\/icon-protecting-300x240-1.png\" alt=\"Beskyttende\"\/><\/div><div class=\"image-with-text-container-content\" style=\"text-align:left\" data-test=\"content\"><div class=\"content\"><h2><mark style=\"background-color:rgba(0, 0, 0, 0)\" class=\"has-inline-color has-primary-color\">Beskyttende<\/mark><\/h2><p class=\"body\" data-test=\"body\">ActiProct Gel danner en fysisk barrier som beskytter omr\u00e5det og underst\u00f8tter kroppens naturlige helingsproces.<\/p>\n<div class=\"wp-block-buttons is-layout-flex wp-block-buttons-is-layout-flex\"><\/div>\n<\/div><\/div><\/div><\/section>\n\n\n\n<section class=\"wp-block-karopharma-image-with-text image-with-text image-with-text__full-width\"><div class=\"image-with-text-container \"><div class=\"image-with-text-container-image-container\"><img decoding=\"async\" loading=\"lazy\" src=\"https:\/\/actiproct.com\/cdn-cgi\/image\/format=auto\/app\/uploads\/sites\/8\/2025\/08\/icon-pain-300x240-1.png\" alt=\"K\u00f8lende\"\/><\/div><div class=\"image-with-text-container-content\" style=\"text-align:left\" data-test=\"content\"><div class=\"content\"><h2><mark style=\"background-color:rgba(0, 0, 0, 0)\" class=\"has-inline-color has-primary-color\">K\u00f8lende<\/mark><\/h2><p class=\"body\" data-test=\"body\">Gelen giver en \u00f8jeblikkelig k\u00f8leeffekt, der lindrer kl\u00f8e, br\u00e6ndende fornemmelse, smerter og generelt ubehag.<\/p>\n<div class=\"wp-block-buttons is-layout-flex wp-block-buttons-is-layout-flex\"><\/div>\n<\/div><\/div><\/div><\/section>\n<\/div><\/div>\n\n\n\n<div class=\"wp-block-karopharma-free-text pt-large pb-none bg-center bg-cover bg-no-repeat\" style=\"background-image:url()\"><div class=\"free-text-wrapper container max-w-medium text-center\">\n<p><strong>For hurtigt lindring p\u00e5 farten kan du ogs\u00e5 pr\u00f8ve vores Actiproct Spray. Den lindrer hurtigt ydre analt ubehag<\/strong><\/p>\n<\/div><\/div>\n","protected":false},"excerpt":{"rendered":"<p>Hurtig lindring af indre og ydre h\u00e6morider.<br \/>Medicinsk udstyr.<\/p>\n","protected":false},"featured_media":117,"comment_status":"open","ping_status":"closed","template":"","meta":{"_acf_changed":false,"footnotes":""},"product_brand":[],"product_cat":[16],"product_tag":[],"class_list":{"0":"post-115","1":"product","2":"type-product","3":"status-publish","4":"has-post-thumbnail","6":"product_cat-uncategorized","8":"first","9":"instock","10":"shipping-taxable","11":"product-type-simple"},"acf":[],"yoast_head":"<!-- This site is optimized with the Yoast SEO plugin v26.6 - https:\/\/yoast.com\/wordpress\/plugins\/seo\/ -->\n<title>ActiProct Gel - ActiProct<\/title>\n<meta name=\"description\" content=\"ActiProct Gel er m\u00e5lrettet lindring af ubehag for\u00e5rsaget af h\u00e6morider i grad I og II. Det er klinisk bevist, at det effektivt reducerer kl\u00f8e, irritation, smerter, bet\u00e6ndelse og br\u00e6ndende fornemmelse.\" \/>\n<meta name=\"robots\" content=\"index, follow, max-snippet:-1, max-image-preview:large, max-video-preview:-1\" \/>\n<link rel=\"canonical\" href=\"https:\/\/actiproct.com\/dk\/product\/actiproct-gel\/\" \/>\n<meta property=\"og:locale\" content=\"da_DK\" \/>\n<meta property=\"og:type\" content=\"article\" \/>\n<meta property=\"og:title\" content=\"ActiProct Gel - ActiProct\" \/>\n<meta property=\"og:description\" content=\"ActiProct Gel er m\u00e5lrettet lindring af ubehag for\u00e5rsaget af h\u00e6morider i grad I og II. Det er klinisk bevist, at det effektivt reducerer kl\u00f8e, irritation, smerter, bet\u00e6ndelse og br\u00e6ndende fornemmelse.\" \/>\n<meta property=\"og:url\" content=\"https:\/\/actiproct.com\/dk\/product\/actiproct-gel\/\" \/>\n<meta property=\"og:site_name\" content=\"ActiProct\" \/>\n<meta property=\"article:modified_time\" content=\"2026-01-30T14:54:46+00:00\" \/>\n<meta property=\"og:image\" content=\"https:\/\/actiproct.com\/app\/uploads\/sites\/8\/2025\/08\/actiproct-gel.png\" \/>\n\t<meta property=\"og:image:width\" content=\"494\" \/>\n\t<meta property=\"og:image:height\" content=\"494\" \/>\n\t<meta property=\"og:image:type\" content=\"image\/png\" \/>\n<meta name=\"twitter:card\" content=\"summary_large_image\" \/>\n<meta name=\"twitter:label1\" content=\"Estimeret l\u00e6setid\" \/>\n\t<meta name=\"twitter:data1\" content=\"1 minut\" \/>\n<script type=\"application\/ld+json\" class=\"yoast-schema-graph\">{\"@context\":\"https:\/\/schema.org\",\"@graph\":[{\"@type\":\"WebPage\",\"@id\":\"https:\/\/actiproct.com\/dk\/product\/actiproct-gel\/\",\"url\":\"https:\/\/actiproct.com\/dk\/product\/actiproct-gel\/\",\"name\":\"ActiProct Gel - ActiProct\",\"isPartOf\":{\"@id\":\"https:\/\/actiproct.com\/dk\/#website\"},\"primaryImageOfPage\":{\"@id\":\"https:\/\/actiproct.com\/dk\/product\/actiproct-gel\/#primaryimage\"},\"image\":{\"@id\":\"https:\/\/actiproct.com\/dk\/product\/actiproct-gel\/#primaryimage\"},\"thumbnailUrl\":\"https:\/\/actiproct.com\/app\/uploads\/sites\/8\/2025\/08\/actiproct-gel.png\",\"datePublished\":\"2025-08-29T12:22:13+00:00\",\"dateModified\":\"2026-01-30T14:54:46+00:00\",\"description\":\"ActiProct Gel er m\u00e5lrettet lindring af ubehag for\u00e5rsaget af h\u00e6morider i grad I og II. Det er klinisk bevist, at det effektivt reducerer kl\u00f8e, irritation, smerter, bet\u00e6ndelse og br\u00e6ndende fornemmelse.\",\"breadcrumb\":{\"@id\":\"https:\/\/actiproct.com\/dk\/product\/actiproct-gel\/#breadcrumb\"},\"inLanguage\":\"da-DK\",\"potentialAction\":[{\"@type\":\"ReadAction\",\"target\":[\"https:\/\/actiproct.com\/dk\/product\/actiproct-gel\/\"]}]},{\"@type\":\"ImageObject\",\"inLanguage\":\"da-DK\",\"@id\":\"https:\/\/actiproct.com\/dk\/product\/actiproct-gel\/#primaryimage\",\"url\":\"https:\/\/actiproct.com\/app\/uploads\/sites\/8\/2025\/08\/actiproct-gel.png\",\"contentUrl\":\"https:\/\/actiproct.com\/app\/uploads\/sites\/8\/2025\/08\/actiproct-gel.png\",\"width\":494,\"height\":494,\"caption\":\"actiproct-gel\"},{\"@type\":\"BreadcrumbList\",\"@id\":\"https:\/\/actiproct.com\/dk\/product\/actiproct-gel\/#breadcrumb\",\"itemListElement\":[{\"@type\":\"ListItem\",\"position\":1,\"name\":\"Home\",\"item\":\"https:\/\/actiproct.com\/dk\/\"},{\"@type\":\"ListItem\",\"position\":2,\"name\":\"Produkter\",\"item\":\"https:\/\/actiproct.com\/dk\/produkter\/\"},{\"@type\":\"ListItem\",\"position\":3,\"name\":\"ActiProct Gel\"}]},{\"@type\":\"WebSite\",\"@id\":\"https:\/\/actiproct.com\/dk\/#website\",\"url\":\"https:\/\/actiproct.com\/dk\/\",\"name\":\"ActiProct\",\"description\":\"\",\"publisher\":{\"@id\":\"https:\/\/actiproct.com\/dk\/#organization\"},\"potentialAction\":[{\"@type\":\"SearchAction\",\"target\":{\"@type\":\"EntryPoint\",\"urlTemplate\":\"https:\/\/actiproct.com\/dk\/?s={search_term_string}\"},\"query-input\":{\"@type\":\"PropertyValueSpecification\",\"valueRequired\":true,\"valueName\":\"search_term_string\"}}],\"inLanguage\":\"da-DK\"},{\"@type\":\"Organization\",\"@id\":\"https:\/\/actiproct.com\/dk\/#organization\",\"name\":\"ActiProct\",\"url\":\"https:\/\/actiproct.com\/dk\/\",\"logo\":{\"@type\":\"ImageObject\",\"inLanguage\":\"da-DK\",\"@id\":\"https:\/\/actiproct.com\/dk\/#\/schema\/logo\/image\/\",\"url\":\"https:\/\/actiproct.com\/app\/uploads\/sites\/8\/2025\/08\/Actiproct-logo.png\",\"contentUrl\":\"https:\/\/actiproct.com\/app\/uploads\/sites\/8\/2025\/08\/Actiproct-logo.png\",\"width\":233,\"height\":101,\"caption\":\"ActiProct\"},\"image\":{\"@id\":\"https:\/\/actiproct.com\/dk\/#\/schema\/logo\/image\/\"}}]}<\/script>\n<!-- \/ Yoast SEO plugin. -->","yoast_head_json":{"title":"ActiProct Gel - ActiProct","description":"ActiProct Gel er m\u00e5lrettet lindring af ubehag for\u00e5rsaget af h\u00e6morider i grad I og II. Det er klinisk bevist, at det effektivt reducerer kl\u00f8e, irritation, smerter, bet\u00e6ndelse og br\u00e6ndende fornemmelse.","robots":{"index":"index","follow":"follow","max-snippet":"max-snippet:-1","max-image-preview":"max-image-preview:large","max-video-preview":"max-video-preview:-1"},"canonical":"https:\/\/actiproct.com\/dk\/product\/actiproct-gel\/","og_locale":"da_DK","og_type":"article","og_title":"ActiProct Gel - ActiProct","og_description":"ActiProct Gel er m\u00e5lrettet lindring af ubehag for\u00e5rsaget af h\u00e6morider i grad I og II. Det er klinisk bevist, at det effektivt reducerer kl\u00f8e, irritation, smerter, bet\u00e6ndelse og br\u00e6ndende fornemmelse.","og_url":"https:\/\/actiproct.com\/dk\/product\/actiproct-gel\/","og_site_name":"ActiProct","article_modified_time":"2026-01-30T14:54:46+00:00","og_image":[{"width":494,"height":494,"url":"https:\/\/actiproct.com\/app\/uploads\/sites\/8\/2025\/08\/actiproct-gel.png","type":"image\/png"}],"twitter_card":"summary_large_image","twitter_misc":{"Estimeret l\u00e6setid":"1 minut"},"schema":{"@context":"https:\/\/schema.org","@graph":[{"@type":"WebPage","@id":"https:\/\/actiproct.com\/dk\/product\/actiproct-gel\/","url":"https:\/\/actiproct.com\/dk\/product\/actiproct-gel\/","name":"ActiProct Gel - ActiProct","isPartOf":{"@id":"https:\/\/actiproct.com\/dk\/#website"},"primaryImageOfPage":{"@id":"https:\/\/actiproct.com\/dk\/product\/actiproct-gel\/#primaryimage"},"image":{"@id":"https:\/\/actiproct.com\/dk\/product\/actiproct-gel\/#primaryimage"},"thumbnailUrl":"https:\/\/actiproct.com\/app\/uploads\/sites\/8\/2025\/08\/actiproct-gel.png","datePublished":"2025-08-29T12:22:13+00:00","dateModified":"2026-01-30T14:54:46+00:00","description":"ActiProct Gel er m\u00e5lrettet lindring af ubehag for\u00e5rsaget af h\u00e6morider i grad I og II. Det er klinisk bevist, at det effektivt reducerer kl\u00f8e, irritation, smerter, bet\u00e6ndelse og br\u00e6ndende fornemmelse.","breadcrumb":{"@id":"https:\/\/actiproct.com\/dk\/product\/actiproct-gel\/#breadcrumb"},"inLanguage":"da-DK","potentialAction":[{"@type":"ReadAction","target":["https:\/\/actiproct.com\/dk\/product\/actiproct-gel\/"]}]},{"@type":"ImageObject","inLanguage":"da-DK","@id":"https:\/\/actiproct.com\/dk\/product\/actiproct-gel\/#primaryimage","url":"https:\/\/actiproct.com\/app\/uploads\/sites\/8\/2025\/08\/actiproct-gel.png","contentUrl":"https:\/\/actiproct.com\/app\/uploads\/sites\/8\/2025\/08\/actiproct-gel.png","width":494,"height":494,"caption":"actiproct-gel"},{"@type":"BreadcrumbList","@id":"https:\/\/actiproct.com\/dk\/product\/actiproct-gel\/#breadcrumb","itemListElement":[{"@type":"ListItem","position":1,"name":"Home","item":"https:\/\/actiproct.com\/dk\/"},{"@type":"ListItem","position":2,"name":"Produkter","item":"https:\/\/actiproct.com\/dk\/produkter\/"},{"@type":"ListItem","position":3,"name":"ActiProct Gel"}]},{"@type":"WebSite","@id":"https:\/\/actiproct.com\/dk\/#website","url":"https:\/\/actiproct.com\/dk\/","name":"ActiProct","description":"","publisher":{"@id":"https:\/\/actiproct.com\/dk\/#organization"},"potentialAction":[{"@type":"SearchAction","target":{"@type":"EntryPoint","urlTemplate":"https:\/\/actiproct.com\/dk\/?s={search_term_string}"},"query-input":{"@type":"PropertyValueSpecification","valueRequired":true,"valueName":"search_term_string"}}],"inLanguage":"da-DK"},{"@type":"Organization","@id":"https:\/\/actiproct.com\/dk\/#organization","name":"ActiProct","url":"https:\/\/actiproct.com\/dk\/","logo":{"@type":"ImageObject","inLanguage":"da-DK","@id":"https:\/\/actiproct.com\/dk\/#\/schema\/logo\/image\/","url":"https:\/\/actiproct.com\/app\/uploads\/sites\/8\/2025\/08\/Actiproct-logo.png","contentUrl":"https:\/\/actiproct.com\/app\/uploads\/sites\/8\/2025\/08\/Actiproct-logo.png","width":233,"height":101,"caption":"ActiProct"},"image":{"@id":"https:\/\/actiproct.com\/dk\/#\/schema\/logo\/image\/"}}]}},"_links":{"self":[{"href":"https:\/\/actiproct.com\/dk\/wp-json\/wp\/v2\/product\/115","targetHints":{"allow":["GET"]}}],"collection":[{"href":"https:\/\/actiproct.com\/dk\/wp-json\/wp\/v2\/product"}],"about":[{"href":"https:\/\/actiproct.com\/dk\/wp-json\/wp\/v2\/types\/product"}],"replies":[{"embeddable":true,"href":"https:\/\/actiproct.com\/dk\/wp-json\/wp\/v2\/comments?post=115"}],"version-history":[{"count":10,"href":"https:\/\/actiproct.com\/dk\/wp-json\/wp\/v2\/product\/115\/revisions"}],"predecessor-version":[{"id":251,"href":"https:\/\/actiproct.com\/dk\/wp-json\/wp\/v2\/product\/115\/revisions\/251"}],"wp:featuredmedia":[{"embeddable":true,"href":"https:\/\/actiproct.com\/dk\/wp-json\/wp\/v2\/media\/117"}],"wp:attachment":[{"href":"https:\/\/actiproct.com\/dk\/wp-json\/wp\/v2\/media?parent=115"}],"wp:term":[{"taxonomy":"product_brand","embeddable":true,"href":"https:\/\/actiproct.com\/dk\/wp-json\/wp\/v2\/product_brand?post=115"},{"taxonomy":"product_cat","embeddable":true,"href":"https:\/\/actiproct.com\/dk\/wp-json\/wp\/v2\/product_cat?post=115"},{"taxonomy":"product_tag","embeddable":true,"href":"https:\/\/actiproct.com\/dk\/wp-json\/wp\/v2\/product_tag?post=115"}],"curies":[{"name":"wp","href":"https:\/\/api.w.org\/{rel}","templated":true}]}}