{"id":81,"date":"2026-03-02T16:11:43","date_gmt":"2026-03-02T14:11:43","guid":{"rendered":"https:\/\/actiproct.com\/fi\/?post_type=product&#038;p=81"},"modified":"2026-03-23T15:30:31","modified_gmt":"2026-03-23T13:30:31","slug":"actiproct-geeli-30-g","status":"publish","type":"product","link":"https:\/\/actiproct.com\/fi\/tuote\/actiproct-geeli-30-g\/","title":{"rendered":"ActiProct Geeli"},"content":{"rendered":"\n<div class=\"wp-block-karopharma-accordions is-style-primary\"><div class=\"container\">\n<details class=\"wp-block-karopharma-accordion\"><summary><h2 class=\"accordion-title\">K\u00e4ytt\u00f6ohjeet<\/h2><\/summary><div class=\"accordion-content\">\n<p>Annostele hoidettavalle alueelle runsaasti geeli\u00e4 ulostamisen j\u00e4lkeen v\u00e4hint\u00e4\u00e4n kahdesti vuorokaudessa kahden viikon ajan tai tarpeen mukaan.<\/p>\n\n\n\n<ul class=\"wp-block-list is-style-icon\">\n<li><strong>Ulkoiset per\u00e4aukon vaivat<\/strong>: Peset k\u00e4det ennen tuotteen k\u00e4ytt\u00f6\u00e4 ja k\u00e4yt\u00f6n j\u00e4lkeen. Annostele pieni m\u00e4\u00e4r\u00e4 ActiProct\u00ae-geeli\u00e4 sormelle ja levit\u00e4 per\u00e4aukon ymp\u00e4rist\u00f6\u00f6n. Sulje tuubi tiukasti k\u00e4yt\u00f6n j\u00e4lkeen, jotta geeli ei kuivu.<\/li>\n\n\n\n<li><strong>Sis\u00e4iset per\u00e4aukon vaivat<\/strong>: Annostele tuotetta asettimella, joka on mukana pakkauksessa. Puhdista asetin k\u00e4yt\u00f6n j\u00e4lkeen l\u00e4mpim\u00e4ll\u00e4 vedell\u00e4 ja kiinnit\u00e4 suojakorkki. Sulje tuubi tiukasti k\u00e4yt\u00f6n j\u00e4lkeen, jotta geeli ei kuivu.<\/li>\n<\/ul>\n<\/div><\/details>\n<\/div><\/div>\n\n\n\n<div class=\"wp-block-karopharma-free-text pt-medium pb-small bg-center bg-cover bg-no-repeat  is-style-transparent\" style=\"background-image:url()\"><div class=\"free-text-wrapper container max-w-medium text-center\">\n<figure class=\"wp-block-image aligncenter size-full\"><img loading=\"lazy\" decoding=\"async\" width=\"398\" height=\"77\" src=\"https:\/\/actiproct.com\/app\/uploads\/sites\/10\/2026\/03\/5-tavalla.png\" alt=\"5-tavalla\" class=\"wp-image-133\" srcset=\"https:\/\/actiproct.com\/app\/uploads\/sites\/10\/2026\/03\/5-tavalla.png 398w, https:\/\/actiproct.com\/app\/uploads\/sites\/10\/2026\/03\/5-tavalla-320x62.png 320w\" sizes=\"auto, (max-width: 398px) 100vw, 398px\" \/><\/figure>\n<\/div><\/div>\n\n\n\n<div class=\"wp-block-karopharma-several-images-with-text several-images-with-text is-style-transparent\"><div class=\"container large col-1 content-align-center\" test-data=\"inner-content\">\n<section class=\"wp-block-karopharma-image-with-text image-with-text image-with-text__full-width\"><div class=\"image-with-text-container \"><div class=\"image-with-text-container-image-container\"><img decoding=\"async\" loading=\"lazy\" src=\"https:\/\/actiproct.com\/cdn-cgi\/image\/format=auto\/app\/uploads\/sites\/9\/2025\/09\/sooting-300x240-1.png\" alt=\"sooting\"\/><\/div><div class=\"image-with-text-container-content\" style=\"text-align:left\" data-test=\"content\"><div class=\"content\"><h2><mark style=\"background-color:rgba(0, 0, 0, 0)\" class=\"has-inline-color has-primary-color\">Rauhoittava<\/mark><\/h2><p class=\"body\" data-test=\"body\">Aloe veralla rikastettu ActiProct-geeli rauhoittaa hoidettavaa aluetta, lievitt\u00e4\u00e4 kutinaa ja \u00e4rsytyst\u00e4 ja tarjoaa viilent\u00e4v\u00e4n, v\u00e4litt\u00f6m\u00e4n helpotuksen.<\/p>\n<div class=\"wp-block-buttons is-layout-flex wp-block-buttons-is-layout-flex\"><\/div>\n<\/div><\/div><\/div><\/section>\n\n\n\n<section class=\"wp-block-karopharma-image-with-text image-with-text image-with-text__full-width\"><div class=\"image-with-text-container \"><div class=\"image-with-text-container-image-container\"><img decoding=\"async\" loading=\"lazy\" src=\"https:\/\/actiproct.com\/cdn-cgi\/image\/format=auto\/app\/uploads\/sites\/9\/2025\/09\/treating-300x240-1.png\" alt=\"treating\"\/><\/div><div class=\"image-with-text-container-content\" style=\"text-align:left\" data-test=\"content\"><div class=\"content\"><h2><mark style=\"background-color:rgba(0, 0, 0, 0)\" class=\"has-inline-color has-primary-color\">Hoitava<\/mark><\/h2><p class=\"body\" data-test=\"body\">V\u00e4hent\u00e4\u00e4 tulehdusta ja lievitt\u00e4\u00e4 kipua ja kirvely\u00e4.<\/p>\n<div class=\"wp-block-buttons is-layout-flex wp-block-buttons-is-layout-flex\"><\/div>\n<\/div><\/div><\/div><\/section>\n\n\n\n<section class=\"wp-block-karopharma-image-with-text image-with-text image-with-text__full-width\"><div class=\"image-with-text-container \"><div class=\"image-with-text-container-image-container\"><img decoding=\"async\" loading=\"lazy\" src=\"https:\/\/actiproct.com\/cdn-cgi\/image\/format=auto\/app\/uploads\/sites\/9\/2025\/09\/icon-lubricating-300x240-1.png\" alt=\"Lubricating\"\/><\/div><div class=\"image-with-text-container-content\" style=\"text-align:left\" data-test=\"content\"><div class=\"content\"><h2><mark style=\"background-color:rgba(0, 0, 0, 0)\" class=\"has-inline-color has-primary-color\">Voiteleva<\/mark><\/h2><p class=\"body\" data-test=\"body\">Geelin voiteleva vaikutus varmistaa pitk\u00e4kestoisen mukavuuden ja helpottaa wc-k\u00e4yntej\u00e4 tahraamatta alusvaatteita.<\/p>\n<div class=\"wp-block-buttons is-layout-flex wp-block-buttons-is-layout-flex\"><\/div>\n<\/div><\/div><\/div><\/section>\n\n\n\n<section class=\"wp-block-karopharma-image-with-text image-with-text image-with-text__full-width\"><div class=\"image-with-text-container \"><div class=\"image-with-text-container-image-container\"><img decoding=\"async\" loading=\"lazy\" src=\"https:\/\/actiproct.com\/cdn-cgi\/image\/format=auto\/app\/uploads\/sites\/9\/2025\/09\/icon-protecting-300x240-1.png\" alt=\"Protecting\"\/><\/div><div class=\"image-with-text-container-content\" style=\"text-align:left\" data-test=\"content\"><div class=\"content\"><h2><mark style=\"background-color:rgba(0, 0, 0, 0)\" class=\"has-inline-color has-primary-color\">Suojaava<\/mark><\/h2><p class=\"body\" data-test=\"body\">Kosteuttavat ominaisuudet auttavat v\u00e4hent\u00e4m\u00e4\u00e4n \u00e4rsytyst\u00e4 ja suojaamaan hoidettavaa aluetta edist\u00e4en luonnollista paranemista.<\/p>\n<div class=\"wp-block-buttons is-layout-flex wp-block-buttons-is-layout-flex\"><\/div>\n<\/div><\/div><\/div><\/section>\n\n\n\n<section class=\"wp-block-karopharma-image-with-text image-with-text image-with-text__full-width\"><div class=\"image-with-text-container \"><div class=\"image-with-text-container-image-container\"><img decoding=\"async\" loading=\"lazy\" src=\"https:\/\/actiproct.com\/cdn-cgi\/image\/format=auto\/app\/uploads\/sites\/9\/2025\/09\/icon-pain-300x240-1.png\" alt=\"Cooling\"\/><\/div><div class=\"image-with-text-container-content\" style=\"text-align:left\" data-test=\"content\"><div class=\"content\"><h2><mark style=\"background-color:rgba(0, 0, 0, 0)\" class=\"has-inline-color has-primary-color\">Viilent\u00e4v\u00e4<\/mark><\/h2><p class=\"body\" data-test=\"body\">Geeli viilent\u00e4\u00e4 v\u00e4litt\u00f6m\u00e4sti ja lievitt\u00e4\u00e4 kutinaa, kipua ja yleist\u00e4 ep\u00e4mukavuutta.<\/p>\n<div class=\"wp-block-buttons is-layout-flex wp-block-buttons-is-layout-flex\"><\/div>\n<\/div><\/div><\/div><\/section>\n<\/div><\/div>\n","protected":false},"excerpt":{"rendered":"<p>Lievitt\u00e4\u00e4 per\u00e4pukamavaivoja v\u00e4litt\u00f6m\u00e4sti*<br \/>CE-merkitty (0481) l\u00e4\u00e4kinn\u00e4llinen laite. Valmistaja: You Medical B.V.<\/p>\n","protected":false},"featured_media":91,"comment_status":"open","ping_status":"closed","template":"","meta":{"_acf_changed":false,"footnotes":""},"product_brand":[],"product_cat":[16],"product_tag":[],"class_list":{"0":"post-81","1":"product","2":"type-product","3":"status-publish","4":"has-post-thumbnail","6":"product_cat-uncategorized","8":"first","9":"instock","10":"shipping-taxable","11":"product-type-simple"},"acf":[],"yoast_head":"<!-- This site is optimized with the Yoast SEO plugin v26.6 - https:\/\/yoast.com\/wordpress\/plugins\/seo\/ -->\n<title>ActiProct Geeli - ActiProct<\/title>\n<meta name=\"description\" content=\"ActiProct-geelill\u00e4 on kliinisesti todistettu per\u00e4pukamavaivoja lievitt\u00e4v\u00e4 vaikutus. Geelin on osoitettu v\u00e4hent\u00e4v\u00e4n tehokkaasti kutinaa, \u00e4rsytyst\u00e4, kipua, tulehdusta ja kirvely\u00e4.\" \/>\n<meta name=\"robots\" content=\"index, follow, max-snippet:-1, max-image-preview:large, max-video-preview:-1\" \/>\n<link rel=\"canonical\" href=\"https:\/\/actiproct.com\/fi\/tuote\/actiproct-geeli-30-g\/\" \/>\n<meta property=\"og:locale\" content=\"fi_FI\" \/>\n<meta property=\"og:type\" content=\"article\" \/>\n<meta property=\"og:title\" content=\"ActiProct Geeli - ActiProct\" \/>\n<meta property=\"og:description\" content=\"ActiProct-geelill\u00e4 on kliinisesti todistettu per\u00e4pukamavaivoja lievitt\u00e4v\u00e4 vaikutus. Geelin on osoitettu v\u00e4hent\u00e4v\u00e4n tehokkaasti kutinaa, \u00e4rsytyst\u00e4, kipua, tulehdusta ja kirvely\u00e4.\" \/>\n<meta property=\"og:url\" content=\"https:\/\/actiproct.com\/fi\/tuote\/actiproct-geeli-30-g\/\" \/>\n<meta property=\"og:site_name\" content=\"ActiProct\" \/>\n<meta property=\"article:modified_time\" content=\"2026-03-23T13:30:31+00:00\" \/>\n<meta property=\"og:image\" content=\"https:\/\/actiproct.com\/app\/uploads\/sites\/10\/2026\/03\/actiproct-gel.png\" \/>\n\t<meta property=\"og:image:width\" content=\"494\" \/>\n\t<meta property=\"og:image:height\" content=\"494\" \/>\n\t<meta property=\"og:image:type\" content=\"image\/png\" \/>\n<meta name=\"twitter:card\" content=\"summary_large_image\" \/>\n<meta name=\"twitter:label1\" content=\"Est. reading time\" \/>\n\t<meta name=\"twitter:data1\" content=\"2 minutes\" \/>\n<script type=\"application\/ld+json\" class=\"yoast-schema-graph\">{\"@context\":\"https:\/\/schema.org\",\"@graph\":[{\"@type\":\"WebPage\",\"@id\":\"https:\/\/actiproct.com\/fi\/tuote\/actiproct-geeli-30-g\/\",\"url\":\"https:\/\/actiproct.com\/fi\/tuote\/actiproct-geeli-30-g\/\",\"name\":\"ActiProct Geeli - ActiProct\",\"isPartOf\":{\"@id\":\"https:\/\/actiproct.com\/fi\/#website\"},\"primaryImageOfPage\":{\"@id\":\"https:\/\/actiproct.com\/fi\/tuote\/actiproct-geeli-30-g\/#primaryimage\"},\"image\":{\"@id\":\"https:\/\/actiproct.com\/fi\/tuote\/actiproct-geeli-30-g\/#primaryimage\"},\"thumbnailUrl\":\"https:\/\/actiproct.com\/app\/uploads\/sites\/10\/2026\/03\/actiproct-gel.png\",\"datePublished\":\"2026-03-02T14:11:43+00:00\",\"dateModified\":\"2026-03-23T13:30:31+00:00\",\"description\":\"ActiProct-geelill\u00e4 on kliinisesti todistettu per\u00e4pukamavaivoja lievitt\u00e4v\u00e4 vaikutus. Geelin on osoitettu v\u00e4hent\u00e4v\u00e4n tehokkaasti kutinaa, \u00e4rsytyst\u00e4, kipua, tulehdusta ja kirvely\u00e4.\",\"breadcrumb\":{\"@id\":\"https:\/\/actiproct.com\/fi\/tuote\/actiproct-geeli-30-g\/#breadcrumb\"},\"inLanguage\":\"fi-FI\",\"potentialAction\":[{\"@type\":\"ReadAction\",\"target\":[\"https:\/\/actiproct.com\/fi\/tuote\/actiproct-geeli-30-g\/\"]}]},{\"@type\":\"ImageObject\",\"inLanguage\":\"fi-FI\",\"@id\":\"https:\/\/actiproct.com\/fi\/tuote\/actiproct-geeli-30-g\/#primaryimage\",\"url\":\"https:\/\/actiproct.com\/app\/uploads\/sites\/10\/2026\/03\/actiproct-gel.png\",\"contentUrl\":\"https:\/\/actiproct.com\/app\/uploads\/sites\/10\/2026\/03\/actiproct-gel.png\",\"width\":494,\"height\":494,\"caption\":\"actiproct-gel\"},{\"@type\":\"BreadcrumbList\",\"@id\":\"https:\/\/actiproct.com\/fi\/tuote\/actiproct-geeli-30-g\/#breadcrumb\",\"itemListElement\":[{\"@type\":\"ListItem\",\"position\":1,\"name\":\"Home\",\"item\":\"https:\/\/actiproct.com\/fi\/\"},{\"@type\":\"ListItem\",\"position\":2,\"name\":\"Tuotteet\",\"item\":\"https:\/\/actiproct.com\/fi\/tuotteet\/\"},{\"@type\":\"ListItem\",\"position\":3,\"name\":\"ActiProct Geeli\"}]},{\"@type\":\"WebSite\",\"@id\":\"https:\/\/actiproct.com\/fi\/#website\",\"url\":\"https:\/\/actiproct.com\/fi\/\",\"name\":\"ActiProct\",\"description\":\"\",\"publisher\":{\"@id\":\"https:\/\/actiproct.com\/fi\/#organization\"},\"potentialAction\":[{\"@type\":\"SearchAction\",\"target\":{\"@type\":\"EntryPoint\",\"urlTemplate\":\"https:\/\/actiproct.com\/fi\/?s={search_term_string}\"},\"query-input\":{\"@type\":\"PropertyValueSpecification\",\"valueRequired\":true,\"valueName\":\"search_term_string\"}}],\"inLanguage\":\"fi-FI\"},{\"@type\":\"Organization\",\"@id\":\"https:\/\/actiproct.com\/fi\/#organization\",\"name\":\"ActiProct\",\"url\":\"https:\/\/actiproct.com\/fi\/\",\"logo\":{\"@type\":\"ImageObject\",\"inLanguage\":\"fi-FI\",\"@id\":\"https:\/\/actiproct.com\/fi\/#\/schema\/logo\/image\/\",\"url\":\"https:\/\/actiproct.com\/app\/uploads\/sites\/10\/2026\/03\/Actiproct-logo.png\",\"contentUrl\":\"https:\/\/actiproct.com\/app\/uploads\/sites\/10\/2026\/03\/Actiproct-logo.png\",\"width\":233,\"height\":101,\"caption\":\"ActiProct\"},\"image\":{\"@id\":\"https:\/\/actiproct.com\/fi\/#\/schema\/logo\/image\/\"}}]}<\/script>\n<!-- \/ Yoast SEO plugin. -->","yoast_head_json":{"title":"ActiProct Geeli - ActiProct","description":"ActiProct-geelill\u00e4 on kliinisesti todistettu per\u00e4pukamavaivoja lievitt\u00e4v\u00e4 vaikutus. Geelin on osoitettu v\u00e4hent\u00e4v\u00e4n tehokkaasti kutinaa, \u00e4rsytyst\u00e4, kipua, tulehdusta ja kirvely\u00e4.","robots":{"index":"index","follow":"follow","max-snippet":"max-snippet:-1","max-image-preview":"max-image-preview:large","max-video-preview":"max-video-preview:-1"},"canonical":"https:\/\/actiproct.com\/fi\/tuote\/actiproct-geeli-30-g\/","og_locale":"fi_FI","og_type":"article","og_title":"ActiProct Geeli - ActiProct","og_description":"ActiProct-geelill\u00e4 on kliinisesti todistettu per\u00e4pukamavaivoja lievitt\u00e4v\u00e4 vaikutus. Geelin on osoitettu v\u00e4hent\u00e4v\u00e4n tehokkaasti kutinaa, \u00e4rsytyst\u00e4, kipua, tulehdusta ja kirvely\u00e4.","og_url":"https:\/\/actiproct.com\/fi\/tuote\/actiproct-geeli-30-g\/","og_site_name":"ActiProct","article_modified_time":"2026-03-23T13:30:31+00:00","og_image":[{"width":494,"height":494,"url":"https:\/\/actiproct.com\/app\/uploads\/sites\/10\/2026\/03\/actiproct-gel.png","type":"image\/png"}],"twitter_card":"summary_large_image","twitter_misc":{"Est. reading time":"2 minutes"},"schema":{"@context":"https:\/\/schema.org","@graph":[{"@type":"WebPage","@id":"https:\/\/actiproct.com\/fi\/tuote\/actiproct-geeli-30-g\/","url":"https:\/\/actiproct.com\/fi\/tuote\/actiproct-geeli-30-g\/","name":"ActiProct Geeli - ActiProct","isPartOf":{"@id":"https:\/\/actiproct.com\/fi\/#website"},"primaryImageOfPage":{"@id":"https:\/\/actiproct.com\/fi\/tuote\/actiproct-geeli-30-g\/#primaryimage"},"image":{"@id":"https:\/\/actiproct.com\/fi\/tuote\/actiproct-geeli-30-g\/#primaryimage"},"thumbnailUrl":"https:\/\/actiproct.com\/app\/uploads\/sites\/10\/2026\/03\/actiproct-gel.png","datePublished":"2026-03-02T14:11:43+00:00","dateModified":"2026-03-23T13:30:31+00:00","description":"ActiProct-geelill\u00e4 on kliinisesti todistettu per\u00e4pukamavaivoja lievitt\u00e4v\u00e4 vaikutus. Geelin on osoitettu v\u00e4hent\u00e4v\u00e4n tehokkaasti kutinaa, \u00e4rsytyst\u00e4, kipua, tulehdusta ja kirvely\u00e4.","breadcrumb":{"@id":"https:\/\/actiproct.com\/fi\/tuote\/actiproct-geeli-30-g\/#breadcrumb"},"inLanguage":"fi-FI","potentialAction":[{"@type":"ReadAction","target":["https:\/\/actiproct.com\/fi\/tuote\/actiproct-geeli-30-g\/"]}]},{"@type":"ImageObject","inLanguage":"fi-FI","@id":"https:\/\/actiproct.com\/fi\/tuote\/actiproct-geeli-30-g\/#primaryimage","url":"https:\/\/actiproct.com\/app\/uploads\/sites\/10\/2026\/03\/actiproct-gel.png","contentUrl":"https:\/\/actiproct.com\/app\/uploads\/sites\/10\/2026\/03\/actiproct-gel.png","width":494,"height":494,"caption":"actiproct-gel"},{"@type":"BreadcrumbList","@id":"https:\/\/actiproct.com\/fi\/tuote\/actiproct-geeli-30-g\/#breadcrumb","itemListElement":[{"@type":"ListItem","position":1,"name":"Home","item":"https:\/\/actiproct.com\/fi\/"},{"@type":"ListItem","position":2,"name":"Tuotteet","item":"https:\/\/actiproct.com\/fi\/tuotteet\/"},{"@type":"ListItem","position":3,"name":"ActiProct Geeli"}]},{"@type":"WebSite","@id":"https:\/\/actiproct.com\/fi\/#website","url":"https:\/\/actiproct.com\/fi\/","name":"ActiProct","description":"","publisher":{"@id":"https:\/\/actiproct.com\/fi\/#organization"},"potentialAction":[{"@type":"SearchAction","target":{"@type":"EntryPoint","urlTemplate":"https:\/\/actiproct.com\/fi\/?s={search_term_string}"},"query-input":{"@type":"PropertyValueSpecification","valueRequired":true,"valueName":"search_term_string"}}],"inLanguage":"fi-FI"},{"@type":"Organization","@id":"https:\/\/actiproct.com\/fi\/#organization","name":"ActiProct","url":"https:\/\/actiproct.com\/fi\/","logo":{"@type":"ImageObject","inLanguage":"fi-FI","@id":"https:\/\/actiproct.com\/fi\/#\/schema\/logo\/image\/","url":"https:\/\/actiproct.com\/app\/uploads\/sites\/10\/2026\/03\/Actiproct-logo.png","contentUrl":"https:\/\/actiproct.com\/app\/uploads\/sites\/10\/2026\/03\/Actiproct-logo.png","width":233,"height":101,"caption":"ActiProct"},"image":{"@id":"https:\/\/actiproct.com\/fi\/#\/schema\/logo\/image\/"}}]}},"_links":{"self":[{"href":"https:\/\/actiproct.com\/fi\/wp-json\/wp\/v2\/product\/81","targetHints":{"allow":["GET"]}}],"collection":[{"href":"https:\/\/actiproct.com\/fi\/wp-json\/wp\/v2\/product"}],"about":[{"href":"https:\/\/actiproct.com\/fi\/wp-json\/wp\/v2\/types\/product"}],"replies":[{"embeddable":true,"href":"https:\/\/actiproct.com\/fi\/wp-json\/wp\/v2\/comments?post=81"}],"version-history":[{"count":10,"href":"https:\/\/actiproct.com\/fi\/wp-json\/wp\/v2\/product\/81\/revisions"}],"predecessor-version":[{"id":215,"href":"https:\/\/actiproct.com\/fi\/wp-json\/wp\/v2\/product\/81\/revisions\/215"}],"wp:featuredmedia":[{"embeddable":true,"href":"https:\/\/actiproct.com\/fi\/wp-json\/wp\/v2\/media\/91"}],"wp:attachment":[{"href":"https:\/\/actiproct.com\/fi\/wp-json\/wp\/v2\/media?parent=81"}],"wp:term":[{"taxonomy":"product_brand","embeddable":true,"href":"https:\/\/actiproct.com\/fi\/wp-json\/wp\/v2\/product_brand?post=81"},{"taxonomy":"product_cat","embeddable":true,"href":"https:\/\/actiproct.com\/fi\/wp-json\/wp\/v2\/product_cat?post=81"},{"taxonomy":"product_tag","embeddable":true,"href":"https:\/\/actiproct.com\/fi\/wp-json\/wp\/v2\/product_tag?post=81"}],"curies":[{"name":"wp","href":"https:\/\/api.w.org\/{rel}","templated":true}]}}