{"id":88,"date":"2026-03-02T16:13:14","date_gmt":"2026-03-02T14:13:14","guid":{"rendered":"https:\/\/actiproct.com\/fi\/?post_type=product&#038;p=88"},"modified":"2026-04-16T10:53:05","modified_gmt":"2026-04-16T07:53:05","slug":"actiproct-cooling-mousse","status":"publish","type":"product","link":"https:\/\/actiproct.com\/fi\/tuote\/actiproct-cooling-mousse\/","title":{"rendered":"ActiProct Cooling Mousse"},"content":{"rendered":"\n<div class=\"wp-block-karopharma-accordions is-style-primary\"><div class=\"container\">\n<details class=\"wp-block-karopharma-accordion\"><summary><h2 class=\"accordion-title\">K\u00e4ytt\u00f6ohjeet<\/h2><\/summary><div class=\"accordion-content\">\n<ul class=\"wp-block-list is-style-icon\">\n<li>Ravista pulloa 1\u20132 kertaa.<\/li>\n\n\n\n<li>Purista vaahtoa wc-paperille, vanulapulle tai k\u00e4mmenelle.<\/li>\n\n\n\n<li>Levit\u00e4 vaahto varovasti \u00e4rtyneelle intiimialueelle \u2013 \u00e4l\u00e4 hiero.<\/li>\n\n\n\n<li>Paremman viilent\u00e4v\u00e4n vaikutuksen saamiseksi, s\u00e4ilyt\u00e4 vaahto j\u00e4\u00e4kaapissa.<\/li>\n<\/ul>\n\n\n\n<p>Anna vaahdon imeyty\u00e4 muutaman minuutin ajan, huuhtelua ei tarvita. Levit\u00e4 vaahto 2\u20133 kertaa p\u00e4iv\u00e4ss\u00e4 tai niin usein kuin on tarpeen lievitt\u00e4\u00e4ksesi per\u00e4aukon alueen ep\u00e4mukavuutta<\/p>\n<\/div><\/details>\n<\/div><\/div>\n","protected":false},"excerpt":{"rendered":"<p>Ulkoiselle per\u00e4aukon alueelle<br \/>Kosmeettinen valmiste.<\/p>\n","protected":false},"featured_media":223,"comment_status":"closed","ping_status":"closed","template":"","meta":{"_acf_changed":false,"footnotes":""},"product_brand":[],"product_cat":[],"product_tag":[],"class_list":{"0":"post-88","1":"product","2":"type-product","3":"status-publish","4":"has-post-thumbnail","7":"first","8":"instock","9":"shipping-taxable","10":"product-type-simple"},"acf":[],"yoast_head":"<!-- This site is optimized with the Yoast SEO plugin v26.6 - https:\/\/yoast.com\/wordpress\/plugins\/seo\/ -->\n<title>ActiProct Cooling Mousse - ActiProct<\/title>\n<meta name=\"description\" content=\"ActiProct Cooling Mousse on viilent\u00e4v\u00e4 ja rauhoittava vaahto, joka tuo nopeaa helpotusta ulkoisen per\u00e4aukon alueen \u00e4rsytykseen.\" \/>\n<meta name=\"robots\" content=\"index, follow, max-snippet:-1, max-image-preview:large, max-video-preview:-1\" \/>\n<link rel=\"canonical\" href=\"https:\/\/actiproct.com\/fi\/tuote\/actiproct-cooling-mousse\/\" \/>\n<meta property=\"og:locale\" content=\"fi_FI\" \/>\n<meta property=\"og:type\" content=\"article\" \/>\n<meta property=\"og:title\" content=\"ActiProct Cooling Mousse - ActiProct\" \/>\n<meta property=\"og:description\" content=\"ActiProct Cooling Mousse on viilent\u00e4v\u00e4 ja rauhoittava vaahto, joka tuo nopeaa helpotusta ulkoisen per\u00e4aukon alueen \u00e4rsytykseen.\" \/>\n<meta property=\"og:url\" content=\"https:\/\/actiproct.com\/fi\/tuote\/actiproct-cooling-mousse\/\" \/>\n<meta property=\"og:site_name\" content=\"ActiProct\" \/>\n<meta property=\"article:modified_time\" content=\"2026-04-16T07:53:05+00:00\" \/>\n<meta property=\"og:image\" content=\"https:\/\/actiproct.com\/app\/uploads\/sites\/10\/2026\/03\/ActiProct-Cooling-Mousse-1.png\" \/>\n\t<meta property=\"og:image:width\" content=\"494\" \/>\n\t<meta property=\"og:image:height\" content=\"494\" \/>\n\t<meta property=\"og:image:type\" content=\"image\/png\" \/>\n<meta name=\"twitter:card\" content=\"summary_large_image\" \/>\n<meta name=\"twitter:label1\" content=\"Est. reading time\" \/>\n\t<meta name=\"twitter:data1\" content=\"1 minute\" \/>\n<script type=\"application\/ld+json\" class=\"yoast-schema-graph\">{\"@context\":\"https:\/\/schema.org\",\"@graph\":[{\"@type\":\"WebPage\",\"@id\":\"https:\/\/actiproct.com\/fi\/tuote\/actiproct-cooling-mousse\/\",\"url\":\"https:\/\/actiproct.com\/fi\/tuote\/actiproct-cooling-mousse\/\",\"name\":\"ActiProct Cooling Mousse - ActiProct\",\"isPartOf\":{\"@id\":\"https:\/\/actiproct.com\/fi\/#website\"},\"primaryImageOfPage\":{\"@id\":\"https:\/\/actiproct.com\/fi\/tuote\/actiproct-cooling-mousse\/#primaryimage\"},\"image\":{\"@id\":\"https:\/\/actiproct.com\/fi\/tuote\/actiproct-cooling-mousse\/#primaryimage\"},\"thumbnailUrl\":\"https:\/\/actiproct.com\/app\/uploads\/sites\/10\/2026\/03\/ActiProct-Cooling-Mousse-1.png\",\"datePublished\":\"2026-03-02T14:13:14+00:00\",\"dateModified\":\"2026-04-16T07:53:05+00:00\",\"description\":\"ActiProct Cooling Mousse on viilent\u00e4v\u00e4 ja rauhoittava vaahto, joka tuo nopeaa helpotusta ulkoisen per\u00e4aukon alueen \u00e4rsytykseen.\",\"breadcrumb\":{\"@id\":\"https:\/\/actiproct.com\/fi\/tuote\/actiproct-cooling-mousse\/#breadcrumb\"},\"inLanguage\":\"fi-FI\",\"potentialAction\":[{\"@type\":\"ReadAction\",\"target\":[\"https:\/\/actiproct.com\/fi\/tuote\/actiproct-cooling-mousse\/\"]}]},{\"@type\":\"ImageObject\",\"inLanguage\":\"fi-FI\",\"@id\":\"https:\/\/actiproct.com\/fi\/tuote\/actiproct-cooling-mousse\/#primaryimage\",\"url\":\"https:\/\/actiproct.com\/app\/uploads\/sites\/10\/2026\/03\/ActiProct-Cooling-Mousse-1.png\",\"contentUrl\":\"https:\/\/actiproct.com\/app\/uploads\/sites\/10\/2026\/03\/ActiProct-Cooling-Mousse-1.png\",\"width\":494,\"height\":494,\"caption\":\"ActiProct-Cooling-Mousse\"},{\"@type\":\"BreadcrumbList\",\"@id\":\"https:\/\/actiproct.com\/fi\/tuote\/actiproct-cooling-mousse\/#breadcrumb\",\"itemListElement\":[{\"@type\":\"ListItem\",\"position\":1,\"name\":\"Home\",\"item\":\"https:\/\/actiproct.com\/fi\/\"},{\"@type\":\"ListItem\",\"position\":2,\"name\":\"Tuotteet\",\"item\":\"https:\/\/actiproct.com\/fi\/tuotteet\/\"},{\"@type\":\"ListItem\",\"position\":3,\"name\":\"ActiProct Cooling Mousse\"}]},{\"@type\":\"WebSite\",\"@id\":\"https:\/\/actiproct.com\/fi\/#website\",\"url\":\"https:\/\/actiproct.com\/fi\/\",\"name\":\"ActiProct\",\"description\":\"\",\"publisher\":{\"@id\":\"https:\/\/actiproct.com\/fi\/#organization\"},\"potentialAction\":[{\"@type\":\"SearchAction\",\"target\":{\"@type\":\"EntryPoint\",\"urlTemplate\":\"https:\/\/actiproct.com\/fi\/?s={search_term_string}\"},\"query-input\":{\"@type\":\"PropertyValueSpecification\",\"valueRequired\":true,\"valueName\":\"search_term_string\"}}],\"inLanguage\":\"fi-FI\"},{\"@type\":\"Organization\",\"@id\":\"https:\/\/actiproct.com\/fi\/#organization\",\"name\":\"ActiProct\",\"url\":\"https:\/\/actiproct.com\/fi\/\",\"logo\":{\"@type\":\"ImageObject\",\"inLanguage\":\"fi-FI\",\"@id\":\"https:\/\/actiproct.com\/fi\/#\/schema\/logo\/image\/\",\"url\":\"https:\/\/actiproct.com\/app\/uploads\/sites\/10\/2026\/03\/Actiproct-logo.png\",\"contentUrl\":\"https:\/\/actiproct.com\/app\/uploads\/sites\/10\/2026\/03\/Actiproct-logo.png\",\"width\":233,\"height\":101,\"caption\":\"ActiProct\"},\"image\":{\"@id\":\"https:\/\/actiproct.com\/fi\/#\/schema\/logo\/image\/\"}}]}<\/script>\n<!-- \/ Yoast SEO plugin. -->","yoast_head_json":{"title":"ActiProct Cooling Mousse - ActiProct","description":"ActiProct Cooling Mousse on viilent\u00e4v\u00e4 ja rauhoittava vaahto, joka tuo nopeaa helpotusta ulkoisen per\u00e4aukon alueen \u00e4rsytykseen.","robots":{"index":"index","follow":"follow","max-snippet":"max-snippet:-1","max-image-preview":"max-image-preview:large","max-video-preview":"max-video-preview:-1"},"canonical":"https:\/\/actiproct.com\/fi\/tuote\/actiproct-cooling-mousse\/","og_locale":"fi_FI","og_type":"article","og_title":"ActiProct Cooling Mousse - ActiProct","og_description":"ActiProct Cooling Mousse on viilent\u00e4v\u00e4 ja rauhoittava vaahto, joka tuo nopeaa helpotusta ulkoisen per\u00e4aukon alueen \u00e4rsytykseen.","og_url":"https:\/\/actiproct.com\/fi\/tuote\/actiproct-cooling-mousse\/","og_site_name":"ActiProct","article_modified_time":"2026-04-16T07:53:05+00:00","og_image":[{"width":494,"height":494,"url":"https:\/\/actiproct.com\/app\/uploads\/sites\/10\/2026\/03\/ActiProct-Cooling-Mousse-1.png","type":"image\/png"}],"twitter_card":"summary_large_image","twitter_misc":{"Est. reading time":"1 minute"},"schema":{"@context":"https:\/\/schema.org","@graph":[{"@type":"WebPage","@id":"https:\/\/actiproct.com\/fi\/tuote\/actiproct-cooling-mousse\/","url":"https:\/\/actiproct.com\/fi\/tuote\/actiproct-cooling-mousse\/","name":"ActiProct Cooling Mousse - ActiProct","isPartOf":{"@id":"https:\/\/actiproct.com\/fi\/#website"},"primaryImageOfPage":{"@id":"https:\/\/actiproct.com\/fi\/tuote\/actiproct-cooling-mousse\/#primaryimage"},"image":{"@id":"https:\/\/actiproct.com\/fi\/tuote\/actiproct-cooling-mousse\/#primaryimage"},"thumbnailUrl":"https:\/\/actiproct.com\/app\/uploads\/sites\/10\/2026\/03\/ActiProct-Cooling-Mousse-1.png","datePublished":"2026-03-02T14:13:14+00:00","dateModified":"2026-04-16T07:53:05+00:00","description":"ActiProct Cooling Mousse on viilent\u00e4v\u00e4 ja rauhoittava vaahto, joka tuo nopeaa helpotusta ulkoisen per\u00e4aukon alueen \u00e4rsytykseen.","breadcrumb":{"@id":"https:\/\/actiproct.com\/fi\/tuote\/actiproct-cooling-mousse\/#breadcrumb"},"inLanguage":"fi-FI","potentialAction":[{"@type":"ReadAction","target":["https:\/\/actiproct.com\/fi\/tuote\/actiproct-cooling-mousse\/"]}]},{"@type":"ImageObject","inLanguage":"fi-FI","@id":"https:\/\/actiproct.com\/fi\/tuote\/actiproct-cooling-mousse\/#primaryimage","url":"https:\/\/actiproct.com\/app\/uploads\/sites\/10\/2026\/03\/ActiProct-Cooling-Mousse-1.png","contentUrl":"https:\/\/actiproct.com\/app\/uploads\/sites\/10\/2026\/03\/ActiProct-Cooling-Mousse-1.png","width":494,"height":494,"caption":"ActiProct-Cooling-Mousse"},{"@type":"BreadcrumbList","@id":"https:\/\/actiproct.com\/fi\/tuote\/actiproct-cooling-mousse\/#breadcrumb","itemListElement":[{"@type":"ListItem","position":1,"name":"Home","item":"https:\/\/actiproct.com\/fi\/"},{"@type":"ListItem","position":2,"name":"Tuotteet","item":"https:\/\/actiproct.com\/fi\/tuotteet\/"},{"@type":"ListItem","position":3,"name":"ActiProct Cooling Mousse"}]},{"@type":"WebSite","@id":"https:\/\/actiproct.com\/fi\/#website","url":"https:\/\/actiproct.com\/fi\/","name":"ActiProct","description":"","publisher":{"@id":"https:\/\/actiproct.com\/fi\/#organization"},"potentialAction":[{"@type":"SearchAction","target":{"@type":"EntryPoint","urlTemplate":"https:\/\/actiproct.com\/fi\/?s={search_term_string}"},"query-input":{"@type":"PropertyValueSpecification","valueRequired":true,"valueName":"search_term_string"}}],"inLanguage":"fi-FI"},{"@type":"Organization","@id":"https:\/\/actiproct.com\/fi\/#organization","name":"ActiProct","url":"https:\/\/actiproct.com\/fi\/","logo":{"@type":"ImageObject","inLanguage":"fi-FI","@id":"https:\/\/actiproct.com\/fi\/#\/schema\/logo\/image\/","url":"https:\/\/actiproct.com\/app\/uploads\/sites\/10\/2026\/03\/Actiproct-logo.png","contentUrl":"https:\/\/actiproct.com\/app\/uploads\/sites\/10\/2026\/03\/Actiproct-logo.png","width":233,"height":101,"caption":"ActiProct"},"image":{"@id":"https:\/\/actiproct.com\/fi\/#\/schema\/logo\/image\/"}}]}},"_links":{"self":[{"href":"https:\/\/actiproct.com\/fi\/wp-json\/wp\/v2\/product\/88","targetHints":{"allow":["GET"]}}],"collection":[{"href":"https:\/\/actiproct.com\/fi\/wp-json\/wp\/v2\/product"}],"about":[{"href":"https:\/\/actiproct.com\/fi\/wp-json\/wp\/v2\/types\/product"}],"replies":[{"embeddable":true,"href":"https:\/\/actiproct.com\/fi\/wp-json\/wp\/v2\/comments?post=88"}],"version-history":[{"count":8,"href":"https:\/\/actiproct.com\/fi\/wp-json\/wp\/v2\/product\/88\/revisions"}],"predecessor-version":[{"id":211,"href":"https:\/\/actiproct.com\/fi\/wp-json\/wp\/v2\/product\/88\/revisions\/211"}],"wp:featuredmedia":[{"embeddable":true,"href":"https:\/\/actiproct.com\/fi\/wp-json\/wp\/v2\/media\/223"}],"wp:attachment":[{"href":"https:\/\/actiproct.com\/fi\/wp-json\/wp\/v2\/media?parent=88"}],"wp:term":[{"taxonomy":"product_brand","embeddable":true,"href":"https:\/\/actiproct.com\/fi\/wp-json\/wp\/v2\/product_brand?post=88"},{"taxonomy":"product_cat","embeddable":true,"href":"https:\/\/actiproct.com\/fi\/wp-json\/wp\/v2\/product_cat?post=88"},{"taxonomy":"product_tag","embeddable":true,"href":"https:\/\/actiproct.com\/fi\/wp-json\/wp\/v2\/product_tag?post=88"}],"curies":[{"name":"wp","href":"https:\/\/api.w.org\/{rel}","templated":true}]}}